{"id":203,"date":"2018-01-05T09:18:35","date_gmt":"2018-01-05T09:18:35","guid":{"rendered":"https:\/\/beta.mmm-vukelic.hr\/?page_id=203"},"modified":"2018-10-16T09:44:17","modified_gmt":"2018-10-16T09:44:17","slug":"holzzentrum","status":"publish","type":"page","link":"https:\/\/beta.mmm-vukelic.hr\/de\/holzzentrum\/","title":{"rendered":"Holzzentrum"},"content":{"rendered":"<p>Das <strong>Holzzentrum<\/strong> ist Ausstellungs und Verkaufsraum in Gesamtfl\u00e4che von ca. 2.000m2. Die Rolle des Zentrums ist unsere Finalprodukte zu representatieren und zu verkaufen, mitsamt allem n\u00f6tigen Begleitmaterial.<\/p>\n","protected":false},"excerpt":{"rendered":"<p>Das Holzzentrum ist Ausstellungs und Verkaufsraum in Gesamtfl\u00e4che von ca. 2.000m2. Die Rolle des Zentrums ist unsere Finalprodukte zu representatieren und zu verkaufen, mitsamt allem n\u00f6tigen Begleitmaterial.<\/p>\n","protected":false},"author":1,"featured_media":12068,"parent":0,"menu_order":0,"comment_status":"closed","ping_status":"closed","template":"drvni-centar.php","meta":{"_acf_changed":false,"footnotes":""},"class_list":["post-203","page","type-page","status-publish","has-post-thumbnail","hentry"],"acf":[],"yoast_head":"<!-- This site is optimized with the Yoast SEO plugin v27.0 - https:\/\/yoast.com\/product\/yoast-seo-wordpress\/ -->\n<title>Holzzentrum | Ausstellungsraum | Einzelhandel MMM-Vukeli\u0107 Holzindustrie<\/title>\n<meta name=\"description\" content=\"Einzelhandels und Ausstellungsfl\u00e4che: Parkett und Bodenbel\u00e4ge, T\u00fcren, Kommode, Tische, St\u00fchle, usw. Nachfolge-Materialien wie Lacke und Leim, Schraubenware\" \/>\n<meta name=\"robots\" content=\"noindex, follow, max-snippet:-1, max-image-preview:large, max-video-preview:-1\" \/>\n<meta property=\"og:locale\" content=\"de_DE\" \/>\n<meta property=\"og:type\" content=\"article\" \/>\n<meta property=\"og:title\" content=\"Holzzentrum | Ausstellungsraum | Einzelhandel MMM-Vukeli\u0107 Holzindustrie\" \/>\n<meta property=\"og:description\" content=\"Einzelhandels und Ausstellungsfl\u00e4che: Parkett und Bodenbel\u00e4ge, T\u00fcren, Kommode, Tische, St\u00fchle, usw. Nachfolge-Materialien wie Lacke und Leim, Schraubenware\" \/>\n<meta property=\"og:url\" content=\"https:\/\/beta.mmm-vukelic.hr\/de\/holzzentrum\/\" \/>\n<meta property=\"og:site_name\" content=\"MMM-Vukeli\u0107\" \/>\n<meta property=\"article:modified_time\" content=\"2018-10-16T09:44:17+00:00\" \/>\n<meta property=\"og:image\" content=\"https:\/\/beta.mmm-vukelic.hr\/wp-content\/uploads\/2018\/01\/drvni-centar_final.jpg\" \/>\n\t<meta property=\"og:image:width\" content=\"1160\" \/>\n\t<meta property=\"og:image:height\" content=\"500\" \/>\n\t<meta property=\"og:image:type\" content=\"image\/jpeg\" \/>\n<meta name=\"twitter:card\" content=\"summary_large_image\" \/>\n<script type=\"application\/ld+json\" class=\"yoast-schema-graph\">{\"@context\":\"https:\/\/schema.org\",\"@graph\":[{\"@type\":\"WebPage\",\"@id\":\"https:\/\/beta.mmm-vukelic.hr\/de\/holzzentrum\/\",\"url\":\"https:\/\/beta.mmm-vukelic.hr\/de\/holzzentrum\/\",\"name\":\"Holzzentrum | Ausstellungsraum | Einzelhandel MMM-Vukeli\u0107 Holzindustrie\",\"isPartOf\":{\"@id\":\"https:\/\/beta.mmm-vukelic.hr\/#website\"},\"primaryImageOfPage\":{\"@id\":\"https:\/\/beta.mmm-vukelic.hr\/de\/holzzentrum\/#primaryimage\"},\"image\":{\"@id\":\"https:\/\/beta.mmm-vukelic.hr\/de\/holzzentrum\/#primaryimage\"},\"thumbnailUrl\":\"https:\/\/beta.mmm-vukelic.hr\/wp-content\/uploads\/2025\/08\/drvni-centar-crop.jpg\",\"datePublished\":\"2018-01-05T09:18:35+00:00\",\"dateModified\":\"2018-10-16T09:44:17+00:00\",\"description\":\"Einzelhandels und Ausstellungsfl\u00e4che: Parkett und Bodenbel\u00e4ge, T\u00fcren, Kommode, Tische, St\u00fchle, usw. Nachfolge-Materialien wie Lacke und Leim, Schraubenware\",\"breadcrumb\":{\"@id\":\"https:\/\/beta.mmm-vukelic.hr\/de\/holzzentrum\/#breadcrumb\"},\"inLanguage\":\"de\",\"potentialAction\":[{\"@type\":\"ReadAction\",\"target\":[\"https:\/\/beta.mmm-vukelic.hr\/de\/holzzentrum\/\"]}]},{\"@type\":\"ImageObject\",\"inLanguage\":\"de\",\"@id\":\"https:\/\/beta.mmm-vukelic.hr\/de\/holzzentrum\/#primaryimage\",\"url\":\"https:\/\/beta.mmm-vukelic.hr\/wp-content\/uploads\/2025\/08\/drvni-centar-crop.jpg\",\"contentUrl\":\"https:\/\/beta.mmm-vukelic.hr\/wp-content\/uploads\/2025\/08\/drvni-centar-crop.jpg\",\"width\":667,\"height\":500},{\"@type\":\"BreadcrumbList\",\"@id\":\"https:\/\/beta.mmm-vukelic.hr\/de\/holzzentrum\/#breadcrumb\",\"itemListElement\":[{\"@type\":\"ListItem\",\"position\":1,\"name\":\"MMM-Vukeli\u0107\",\"item\":\"https:\/\/beta.mmm-vukelic.hr\/de\/\"},{\"@type\":\"ListItem\",\"position\":2,\"name\":\"Holzzentrum\"}]},{\"@type\":\"WebSite\",\"@id\":\"https:\/\/beta.mmm-vukelic.hr\/#website\",\"url\":\"https:\/\/beta.mmm-vukelic.hr\/\",\"name\":\"MMM-Vukeli\u0107\",\"description\":\"Drvna industrija\",\"potentialAction\":[{\"@type\":\"SearchAction\",\"target\":{\"@type\":\"EntryPoint\",\"urlTemplate\":\"https:\/\/beta.mmm-vukelic.hr\/?s={search_term_string}\"},\"query-input\":{\"@type\":\"PropertyValueSpecification\",\"valueRequired\":true,\"valueName\":\"search_term_string\"}}],\"inLanguage\":\"de\"}]}<\/script>\n<!-- \/ Yoast SEO plugin. -->","yoast_head_json":{"title":"Holzzentrum | Ausstellungsraum | Einzelhandel MMM-Vukeli\u0107 Holzindustrie","description":"Einzelhandels und Ausstellungsfl\u00e4che: Parkett und Bodenbel\u00e4ge, T\u00fcren, Kommode, Tische, St\u00fchle, usw. Nachfolge-Materialien wie Lacke und Leim, Schraubenware","robots":{"index":"noindex","follow":"follow","max-snippet":"max-snippet:-1","max-image-preview":"max-image-preview:large","max-video-preview":"max-video-preview:-1"},"og_locale":"de_DE","og_type":"article","og_title":"Holzzentrum | Ausstellungsraum | Einzelhandel MMM-Vukeli\u0107 Holzindustrie","og_description":"Einzelhandels und Ausstellungsfl\u00e4che: Parkett und Bodenbel\u00e4ge, T\u00fcren, Kommode, Tische, St\u00fchle, usw. Nachfolge-Materialien wie Lacke und Leim, Schraubenware","og_url":"https:\/\/beta.mmm-vukelic.hr\/de\/holzzentrum\/","og_site_name":"MMM-Vukeli\u0107","article_modified_time":"2018-10-16T09:44:17+00:00","og_image":[{"width":1160,"height":500,"url":"https:\/\/beta.mmm-vukelic.hr\/wp-content\/uploads\/2018\/01\/drvni-centar_final.jpg","type":"image\/jpeg"}],"twitter_card":"summary_large_image","schema":{"@context":"https:\/\/schema.org","@graph":[{"@type":"WebPage","@id":"https:\/\/beta.mmm-vukelic.hr\/de\/holzzentrum\/","url":"https:\/\/beta.mmm-vukelic.hr\/de\/holzzentrum\/","name":"Holzzentrum | Ausstellungsraum | Einzelhandel MMM-Vukeli\u0107 Holzindustrie","isPartOf":{"@id":"https:\/\/beta.mmm-vukelic.hr\/#website"},"primaryImageOfPage":{"@id":"https:\/\/beta.mmm-vukelic.hr\/de\/holzzentrum\/#primaryimage"},"image":{"@id":"https:\/\/beta.mmm-vukelic.hr\/de\/holzzentrum\/#primaryimage"},"thumbnailUrl":"https:\/\/beta.mmm-vukelic.hr\/wp-content\/uploads\/2025\/08\/drvni-centar-crop.jpg","datePublished":"2018-01-05T09:18:35+00:00","dateModified":"2018-10-16T09:44:17+00:00","description":"Einzelhandels und Ausstellungsfl\u00e4che: Parkett und Bodenbel\u00e4ge, T\u00fcren, Kommode, Tische, St\u00fchle, usw. Nachfolge-Materialien wie Lacke und Leim, Schraubenware","breadcrumb":{"@id":"https:\/\/beta.mmm-vukelic.hr\/de\/holzzentrum\/#breadcrumb"},"inLanguage":"de","potentialAction":[{"@type":"ReadAction","target":["https:\/\/beta.mmm-vukelic.hr\/de\/holzzentrum\/"]}]},{"@type":"ImageObject","inLanguage":"de","@id":"https:\/\/beta.mmm-vukelic.hr\/de\/holzzentrum\/#primaryimage","url":"https:\/\/beta.mmm-vukelic.hr\/wp-content\/uploads\/2025\/08\/drvni-centar-crop.jpg","contentUrl":"https:\/\/beta.mmm-vukelic.hr\/wp-content\/uploads\/2025\/08\/drvni-centar-crop.jpg","width":667,"height":500},{"@type":"BreadcrumbList","@id":"https:\/\/beta.mmm-vukelic.hr\/de\/holzzentrum\/#breadcrumb","itemListElement":[{"@type":"ListItem","position":1,"name":"MMM-Vukeli\u0107","item":"https:\/\/beta.mmm-vukelic.hr\/de\/"},{"@type":"ListItem","position":2,"name":"Holzzentrum"}]},{"@type":"WebSite","@id":"https:\/\/beta.mmm-vukelic.hr\/#website","url":"https:\/\/beta.mmm-vukelic.hr\/","name":"MMM-Vukeli\u0107","description":"Drvna industrija","potentialAction":[{"@type":"SearchAction","target":{"@type":"EntryPoint","urlTemplate":"https:\/\/beta.mmm-vukelic.hr\/?s={search_term_string}"},"query-input":{"@type":"PropertyValueSpecification","valueRequired":true,"valueName":"search_term_string"}}],"inLanguage":"de"}]}},"_links":{"self":[{"href":"https:\/\/beta.mmm-vukelic.hr\/de\/wp-json\/wp\/v2\/pages\/203","targetHints":{"allow":["GET"]}}],"collection":[{"href":"https:\/\/beta.mmm-vukelic.hr\/de\/wp-json\/wp\/v2\/pages"}],"about":[{"href":"https:\/\/beta.mmm-vukelic.hr\/de\/wp-json\/wp\/v2\/types\/page"}],"author":[{"embeddable":true,"href":"https:\/\/beta.mmm-vukelic.hr\/de\/wp-json\/wp\/v2\/users\/1"}],"replies":[{"embeddable":true,"href":"https:\/\/beta.mmm-vukelic.hr\/de\/wp-json\/wp\/v2\/comments?post=203"}],"version-history":[{"count":0,"href":"https:\/\/beta.mmm-vukelic.hr\/de\/wp-json\/wp\/v2\/pages\/203\/revisions"}],"wp:featuredmedia":[{"embeddable":true,"href":"https:\/\/beta.mmm-vukelic.hr\/de\/wp-json\/wp\/v2\/media\/12068"}],"wp:attachment":[{"href":"https:\/\/beta.mmm-vukelic.hr\/de\/wp-json\/wp\/v2\/media?parent=203"}],"curies":[{"name":"wp","href":"https:\/\/api.w.org\/{rel}","templated":true}]}}