{"id":211,"date":"2018-01-05T09:25:02","date_gmt":"2018-01-05T09:25:02","guid":{"rendered":"https:\/\/beta.mmm-vukelic.hr\/?page_id=211"},"modified":"2019-10-03T15:56:14","modified_gmt":"2019-10-03T15:56:14","slug":"ueber-uns","status":"publish","type":"page","link":"https:\/\/beta.mmm-vukelic.hr\/de\/ueber-uns\/","title":{"rendered":"\u00dcber uns"},"content":{"rendered":"<h3><span style=\"color: #339966;\">Holz bindet uns durch Generationen<\/span><\/h3>\n<p>Diese Familiengeschichte bindet das Zusammenleben mit dem Wald und der Holznutzung in der Verarbeitung schon fast <strong>70 Jahre<\/strong>. Helz bindet uns durch Generationen und der Wal gab uns Leben. Historisch bis zum heutigen Tag verarbeiten wir dieses hochwertige Material zu etwas Gro\u00dfem. Holz ist in unseren Genen, das bewei\u00dft die Geschichte der Familie Vukeli\u0107 als Hauptbeweger dieser gro\u00dfen Familienfirma.<\/p>\n<blockquote><p>&#8222;&#8230;Nach dem zweiten Weltkrieg 1945 erh\u00f6hte sich der Bedarf zum Wiederaufbau zerst\u00f6rter H\u00e4user und Transportmittel wie Pferdekutschen. Im Jahr 1949 legt <strong>Ivan Vukeli\u0107<\/strong> die Meisterpr\u00fcfung als Stellmacher und Zimmerman ab und startet seinen eigenen Betrieb der Holzverarbeitung. Im Hof des kleinen Familienhauses besa\u00df er eine manuelle Rundholzs\u00e4ge &#8222;G\u00f6pel&#8220;, als erste Arbeitsmaschine in der Verarbeitung. Der erste Teil des Betriebes war die sogenannte &amp;quot;Werkstatt&amp;quot; in welcher die ersten Finalerzeugnisse aus Holz entstanden: massive Schreinerei, Pferdekutschen aus Holz sowie F\u00e4sser.&#8220;..<\/p><\/blockquote>\n<h3><span style=\"color: #339966;\">&#8222;MMM&#8220; \u2013 Zeichen f\u00fcr Firma mit Herz<\/span><\/h3>\n<p>Nach der Selbst\u00e4ndigung der Republik Kroatien, gr\u00fcndet <strong>Marijan Vukeli\u0107<\/strong>, Forster von Fach, im Jahr 1992 ein modernes Unternehmen &#8222;<strong>MMM-Vukeli\u0107 GmbH&#8220;<\/strong> als Fortsetzung der T\u00e4tigkeit seines Vaters, welches bis heute besteht. Die Zahl der Angestellten am Anfang betrug nur sechs Angestellte, da unser Gebiet von Kriegshandlungen betroffen war. Nach Kriegsbeendung 1995 fingen im Unternehmen gr\u00f6\u00dfere Investitionen in Herstellungsbetriebe und Technologie an, die bis heute noch andauern und wir jetzt die modernste Technologie f\u00fcr Holzverarbeitung besitzen. Mit Nutzung moderner Technologie und einwandfreier Arbeitstechnik befindet sich das Unternehmen auf einer Fl\u00e4che von 75.000 m2 mit aller Herstellungsbetrieben und Wirtschaftsgel\u00e4nde. Vom wahrhaften Wunsch auf Erfolg und Fortsetzung der Familientradition eines Menschen besch\u00e4ftigen wir heute 200 Angestellte.<\/p>\n<p>&nbsp;<\/p>\n<p><img loading=\"lazy\" decoding=\"async\" class=\"alignnone wp-image-502\" src=\"https:\/\/beta.mmm-vukelic.hr\/wp-content\/uploads\/2018\/01\/o-nama-2.jpg\" alt=\"\" width=\"683\" height=\"320\" srcset=\"https:\/\/beta.mmm-vukelic.hr\/wp-content\/uploads\/2018\/01\/o-nama-2.jpg 640w, https:\/\/beta.mmm-vukelic.hr\/wp-content\/uploads\/2018\/01\/o-nama-2-400x188.jpg 400w, https:\/\/beta.mmm-vukelic.hr\/wp-content\/uploads\/2018\/01\/o-nama-2-180x84.jpg 180w, https:\/\/beta.mmm-vukelic.hr\/wp-content\/uploads\/2018\/01\/o-nama-2-300x141.jpg 300w, https:\/\/beta.mmm-vukelic.hr\/wp-content\/uploads\/2018\/01\/o-nama-2-600x281.jpg 600w\" sizes=\"auto, (max-width: 683px) 100vw, 683px\" \/><\/p>\n<h3><span style=\"color: #339966;\">Finalisation des Holzes ist unsere Leidenschaft<\/span><\/h3>\n<p>Unsere T\u00e4tigkeit ist Herstellung fon Finalerzeugnissen aus Holz, wobei wir Holz respektieren und als nat\u00fcrliches Edelmaterial erkennen den wir bis zum Ende finalisieren wollen. Das sind nat\u00fcrliches Furnier, verleimte Platten, Lamellenproduktion, Parkett und Bodenbel\u00e4ge und alle Formen von Innen- und Au\u00dfenschreinerei sowie Innenausstattung: T\u00fcren, Fenster, Kommoden, Betten, Tische, St\u00fchle, Treppen, Gel\u00e4nder, Wandbel\u00e4ge usw. Herstellungsprogramm und Technologie sind europ\u00e4isch orientiert, soda\u00df <strong>80%<\/strong> unserer Erzeugnisse in L\u00e4nder der Europ\u00e4ischen Union exportiert werden, das \u00fcbrige wird in unserem Land und in L\u00e4ndern der CEFTA verkauft.<\/p>\n<p>Die m\u00fchselige Arbeit der Inhabers und seiner Familie, die von einer Generation auf die andere geht, sowie aller Angestellten hat sich gelohnt, denn wir haben in f\u00fcnfundzwanzig Jahren eine Fabrik erbaut, neue Technologien beherrscht und hochwertige Erzeugnisse hergestellt, die von ganz Europa und der Welt respektiert werden. Dies beweisen auch eine Menge von Belohnungen, Anerkennungen und Dankurkunden, darunter <strong><span class=\"tlid-translation translation\" lang=\"de\"><span class=\"\" title=\"\">f\u00fcnf<\/span><\/span> Auszeichnungen der Kroatischen Wirtschaftskammer und des<\/strong> <strong>Wirtschaftsministeriums &#8222;Zlatna Kuna&#8220; (goldener Marder), Plakette als bester Exporter in 2015 seitens des Wirtschaftsministeriums, Nomination als Finalist &#8222;Zlatni klju\u010d&#8220; (goldener Schl\u00fcssel) der Konvention der besten kroatischen Exporteure<\/strong>, und andere. Das komplette Herstellungsprogramm ist mit <strong>FSC<span class=\"st\">\u00ae<\/span> Certifikat<\/strong> ausgezeichnet, sowie allen n\u00f6tigen Ateste welche die Qualit\u00e4t der Erzeugnisse beweisen, darunter die Zeichen &#8222;<strong>kroatische Qualit\u00e4t<\/strong>&#8220; und <strong>&#8222;urspr\u00fcnglich Kroatisch&#8220;<\/strong>.<\/p>\n<hr \/>\n<p><img loading=\"lazy\" decoding=\"async\" class=\"alignnone wp-image-4411\" src=\"https:\/\/beta.mmm-vukelic.hr\/wp-content\/uploads\/2018\/02\/ce-mark-300x211.png\" sizes=\"auto, (max-width: 206px) 100vw, 206px\" srcset=\"https:\/\/beta.mmm-vukelic.hr\/wp-content\/uploads\/2018\/02\/ce-mark-300x211.png 300w, https:\/\/beta.mmm-vukelic.hr\/wp-content\/uploads\/2018\/02\/ce-mark-768x541.png 768w, https:\/\/beta.mmm-vukelic.hr\/wp-content\/uploads\/2018\/02\/ce-mark-1024x722.png 1024w, https:\/\/beta.mmm-vukelic.hr\/wp-content\/uploads\/2018\/02\/ce-mark-180x127.png 180w, https:\/\/beta.mmm-vukelic.hr\/wp-content\/uploads\/2018\/02\/ce-mark-600x423.png 600w, https:\/\/beta.mmm-vukelic.hr\/wp-content\/uploads\/2018\/02\/ce-mark.png 1192w\" alt=\"\" width=\"206\" height=\"145\" \/>\u00a0 <a href=\"http:\/\/www.drvojeprvo.hr\/\"><img loading=\"lazy\" decoding=\"async\" class=\"alignnone wp-image-5276\" src=\"https:\/\/beta.mmm-vukelic.hr\/wp-content\/uploads\/2018\/03\/drvo_je_prvo.jpg\" sizes=\"auto, (max-width: 125px) 100vw, 125px\" srcset=\"https:\/\/beta.mmm-vukelic.hr\/wp-content\/uploads\/2018\/03\/drvo_je_prvo.jpg 298w, https:\/\/beta.mmm-vukelic.hr\/wp-content\/uploads\/2018\/03\/drvo_je_prvo-246x300.jpg 246w, https:\/\/beta.mmm-vukelic.hr\/wp-content\/uploads\/2018\/03\/drvo_je_prvo-147x180.jpg 147w\" alt=\"\" width=\"125\" height=\"153\" \/><\/a> \u00a0 \u00a0 \u00a0 \u00a0 \u00a0 <img loading=\"lazy\" decoding=\"async\" class=\"alignnone wp-image-8091 \" src=\"https:\/\/beta.mmm-vukelic.hr\/wp-content\/uploads\/2019\/02\/FSC-logo-za-web-stranicu-205x300.jpeg\" sizes=\"auto, (max-width: 98px) 100vw, 98px\" srcset=\"https:\/\/beta.mmm-vukelic.hr\/wp-content\/uploads\/2019\/02\/FSC-logo-za-web-stranicu-205x300.jpeg 205w, https:\/\/beta.mmm-vukelic.hr\/wp-content\/uploads\/2019\/02\/FSC-logo-za-web-stranicu-700x1024.jpeg 700w, https:\/\/beta.mmm-vukelic.hr\/wp-content\/uploads\/2019\/02\/FSC-logo-za-web-stranicu-123x180.jpeg 123w, https:\/\/beta.mmm-vukelic.hr\/wp-content\/uploads\/2019\/02\/FSC-logo-za-web-stranicu-410x600.jpeg 410w, https:\/\/beta.mmm-vukelic.hr\/wp-content\/uploads\/2019\/02\/FSC-logo-za-web-stranicu.jpeg 759w\" alt=\"\" width=\"98\" height=\"143\" \/><\/p>\n<p>&nbsp;<\/p>\n","protected":false},"excerpt":{"rendered":"<p>Holz bindet uns durch Generationen Diese Familiengeschichte bindet das Zusammenleben mit dem Wald und der Holznutzung in der Verarbeitung schon fast 70 Jahre. Helz bindet uns durch Generationen und der Wal gab uns Leben. Historisch bis zum heutigen Tag verarbeiten wir dieses hochwertige Material zu etwas Gro\u00dfem. Holz ist in unseren Genen, das bewei\u00dft die [&hellip;]<\/p>\n","protected":false},"author":1,"featured_media":498,"parent":0,"menu_order":0,"comment_status":"closed","ping_status":"closed","template":"o-nama.php","meta":{"_acf_changed":false,"footnotes":""},"class_list":["post-211","page","type-page","status-publish","has-post-thumbnail","hentry"],"acf":[],"yoast_head":"<!-- This site is optimized with the Yoast SEO plugin v27.0 - https:\/\/yoast.com\/product\/yoast-seo-wordpress\/ -->\n<title>\u00dcber uns - MMM-Vukeli\u0107<\/title>\n<meta name=\"robots\" content=\"noindex, follow, max-snippet:-1, max-image-preview:large, max-video-preview:-1\" \/>\n<meta property=\"og:locale\" content=\"de_DE\" \/>\n<meta property=\"og:type\" content=\"article\" \/>\n<meta property=\"og:title\" content=\"\u00dcber uns - MMM-Vukeli\u0107\" \/>\n<meta property=\"og:description\" content=\"Holz bindet uns durch Generationen Diese Familiengeschichte bindet das Zusammenleben mit dem Wald und der Holznutzung in der Verarbeitung schon fast 70 Jahre. Helz bindet uns durch Generationen und der Wal gab uns Leben. Historisch bis zum heutigen Tag verarbeiten wir dieses hochwertige Material zu etwas Gro\u00dfem. Holz ist in unseren Genen, das bewei\u00dft die [&hellip;]\" \/>\n<meta property=\"og:url\" content=\"https:\/\/beta.mmm-vukelic.hr\/de\/ueber-uns\/\" \/>\n<meta property=\"og:site_name\" content=\"MMM-Vukeli\u0107\" \/>\n<meta property=\"article:modified_time\" content=\"2019-10-03T15:56:14+00:00\" \/>\n<meta property=\"og:image\" content=\"https:\/\/beta.mmm-vukelic.hr\/wp-content\/uploads\/2018\/01\/o-nama.jpg\" \/>\n\t<meta property=\"og:image:width\" content=\"640\" \/>\n\t<meta property=\"og:image:height\" content=\"480\" \/>\n\t<meta property=\"og:image:type\" content=\"image\/jpeg\" \/>\n<meta name=\"twitter:card\" content=\"summary_large_image\" \/>\n<meta name=\"twitter:label1\" content=\"Gesch\u00e4tzte Lesezeit\" \/>\n\t<meta name=\"twitter:data1\" content=\"3\u00a0Minuten\" \/>\n<script type=\"application\/ld+json\" class=\"yoast-schema-graph\">{\"@context\":\"https:\/\/schema.org\",\"@graph\":[{\"@type\":\"WebPage\",\"@id\":\"https:\/\/beta.mmm-vukelic.hr\/de\/ueber-uns\/\",\"url\":\"https:\/\/beta.mmm-vukelic.hr\/de\/ueber-uns\/\",\"name\":\"\u00dcber uns - MMM-Vukeli\u0107\",\"isPartOf\":{\"@id\":\"https:\/\/beta.mmm-vukelic.hr\/#website\"},\"primaryImageOfPage\":{\"@id\":\"https:\/\/beta.mmm-vukelic.hr\/de\/ueber-uns\/#primaryimage\"},\"image\":{\"@id\":\"https:\/\/beta.mmm-vukelic.hr\/de\/ueber-uns\/#primaryimage\"},\"thumbnailUrl\":\"https:\/\/beta.mmm-vukelic.hr\/wp-content\/uploads\/2018\/01\/o-nama.jpg\",\"datePublished\":\"2018-01-05T09:25:02+00:00\",\"dateModified\":\"2019-10-03T15:56:14+00:00\",\"breadcrumb\":{\"@id\":\"https:\/\/beta.mmm-vukelic.hr\/de\/ueber-uns\/#breadcrumb\"},\"inLanguage\":\"de\",\"potentialAction\":[{\"@type\":\"ReadAction\",\"target\":[\"https:\/\/beta.mmm-vukelic.hr\/de\/ueber-uns\/\"]}]},{\"@type\":\"ImageObject\",\"inLanguage\":\"de\",\"@id\":\"https:\/\/beta.mmm-vukelic.hr\/de\/ueber-uns\/#primaryimage\",\"url\":\"https:\/\/beta.mmm-vukelic.hr\/wp-content\/uploads\/2018\/01\/o-nama.jpg\",\"contentUrl\":\"https:\/\/beta.mmm-vukelic.hr\/wp-content\/uploads\/2018\/01\/o-nama.jpg\",\"width\":640,\"height\":480},{\"@type\":\"BreadcrumbList\",\"@id\":\"https:\/\/beta.mmm-vukelic.hr\/de\/ueber-uns\/#breadcrumb\",\"itemListElement\":[{\"@type\":\"ListItem\",\"position\":1,\"name\":\"MMM-Vukeli\u0107\",\"item\":\"https:\/\/beta.mmm-vukelic.hr\/de\/\"},{\"@type\":\"ListItem\",\"position\":2,\"name\":\"\u00dcber uns\"}]},{\"@type\":\"WebSite\",\"@id\":\"https:\/\/beta.mmm-vukelic.hr\/#website\",\"url\":\"https:\/\/beta.mmm-vukelic.hr\/\",\"name\":\"MMM-Vukeli\u0107\",\"description\":\"Drvna industrija\",\"potentialAction\":[{\"@type\":\"SearchAction\",\"target\":{\"@type\":\"EntryPoint\",\"urlTemplate\":\"https:\/\/beta.mmm-vukelic.hr\/?s={search_term_string}\"},\"query-input\":{\"@type\":\"PropertyValueSpecification\",\"valueRequired\":true,\"valueName\":\"search_term_string\"}}],\"inLanguage\":\"de\"}]}<\/script>\n<!-- \/ Yoast SEO plugin. -->","yoast_head_json":{"title":"\u00dcber uns - MMM-Vukeli\u0107","robots":{"index":"noindex","follow":"follow","max-snippet":"max-snippet:-1","max-image-preview":"max-image-preview:large","max-video-preview":"max-video-preview:-1"},"og_locale":"de_DE","og_type":"article","og_title":"\u00dcber uns - MMM-Vukeli\u0107","og_description":"Holz bindet uns durch Generationen Diese Familiengeschichte bindet das Zusammenleben mit dem Wald und der Holznutzung in der Verarbeitung schon fast 70 Jahre. Helz bindet uns durch Generationen und der Wal gab uns Leben. Historisch bis zum heutigen Tag verarbeiten wir dieses hochwertige Material zu etwas Gro\u00dfem. Holz ist in unseren Genen, das bewei\u00dft die [&hellip;]","og_url":"https:\/\/beta.mmm-vukelic.hr\/de\/ueber-uns\/","og_site_name":"MMM-Vukeli\u0107","article_modified_time":"2019-10-03T15:56:14+00:00","og_image":[{"width":640,"height":480,"url":"https:\/\/beta.mmm-vukelic.hr\/wp-content\/uploads\/2018\/01\/o-nama.jpg","type":"image\/jpeg"}],"twitter_card":"summary_large_image","twitter_misc":{"Gesch\u00e4tzte Lesezeit":"3\u00a0Minuten"},"schema":{"@context":"https:\/\/schema.org","@graph":[{"@type":"WebPage","@id":"https:\/\/beta.mmm-vukelic.hr\/de\/ueber-uns\/","url":"https:\/\/beta.mmm-vukelic.hr\/de\/ueber-uns\/","name":"\u00dcber uns - MMM-Vukeli\u0107","isPartOf":{"@id":"https:\/\/beta.mmm-vukelic.hr\/#website"},"primaryImageOfPage":{"@id":"https:\/\/beta.mmm-vukelic.hr\/de\/ueber-uns\/#primaryimage"},"image":{"@id":"https:\/\/beta.mmm-vukelic.hr\/de\/ueber-uns\/#primaryimage"},"thumbnailUrl":"https:\/\/beta.mmm-vukelic.hr\/wp-content\/uploads\/2018\/01\/o-nama.jpg","datePublished":"2018-01-05T09:25:02+00:00","dateModified":"2019-10-03T15:56:14+00:00","breadcrumb":{"@id":"https:\/\/beta.mmm-vukelic.hr\/de\/ueber-uns\/#breadcrumb"},"inLanguage":"de","potentialAction":[{"@type":"ReadAction","target":["https:\/\/beta.mmm-vukelic.hr\/de\/ueber-uns\/"]}]},{"@type":"ImageObject","inLanguage":"de","@id":"https:\/\/beta.mmm-vukelic.hr\/de\/ueber-uns\/#primaryimage","url":"https:\/\/beta.mmm-vukelic.hr\/wp-content\/uploads\/2018\/01\/o-nama.jpg","contentUrl":"https:\/\/beta.mmm-vukelic.hr\/wp-content\/uploads\/2018\/01\/o-nama.jpg","width":640,"height":480},{"@type":"BreadcrumbList","@id":"https:\/\/beta.mmm-vukelic.hr\/de\/ueber-uns\/#breadcrumb","itemListElement":[{"@type":"ListItem","position":1,"name":"MMM-Vukeli\u0107","item":"https:\/\/beta.mmm-vukelic.hr\/de\/"},{"@type":"ListItem","position":2,"name":"\u00dcber uns"}]},{"@type":"WebSite","@id":"https:\/\/beta.mmm-vukelic.hr\/#website","url":"https:\/\/beta.mmm-vukelic.hr\/","name":"MMM-Vukeli\u0107","description":"Drvna industrija","potentialAction":[{"@type":"SearchAction","target":{"@type":"EntryPoint","urlTemplate":"https:\/\/beta.mmm-vukelic.hr\/?s={search_term_string}"},"query-input":{"@type":"PropertyValueSpecification","valueRequired":true,"valueName":"search_term_string"}}],"inLanguage":"de"}]}},"_links":{"self":[{"href":"https:\/\/beta.mmm-vukelic.hr\/de\/wp-json\/wp\/v2\/pages\/211","targetHints":{"allow":["GET"]}}],"collection":[{"href":"https:\/\/beta.mmm-vukelic.hr\/de\/wp-json\/wp\/v2\/pages"}],"about":[{"href":"https:\/\/beta.mmm-vukelic.hr\/de\/wp-json\/wp\/v2\/types\/page"}],"author":[{"embeddable":true,"href":"https:\/\/beta.mmm-vukelic.hr\/de\/wp-json\/wp\/v2\/users\/1"}],"replies":[{"embeddable":true,"href":"https:\/\/beta.mmm-vukelic.hr\/de\/wp-json\/wp\/v2\/comments?post=211"}],"version-history":[{"count":0,"href":"https:\/\/beta.mmm-vukelic.hr\/de\/wp-json\/wp\/v2\/pages\/211\/revisions"}],"wp:featuredmedia":[{"embeddable":true,"href":"https:\/\/beta.mmm-vukelic.hr\/de\/wp-json\/wp\/v2\/media\/498"}],"wp:attachment":[{"href":"https:\/\/beta.mmm-vukelic.hr\/de\/wp-json\/wp\/v2\/media?parent=211"}],"curies":[{"name":"wp","href":"https:\/\/api.w.org\/{rel}","templated":true}]}}