{"id":231,"date":"2018-01-05T10:00:15","date_gmt":"2018-01-05T10:00:15","guid":{"rendered":"https:\/\/beta.mmm-vukelic.hr\/?page_id=231"},"modified":"2018-10-16T09:31:08","modified_gmt":"2018-10-16T09:31:08","slug":"primaere-herstellung","status":"publish","type":"page","link":"https:\/\/beta.mmm-vukelic.hr\/de\/primaere-herstellung\/","title":{"rendered":"Prim\u00e4re Herstellung"},"content":{"rendered":"<p><strong><span id=\"result_box\" class=\"\" lang=\"de\"><span class=\"\">Unsere prim\u00e4re Produktion ist in der Funktion der Finalproduktion.<\/span><\/span><\/strong><\/p>\n","protected":false},"excerpt":{"rendered":"<p>Unsere prim\u00e4re Produktion ist in der Funktion der Finalproduktion.<\/p>\n","protected":false},"author":1,"featured_media":0,"parent":0,"menu_order":0,"comment_status":"closed","ping_status":"closed","template":"primarna.php","meta":{"_acf_changed":false,"footnotes":""},"class_list":["post-231","page","type-page","status-publish","hentry"],"acf":[],"yoast_head":"<!-- This site is optimized with the Yoast SEO plugin v27.0 - https:\/\/yoast.com\/product\/yoast-seo-wordpress\/ -->\n<title>Prim\u00e4re Herstellung - MMM-Vukeli\u0107<\/title>\n<meta name=\"description\" content=\"Schnittholz, Herstellung von Elementen, trocknungskapazit\u00e4ten, extrem eigene Last in Funktion der Finalproduktion Platten, T\u00fcren, Leisten, Furnier\" \/>\n<meta name=\"robots\" content=\"noindex, follow, max-snippet:-1, max-image-preview:large, max-video-preview:-1\" \/>\n<meta property=\"og:locale\" content=\"de_DE\" \/>\n<meta property=\"og:type\" content=\"article\" \/>\n<meta property=\"og:title\" content=\"Prim\u00e4re Herstellung - MMM-Vukeli\u0107\" \/>\n<meta property=\"og:description\" content=\"Schnittholz, Herstellung von Elementen, trocknungskapazit\u00e4ten, extrem eigene Last in Funktion der Finalproduktion Platten, T\u00fcren, Leisten, Furnier\" \/>\n<meta property=\"og:url\" content=\"https:\/\/beta.mmm-vukelic.hr\/de\/primaere-herstellung\/\" \/>\n<meta property=\"og:site_name\" content=\"MMM-Vukeli\u0107\" \/>\n<meta property=\"article:modified_time\" content=\"2018-10-16T09:31:08+00:00\" \/>\n<meta name=\"twitter:card\" content=\"summary_large_image\" \/>\n<script type=\"application\/ld+json\" class=\"yoast-schema-graph\">{\"@context\":\"https:\/\/schema.org\",\"@graph\":[{\"@type\":\"WebPage\",\"@id\":\"https:\/\/beta.mmm-vukelic.hr\/de\/primaere-herstellung\/\",\"url\":\"https:\/\/beta.mmm-vukelic.hr\/de\/primaere-herstellung\/\",\"name\":\"Prim\u00e4re Herstellung - MMM-Vukeli\u0107\",\"isPartOf\":{\"@id\":\"https:\/\/beta.mmm-vukelic.hr\/#website\"},\"datePublished\":\"2018-01-05T10:00:15+00:00\",\"dateModified\":\"2018-10-16T09:31:08+00:00\",\"description\":\"Schnittholz, Herstellung von Elementen, trocknungskapazit\u00e4ten, extrem eigene Last in Funktion der Finalproduktion Platten, T\u00fcren, Leisten, Furnier\",\"breadcrumb\":{\"@id\":\"https:\/\/beta.mmm-vukelic.hr\/de\/primaere-herstellung\/#breadcrumb\"},\"inLanguage\":\"de\",\"potentialAction\":[{\"@type\":\"ReadAction\",\"target\":[\"https:\/\/beta.mmm-vukelic.hr\/de\/primaere-herstellung\/\"]}]},{\"@type\":\"BreadcrumbList\",\"@id\":\"https:\/\/beta.mmm-vukelic.hr\/de\/primaere-herstellung\/#breadcrumb\",\"itemListElement\":[{\"@type\":\"ListItem\",\"position\":1,\"name\":\"MMM-Vukeli\u0107\",\"item\":\"https:\/\/beta.mmm-vukelic.hr\/de\/\"},{\"@type\":\"ListItem\",\"position\":2,\"name\":\"Prim\u00e4re Herstellung\"}]},{\"@type\":\"WebSite\",\"@id\":\"https:\/\/beta.mmm-vukelic.hr\/#website\",\"url\":\"https:\/\/beta.mmm-vukelic.hr\/\",\"name\":\"MMM-Vukeli\u0107\",\"description\":\"Drvna industrija\",\"potentialAction\":[{\"@type\":\"SearchAction\",\"target\":{\"@type\":\"EntryPoint\",\"urlTemplate\":\"https:\/\/beta.mmm-vukelic.hr\/?s={search_term_string}\"},\"query-input\":{\"@type\":\"PropertyValueSpecification\",\"valueRequired\":true,\"valueName\":\"search_term_string\"}}],\"inLanguage\":\"de\"}]}<\/script>\n<!-- \/ Yoast SEO plugin. -->","yoast_head_json":{"title":"Prim\u00e4re Herstellung - MMM-Vukeli\u0107","description":"Schnittholz, Herstellung von Elementen, trocknungskapazit\u00e4ten, extrem eigene Last in Funktion der Finalproduktion Platten, T\u00fcren, Leisten, Furnier","robots":{"index":"noindex","follow":"follow","max-snippet":"max-snippet:-1","max-image-preview":"max-image-preview:large","max-video-preview":"max-video-preview:-1"},"og_locale":"de_DE","og_type":"article","og_title":"Prim\u00e4re Herstellung - MMM-Vukeli\u0107","og_description":"Schnittholz, Herstellung von Elementen, trocknungskapazit\u00e4ten, extrem eigene Last in Funktion der Finalproduktion Platten, T\u00fcren, Leisten, Furnier","og_url":"https:\/\/beta.mmm-vukelic.hr\/de\/primaere-herstellung\/","og_site_name":"MMM-Vukeli\u0107","article_modified_time":"2018-10-16T09:31:08+00:00","twitter_card":"summary_large_image","schema":{"@context":"https:\/\/schema.org","@graph":[{"@type":"WebPage","@id":"https:\/\/beta.mmm-vukelic.hr\/de\/primaere-herstellung\/","url":"https:\/\/beta.mmm-vukelic.hr\/de\/primaere-herstellung\/","name":"Prim\u00e4re Herstellung - MMM-Vukeli\u0107","isPartOf":{"@id":"https:\/\/beta.mmm-vukelic.hr\/#website"},"datePublished":"2018-01-05T10:00:15+00:00","dateModified":"2018-10-16T09:31:08+00:00","description":"Schnittholz, Herstellung von Elementen, trocknungskapazit\u00e4ten, extrem eigene Last in Funktion der Finalproduktion Platten, T\u00fcren, Leisten, Furnier","breadcrumb":{"@id":"https:\/\/beta.mmm-vukelic.hr\/de\/primaere-herstellung\/#breadcrumb"},"inLanguage":"de","potentialAction":[{"@type":"ReadAction","target":["https:\/\/beta.mmm-vukelic.hr\/de\/primaere-herstellung\/"]}]},{"@type":"BreadcrumbList","@id":"https:\/\/beta.mmm-vukelic.hr\/de\/primaere-herstellung\/#breadcrumb","itemListElement":[{"@type":"ListItem","position":1,"name":"MMM-Vukeli\u0107","item":"https:\/\/beta.mmm-vukelic.hr\/de\/"},{"@type":"ListItem","position":2,"name":"Prim\u00e4re Herstellung"}]},{"@type":"WebSite","@id":"https:\/\/beta.mmm-vukelic.hr\/#website","url":"https:\/\/beta.mmm-vukelic.hr\/","name":"MMM-Vukeli\u0107","description":"Drvna industrija","potentialAction":[{"@type":"SearchAction","target":{"@type":"EntryPoint","urlTemplate":"https:\/\/beta.mmm-vukelic.hr\/?s={search_term_string}"},"query-input":{"@type":"PropertyValueSpecification","valueRequired":true,"valueName":"search_term_string"}}],"inLanguage":"de"}]}},"_links":{"self":[{"href":"https:\/\/beta.mmm-vukelic.hr\/de\/wp-json\/wp\/v2\/pages\/231","targetHints":{"allow":["GET"]}}],"collection":[{"href":"https:\/\/beta.mmm-vukelic.hr\/de\/wp-json\/wp\/v2\/pages"}],"about":[{"href":"https:\/\/beta.mmm-vukelic.hr\/de\/wp-json\/wp\/v2\/types\/page"}],"author":[{"embeddable":true,"href":"https:\/\/beta.mmm-vukelic.hr\/de\/wp-json\/wp\/v2\/users\/1"}],"replies":[{"embeddable":true,"href":"https:\/\/beta.mmm-vukelic.hr\/de\/wp-json\/wp\/v2\/comments?post=231"}],"version-history":[{"count":0,"href":"https:\/\/beta.mmm-vukelic.hr\/de\/wp-json\/wp\/v2\/pages\/231\/revisions"}],"wp:attachment":[{"href":"https:\/\/beta.mmm-vukelic.hr\/de\/wp-json\/wp\/v2\/media?parent=231"}],"curies":[{"name":"wp","href":"https:\/\/api.w.org\/{rel}","templated":true}]}}