{"id":233,"date":"2018-01-05T10:08:51","date_gmt":"2018-01-05T10:08:51","guid":{"rendered":"https:\/\/beta.mmm-vukelic.hr\/?page_id=233"},"modified":"2019-01-07T07:59:54","modified_gmt":"2019-01-07T07:59:54","slug":"referenzen","status":"publish","type":"page","link":"https:\/\/beta.mmm-vukelic.hr\/de\/referenzen\/","title":{"rendered":"Referenzen"},"content":{"rendered":"<ul>\n<li>Etnofarm &#8222;Mirnovec&#8220;, Samobor<\/li>\n<li><span id=\"result_box\" class=\"short_text\" lang=\"de\"><span class=\"\">Stadtbibliothek<\/span><\/span> &#8222;Ante Jagar&#8220; \u2013 Lipovljani<\/li>\n<li>HEP Zagreb<\/li>\n<li><span id=\"result_box\" class=\"short_text\" lang=\"de\"><span class=\"\">Musikakademie<\/span><\/span> Zagreb<\/li>\n<li><span id=\"result_box\" class=\"short_text\" lang=\"de\"><span class=\"\">\u00f6<\/span><\/span>.V. <span id=\"result_box\" class=\"short_text\" lang=\"de\"><span class=\"\">Naturpark<\/span><\/span> &#8222;Lonjsko polje&#8220;<\/li>\n<li>Pizza &amp; Grill &#8222;Karlo&#8220; Novska<\/li>\n<li>Forstamt Novska<\/li>\n<li><span id=\"result_box\" class=\"short_text\" lang=\"de\"><span class=\"\">Forstwissenschaftliche Fakult\u00e4t<\/span><\/span> Zagreb<\/li>\n<li><span id=\"result_box\" class=\"short_text\" lang=\"de\"><span class=\"\">Technisches Museum &#8222;Nikola Tesla&#8220; Zagreb<\/span><\/span><\/li>\n<li>Udru\u017eenje obrtnika Novska<\/li>\n<li>Uprava \u0161uma Nova Gradi\u0161ka<\/li>\n<li>&#8222;Villa Savi\u0107&#8220; Lipik<\/li>\n<li>Kirche st. Nikola, Banova Jaruga<\/li>\n<li>Stadt Novska<\/li>\n<li><span id=\"result_box\" class=\"short_text\" lang=\"de\"><span class=\"\">Nexe Group &#8211; Nexe Konstruktionen ltd.<\/span> Na\u0161ice<\/span><\/li>\n<li>Kloster K\u0107eri Milosr\u0111a, Zagreb<\/li>\n<li><span id=\"result_box\" class=\"short_text\" lang=\"de\"><span class=\"\">Kloster<\/span><\/span> st. Nikola, Ston<\/li>\n<li><span id=\"result_box\" class=\"short_text\" lang=\"de\"><span class=\"\">Geb\u00e4ude<\/span><\/span> &#8222;Mamutica&#8220;, Zagreb<\/li>\n<li>Horvati\u0107 Metali, Ka\u0161ina<\/li>\n<li>Hotel Gari\u0107, Gare\u0161nica<\/li>\n<li>&#8222;Pentagon&#8220;, Kutina<\/li>\n<li>Appartment und Bar &#8222;The King&#8217;s Pub&#8220;, Kutina<\/li>\n<li>\u0160umarija Kutina<\/li>\n<li>Caffe bar Plavac, Novska<\/li>\n<li><span id=\"result_box\" class=\"short_text\" lang=\"de\"><span class=\"\">Kindergarten<\/span><\/span> &#8222;Radost&#8220; Novska<\/li>\n<li>&#8222;In Kapital&#8220; Geldwechsel, Zagreb<\/li>\n<li>Motel &#8222;Stari Hrastovi&#8220;, Popova\u010da<\/li>\n<li><span id=\"result_box\" class=\"short_text\" lang=\"de\"><span class=\"\">Zahnarztklinik<\/span><\/span> dr. Lovri\u0107, Cernik<\/li>\n<li>Belpod GmbH., Kutina<\/li>\n<li>Vamaco MV GmbH. Zagreb<\/li>\n<li>Infligo GmbH. Zagreb<\/li>\n<li>Vodan Lux GmbH. Moko\u0161ica<\/li>\n<li><span id=\"result_box\" class=\"short_text\" lang=\"de\"><span class=\"alt-edited\">Buchhaltung<\/span><\/span> Darija Sudar, Pakrac<\/li>\n<li>Futurteh GmbH. Zagreb<\/li>\n<li>Termogradnja Bakovi\u0107 GmbH. Bro\u010dice<\/li>\n<li>Big Boys gradnja GmbH. Bresta\u010da<\/li>\n<li>Marbet GmbH. Zagreb<\/li>\n<li><span id=\"result_box\" class=\"short_text\" lang=\"en\"><span class=\"\">Czech Kindergarten<\/span><\/span> &#8222;Ferde Mravenca&#8220;, Daruvar<\/li>\n<li>Git GmbH. Vara\u017edin<\/li>\n<li>Venka gradnja GmbH. Novska<\/li>\n<li>\u010cehuli\u0107 Transporte, Bedenica<\/li>\n<li>Imbrija-promet GmbH. Zagreb<\/li>\n<li>Spektar-projekt GmbH. Lipovljani<\/li>\n<li>Podobnik GmbH. Novska<\/li>\n<li><span id=\"result_box\" class=\"short_text\" lang=\"de\"><span class=\"\">Grundschule<\/span><\/span> Novska<\/li>\n<li>Appartment Novosel Marija, Medulin<\/li>\n<li>Slide GmbH. Zagreb<\/li>\n<li><span id=\"result_box\" class=\"short_text\" lang=\"de\"><span class=\"\">Zahn\u00e4rztliche Poliklinik<\/span><\/span>\u00a0dr. Giki\u0107, Zagreb<\/li>\n<li><span id=\"result_box\" class=\"short_text\" lang=\"de\"><span class=\"\">Grundschule<\/span><\/span>\u00a0&#8222;bra\u0107e Radi\u0107&#8220;, Pakrac<\/li>\n<li>Gamauf GmbH. Poljana<\/li>\n<li>Penava izgradnja GmbH. Vi\u0161kovo<\/li>\n<li>Gra\u0111enje Split GmbH. Split<\/li>\n<li>Interijer MVA GmbH. Zagreb-Lu\u010dko<\/li>\n<li>ELMK Pu\u0161ka\u0161, Lipovljani<\/li>\n<li>Glovia GmbH. Zagreb<\/li>\n<li>Doln GmbH. Nova Gradi\u0161ka<\/li>\n<li>Krpan graditeljstvo, Lipovljani<\/li>\n<li>BCS GmbH. Zagreb<\/li>\n<li>I.O. Termomont Danijel Hunjadi, Zagreb<\/li>\n<li>Eco-Ethno village Strug<\/li>\n<li>Stadt Lipik<\/li>\n<li>Jagdverband\u00a0&#8222;Fazan&#8220; Daruvar<\/li>\n<li>Kala GmbH. Zagreb<span id=\"result_box\" class=\"short_text\" lang=\"en\"><\/span><\/li>\n<li>Desidero GmbH. Gunja<\/li>\n<li>&#8222;Olibsko sunce&#8220;, Otok Olib<\/li>\n<li>O.P.G. Arti\u0107, Sigetac<\/li>\n<li>Novokom GmbH. Novska<\/li>\n<li><span id=\"result_box\" class=\"short_text\" lang=\"de\"><span class=\"\">Innenr\u00e4ume<\/span><\/span> Tomi\u0107,\u00a0 Zagreb<\/li>\n<li>KS Intervencije GmbH. Zagreb<\/li>\n<li>In Medias Res GmbH. Sv. Ivan Zelina<\/li>\n<li>Ribel GmbH. Kutina<\/li>\n<li><span id=\"result_box\" class=\"short_text\" lang=\"de\"><span class=\"\">Zentrum f\u00fcr Design und Promotion<\/span><\/span> GmbH. Zagreb<\/li>\n<li>Eurocop GmbH. Staro Petrovo Selo<\/li>\n<li>O.P.G. Valenti\u0107 Iva, Zagreb<\/li>\n<li>Caffe bar &#8222;Borsalino&#8220; Novska<\/li>\n<li>GME service, Sunja<\/li>\n<li>Salon \u010darolija GmbH. Nova Gradi\u0161ka<\/li>\n<li>Akter public grupa GmbH. Zagreb<\/li>\n<li><span id=\"result_box\" class=\"short_text\" lang=\"de\"><span class=\"\">Tischlerei<\/span><\/span> &#8222;Novoselac&#8220;, Nova Gradi\u0161ka<\/li>\n<li>&#8222;De Conte&#8220; GmbH. Labin<\/li>\n<li>O.P.G. \u0160tevinovi\u0107 Mirko, Ko\u0161utarica<\/li>\n<li>T-M promet GmbH. Pakrac<\/li>\n<li><span id=\"result_box\" class=\"short_text\" lang=\"de\"><span class=\"\">Bauindustrie<\/span><\/span> Tomislav Pudi\u0107, Zageb<\/li>\n<li>Zidogradnja GmbH. Split<\/li>\n<li>Holzer GmbH. Samobor<\/li>\n<li>Mramor GmbH. Osijek<\/li>\n<li>Pu\u0161kari\u0107 Innenr\u00e4ume GmbH. Gare\u0161nica<\/li>\n<li>&#8222;Drvo Trgovina Mik\u0161a&#8220; GmbH. Karlovac<\/li>\n<li>B&amp;Z GLOBAL SOLUTIONS GmbH. Zagreb<\/li>\n<li>P.O.U. Novska<\/li>\n<li>GRAP GmbH. Zagreb<\/li>\n<li>Ivatom GmbH. Gare\u0161nica<\/li>\n<li>MAGIC-MONT GmbH. Gare\u0161nica<\/li>\n<li><em>zahlreiche private Objekte auf dem Kontinentu und an der Adria&#8230;<\/em><\/li>\n<\/ul>\n","protected":false},"excerpt":{"rendered":"<p>Etnofarm &#8222;Mirnovec&#8220;, Samobor Stadtbibliothek &#8222;Ante Jagar&#8220; \u2013 Lipovljani HEP Zagreb Musikakademie Zagreb \u00f6.V. Naturpark &#8222;Lonjsko polje&#8220; Pizza &amp; Grill &#8222;Karlo&#8220; Novska Forstamt Novska Forstwissenschaftliche Fakult\u00e4t Zagreb Technisches Museum &#8222;Nikola Tesla&#8220; Zagreb Udru\u017eenje obrtnika Novska Uprava \u0161uma Nova Gradi\u0161ka &#8222;Villa Savi\u0107&#8220; Lipik Kirche st. Nikola, Banova Jaruga Stadt Novska Nexe Group &#8211; Nexe Konstruktionen ltd. Na\u0161ice [&hellip;]<\/p>\n","protected":false},"author":1,"featured_media":0,"parent":0,"menu_order":0,"comment_status":"closed","ping_status":"closed","template":"reference.php","meta":{"_acf_changed":false,"footnotes":""},"class_list":["post-233","page","type-page","status-publish","hentry"],"acf":[],"yoast_head":"<!-- This site is optimized with the Yoast SEO plugin v27.0 - https:\/\/yoast.com\/product\/yoast-seo-wordpress\/ -->\n<title>Referenzen - MMM-Vukeli\u0107<\/title>\n<meta name=\"robots\" content=\"noindex, follow, max-snippet:-1, max-image-preview:large, max-video-preview:-1\" \/>\n<meta property=\"og:locale\" content=\"de_DE\" \/>\n<meta property=\"og:type\" content=\"article\" \/>\n<meta property=\"og:title\" content=\"Referenzen - MMM-Vukeli\u0107\" \/>\n<meta property=\"og:description\" content=\"Etnofarm &#8222;Mirnovec&#8220;, Samobor Stadtbibliothek &#8222;Ante Jagar&#8220; \u2013 Lipovljani HEP Zagreb Musikakademie Zagreb \u00f6.V. Naturpark &#8222;Lonjsko polje&#8220; Pizza &amp; Grill &#8222;Karlo&#8220; Novska Forstamt Novska Forstwissenschaftliche Fakult\u00e4t Zagreb Technisches Museum &#8222;Nikola Tesla&#8220; Zagreb Udru\u017eenje obrtnika Novska Uprava \u0161uma Nova Gradi\u0161ka &#8222;Villa Savi\u0107&#8220; Lipik Kirche st. Nikola, Banova Jaruga Stadt Novska Nexe Group &#8211; Nexe Konstruktionen ltd. Na\u0161ice [&hellip;]\" \/>\n<meta property=\"og:url\" content=\"https:\/\/beta.mmm-vukelic.hr\/de\/referenzen\/\" \/>\n<meta property=\"og:site_name\" content=\"MMM-Vukeli\u0107\" \/>\n<meta property=\"article:modified_time\" content=\"2019-01-07T07:59:54+00:00\" \/>\n<meta name=\"twitter:card\" content=\"summary_large_image\" \/>\n<meta name=\"twitter:label1\" content=\"Gesch\u00e4tzte Lesezeit\" \/>\n\t<meta name=\"twitter:data1\" content=\"2\u00a0Minuten\" \/>\n<script type=\"application\/ld+json\" class=\"yoast-schema-graph\">{\"@context\":\"https:\/\/schema.org\",\"@graph\":[{\"@type\":\"WebPage\",\"@id\":\"https:\/\/beta.mmm-vukelic.hr\/de\/referenzen\/\",\"url\":\"https:\/\/beta.mmm-vukelic.hr\/de\/referenzen\/\",\"name\":\"Referenzen - MMM-Vukeli\u0107\",\"isPartOf\":{\"@id\":\"https:\/\/beta.mmm-vukelic.hr\/#website\"},\"datePublished\":\"2018-01-05T10:08:51+00:00\",\"dateModified\":\"2019-01-07T07:59:54+00:00\",\"breadcrumb\":{\"@id\":\"https:\/\/beta.mmm-vukelic.hr\/de\/referenzen\/#breadcrumb\"},\"inLanguage\":\"de\",\"potentialAction\":[{\"@type\":\"ReadAction\",\"target\":[\"https:\/\/beta.mmm-vukelic.hr\/de\/referenzen\/\"]}]},{\"@type\":\"BreadcrumbList\",\"@id\":\"https:\/\/beta.mmm-vukelic.hr\/de\/referenzen\/#breadcrumb\",\"itemListElement\":[{\"@type\":\"ListItem\",\"position\":1,\"name\":\"MMM-Vukeli\u0107\",\"item\":\"https:\/\/beta.mmm-vukelic.hr\/de\/\"},{\"@type\":\"ListItem\",\"position\":2,\"name\":\"Referenzen\"}]},{\"@type\":\"WebSite\",\"@id\":\"https:\/\/beta.mmm-vukelic.hr\/#website\",\"url\":\"https:\/\/beta.mmm-vukelic.hr\/\",\"name\":\"MMM-Vukeli\u0107\",\"description\":\"Drvna industrija\",\"potentialAction\":[{\"@type\":\"SearchAction\",\"target\":{\"@type\":\"EntryPoint\",\"urlTemplate\":\"https:\/\/beta.mmm-vukelic.hr\/?s={search_term_string}\"},\"query-input\":{\"@type\":\"PropertyValueSpecification\",\"valueRequired\":true,\"valueName\":\"search_term_string\"}}],\"inLanguage\":\"de\"}]}<\/script>\n<!-- \/ Yoast SEO plugin. -->","yoast_head_json":{"title":"Referenzen - MMM-Vukeli\u0107","robots":{"index":"noindex","follow":"follow","max-snippet":"max-snippet:-1","max-image-preview":"max-image-preview:large","max-video-preview":"max-video-preview:-1"},"og_locale":"de_DE","og_type":"article","og_title":"Referenzen - MMM-Vukeli\u0107","og_description":"Etnofarm &#8222;Mirnovec&#8220;, Samobor Stadtbibliothek &#8222;Ante Jagar&#8220; \u2013 Lipovljani HEP Zagreb Musikakademie Zagreb \u00f6.V. Naturpark &#8222;Lonjsko polje&#8220; Pizza &amp; Grill &#8222;Karlo&#8220; Novska Forstamt Novska Forstwissenschaftliche Fakult\u00e4t Zagreb Technisches Museum &#8222;Nikola Tesla&#8220; Zagreb Udru\u017eenje obrtnika Novska Uprava \u0161uma Nova Gradi\u0161ka &#8222;Villa Savi\u0107&#8220; Lipik Kirche st. Nikola, Banova Jaruga Stadt Novska Nexe Group &#8211; Nexe Konstruktionen ltd. Na\u0161ice [&hellip;]","og_url":"https:\/\/beta.mmm-vukelic.hr\/de\/referenzen\/","og_site_name":"MMM-Vukeli\u0107","article_modified_time":"2019-01-07T07:59:54+00:00","twitter_card":"summary_large_image","twitter_misc":{"Gesch\u00e4tzte Lesezeit":"2\u00a0Minuten"},"schema":{"@context":"https:\/\/schema.org","@graph":[{"@type":"WebPage","@id":"https:\/\/beta.mmm-vukelic.hr\/de\/referenzen\/","url":"https:\/\/beta.mmm-vukelic.hr\/de\/referenzen\/","name":"Referenzen - MMM-Vukeli\u0107","isPartOf":{"@id":"https:\/\/beta.mmm-vukelic.hr\/#website"},"datePublished":"2018-01-05T10:08:51+00:00","dateModified":"2019-01-07T07:59:54+00:00","breadcrumb":{"@id":"https:\/\/beta.mmm-vukelic.hr\/de\/referenzen\/#breadcrumb"},"inLanguage":"de","potentialAction":[{"@type":"ReadAction","target":["https:\/\/beta.mmm-vukelic.hr\/de\/referenzen\/"]}]},{"@type":"BreadcrumbList","@id":"https:\/\/beta.mmm-vukelic.hr\/de\/referenzen\/#breadcrumb","itemListElement":[{"@type":"ListItem","position":1,"name":"MMM-Vukeli\u0107","item":"https:\/\/beta.mmm-vukelic.hr\/de\/"},{"@type":"ListItem","position":2,"name":"Referenzen"}]},{"@type":"WebSite","@id":"https:\/\/beta.mmm-vukelic.hr\/#website","url":"https:\/\/beta.mmm-vukelic.hr\/","name":"MMM-Vukeli\u0107","description":"Drvna industrija","potentialAction":[{"@type":"SearchAction","target":{"@type":"EntryPoint","urlTemplate":"https:\/\/beta.mmm-vukelic.hr\/?s={search_term_string}"},"query-input":{"@type":"PropertyValueSpecification","valueRequired":true,"valueName":"search_term_string"}}],"inLanguage":"de"}]}},"_links":{"self":[{"href":"https:\/\/beta.mmm-vukelic.hr\/de\/wp-json\/wp\/v2\/pages\/233","targetHints":{"allow":["GET"]}}],"collection":[{"href":"https:\/\/beta.mmm-vukelic.hr\/de\/wp-json\/wp\/v2\/pages"}],"about":[{"href":"https:\/\/beta.mmm-vukelic.hr\/de\/wp-json\/wp\/v2\/types\/page"}],"author":[{"embeddable":true,"href":"https:\/\/beta.mmm-vukelic.hr\/de\/wp-json\/wp\/v2\/users\/1"}],"replies":[{"embeddable":true,"href":"https:\/\/beta.mmm-vukelic.hr\/de\/wp-json\/wp\/v2\/comments?post=233"}],"version-history":[{"count":0,"href":"https:\/\/beta.mmm-vukelic.hr\/de\/wp-json\/wp\/v2\/pages\/233\/revisions"}],"wp:attachment":[{"href":"https:\/\/beta.mmm-vukelic.hr\/de\/wp-json\/wp\/v2\/media?parent=233"}],"curies":[{"name":"wp","href":"https:\/\/api.w.org\/{rel}","templated":true}]}}