{"id":297,"date":"2018-01-05T12:56:52","date_gmt":"2018-01-05T12:56:52","guid":{"rendered":"https:\/\/beta.mmm-vukelic.hr\/?page_id=297"},"modified":"2018-11-30T13:04:02","modified_gmt":"2018-11-30T13:04:02","slug":"startseite","status":"publish","type":"page","link":"https:\/\/beta.mmm-vukelic.hr\/de\/","title":{"rendered":"Startseite"},"content":{"rendered":"","protected":false},"excerpt":{"rendered":"","protected":false},"author":1,"featured_media":0,"parent":0,"menu_order":0,"comment_status":"closed","ping_status":"closed","template":"homepage.php","meta":{"_acf_changed":false,"footnotes":""},"class_list":["post-297","page","type-page","status-publish","hentry"],"acf":[],"yoast_head":"<!-- This site is optimized with the Yoast SEO plugin v27.0 - https:\/\/yoast.com\/product\/yoast-seo-wordpress\/ -->\n<title>MMM-Vukeli\u0107 Holzindustrie | Premium Furnier, Massiv Plattenproduktion, Parkett<\/title>\n<meta name=\"description\" content=\"MMM Vukeli\u0107 Holzindustrie ist eine der f\u00fchrenden Holzindustrien in Kroatien und in diesem Teil von Europa. Premium-Eichenholzfurnier, Keilzink- \/ Zinken-Leimholzplatten, Parkett und Bodenbelag, Zimmerei.\" \/>\n<meta name=\"robots\" content=\"noindex, follow, max-snippet:-1, max-image-preview:large, max-video-preview:-1\" \/>\n<meta property=\"og:locale\" content=\"de_DE\" \/>\n<meta property=\"og:type\" content=\"article\" \/>\n<meta property=\"og:title\" content=\"MMM-Vukeli\u0107 Holzindustrie | Premium Furnier, Massiv Plattenproduktion, Parkett\" \/>\n<meta property=\"og:description\" content=\"MMM Vukeli\u0107 Holzindustrie ist eine der f\u00fchrenden Holzindustrien in Kroatien und in diesem Teil von Europa. Premium-Eichenholzfurnier, Keilzink- \/ Zinken-Leimholzplatten, Parkett und Bodenbelag, Zimmerei.\" \/>\n<meta property=\"og:url\" content=\"https:\/\/beta.mmm-vukelic.hr\/de\/\" \/>\n<meta property=\"og:site_name\" content=\"MMM-Vukeli\u0107\" \/>\n<meta property=\"article:modified_time\" content=\"2018-11-30T13:04:02+00:00\" \/>\n<meta name=\"twitter:card\" content=\"summary_large_image\" \/>\n<script type=\"application\/ld+json\" class=\"yoast-schema-graph\">{\"@context\":\"https:\/\/schema.org\",\"@graph\":[{\"@type\":\"WebPage\",\"@id\":\"https:\/\/beta.mmm-vukelic.hr\/de\/\",\"url\":\"https:\/\/beta.mmm-vukelic.hr\/de\/\",\"name\":\"MMM-Vukeli\u0107 Holzindustrie | Premium Furnier, Massiv Plattenproduktion, Parkett\",\"isPartOf\":{\"@id\":\"https:\/\/beta.mmm-vukelic.hr\/#website\"},\"datePublished\":\"2018-01-05T12:56:52+00:00\",\"dateModified\":\"2018-11-30T13:04:02+00:00\",\"description\":\"MMM Vukeli\u0107 Holzindustrie ist eine der f\u00fchrenden Holzindustrien in Kroatien und in diesem Teil von Europa. Premium-Eichenholzfurnier, Keilzink- \/ Zinken-Leimholzplatten, Parkett und Bodenbelag, Zimmerei.\",\"breadcrumb\":{\"@id\":\"https:\/\/beta.mmm-vukelic.hr\/de\/#breadcrumb\"},\"inLanguage\":\"de\",\"potentialAction\":[{\"@type\":\"ReadAction\",\"target\":[\"https:\/\/beta.mmm-vukelic.hr\/de\/\"]}]},{\"@type\":\"BreadcrumbList\",\"@id\":\"https:\/\/beta.mmm-vukelic.hr\/de\/#breadcrumb\",\"itemListElement\":[{\"@type\":\"ListItem\",\"position\":1,\"name\":\"MMM-Vukeli\u0107\",\"item\":\"https:\/\/beta.mmm-vukelic.hr\/de\/\"},{\"@type\":\"ListItem\",\"position\":2,\"name\":\"Startseite\"}]},{\"@type\":\"WebSite\",\"@id\":\"https:\/\/beta.mmm-vukelic.hr\/#website\",\"url\":\"https:\/\/beta.mmm-vukelic.hr\/\",\"name\":\"MMM-Vukeli\u0107\",\"description\":\"Drvna industrija\",\"potentialAction\":[{\"@type\":\"SearchAction\",\"target\":{\"@type\":\"EntryPoint\",\"urlTemplate\":\"https:\/\/beta.mmm-vukelic.hr\/?s={search_term_string}\"},\"query-input\":{\"@type\":\"PropertyValueSpecification\",\"valueRequired\":true,\"valueName\":\"search_term_string\"}}],\"inLanguage\":\"de\"}]}<\/script>\n<!-- \/ Yoast SEO plugin. -->","yoast_head_json":{"title":"MMM-Vukeli\u0107 Holzindustrie | Premium Furnier, Massiv Plattenproduktion, Parkett","description":"MMM Vukeli\u0107 Holzindustrie ist eine der f\u00fchrenden Holzindustrien in Kroatien und in diesem Teil von Europa. Premium-Eichenholzfurnier, Keilzink- \/ Zinken-Leimholzplatten, Parkett und Bodenbelag, Zimmerei.","robots":{"index":"noindex","follow":"follow","max-snippet":"max-snippet:-1","max-image-preview":"max-image-preview:large","max-video-preview":"max-video-preview:-1"},"og_locale":"de_DE","og_type":"article","og_title":"MMM-Vukeli\u0107 Holzindustrie | Premium Furnier, Massiv Plattenproduktion, Parkett","og_description":"MMM Vukeli\u0107 Holzindustrie ist eine der f\u00fchrenden Holzindustrien in Kroatien und in diesem Teil von Europa. Premium-Eichenholzfurnier, Keilzink- \/ Zinken-Leimholzplatten, Parkett und Bodenbelag, Zimmerei.","og_url":"https:\/\/beta.mmm-vukelic.hr\/de\/","og_site_name":"MMM-Vukeli\u0107","article_modified_time":"2018-11-30T13:04:02+00:00","twitter_card":"summary_large_image","schema":{"@context":"https:\/\/schema.org","@graph":[{"@type":"WebPage","@id":"https:\/\/beta.mmm-vukelic.hr\/de\/","url":"https:\/\/beta.mmm-vukelic.hr\/de\/","name":"MMM-Vukeli\u0107 Holzindustrie | Premium Furnier, Massiv Plattenproduktion, Parkett","isPartOf":{"@id":"https:\/\/beta.mmm-vukelic.hr\/#website"},"datePublished":"2018-01-05T12:56:52+00:00","dateModified":"2018-11-30T13:04:02+00:00","description":"MMM Vukeli\u0107 Holzindustrie ist eine der f\u00fchrenden Holzindustrien in Kroatien und in diesem Teil von Europa. Premium-Eichenholzfurnier, Keilzink- \/ Zinken-Leimholzplatten, Parkett und Bodenbelag, Zimmerei.","breadcrumb":{"@id":"https:\/\/beta.mmm-vukelic.hr\/de\/#breadcrumb"},"inLanguage":"de","potentialAction":[{"@type":"ReadAction","target":["https:\/\/beta.mmm-vukelic.hr\/de\/"]}]},{"@type":"BreadcrumbList","@id":"https:\/\/beta.mmm-vukelic.hr\/de\/#breadcrumb","itemListElement":[{"@type":"ListItem","position":1,"name":"MMM-Vukeli\u0107","item":"https:\/\/beta.mmm-vukelic.hr\/de\/"},{"@type":"ListItem","position":2,"name":"Startseite"}]},{"@type":"WebSite","@id":"https:\/\/beta.mmm-vukelic.hr\/#website","url":"https:\/\/beta.mmm-vukelic.hr\/","name":"MMM-Vukeli\u0107","description":"Drvna industrija","potentialAction":[{"@type":"SearchAction","target":{"@type":"EntryPoint","urlTemplate":"https:\/\/beta.mmm-vukelic.hr\/?s={search_term_string}"},"query-input":{"@type":"PropertyValueSpecification","valueRequired":true,"valueName":"search_term_string"}}],"inLanguage":"de"}]}},"_links":{"self":[{"href":"https:\/\/beta.mmm-vukelic.hr\/de\/wp-json\/wp\/v2\/pages\/297","targetHints":{"allow":["GET"]}}],"collection":[{"href":"https:\/\/beta.mmm-vukelic.hr\/de\/wp-json\/wp\/v2\/pages"}],"about":[{"href":"https:\/\/beta.mmm-vukelic.hr\/de\/wp-json\/wp\/v2\/types\/page"}],"author":[{"embeddable":true,"href":"https:\/\/beta.mmm-vukelic.hr\/de\/wp-json\/wp\/v2\/users\/1"}],"replies":[{"embeddable":true,"href":"https:\/\/beta.mmm-vukelic.hr\/de\/wp-json\/wp\/v2\/comments?post=297"}],"version-history":[{"count":0,"href":"https:\/\/beta.mmm-vukelic.hr\/de\/wp-json\/wp\/v2\/pages\/297\/revisions"}],"wp:attachment":[{"href":"https:\/\/beta.mmm-vukelic.hr\/de\/wp-json\/wp\/v2\/media?parent=297"}],"curies":[{"name":"wp","href":"https:\/\/api.w.org\/{rel}","templated":true}]}}