{"id":305,"date":"2018-01-05T13:03:00","date_gmt":"2018-01-05T13:03:00","guid":{"rendered":"https:\/\/beta.mmm-vukelic.hr\/?page_id=305"},"modified":"2019-10-03T17:14:45","modified_gmt":"2019-10-03T17:14:45","slug":"zertifikate-und-auszeichnungen","status":"publish","type":"page","link":"https:\/\/beta.mmm-vukelic.hr\/de\/zertifikate-und-auszeichnungen\/","title":{"rendered":"Zertifikate und Auszeichnungen"},"content":{"rendered":"<h1 style=\"text-align: center;\"><em><strong>Auszeichnungen<\/strong><\/em><\/h1>\n<p class=\"aligncenter\"><img loading=\"lazy\" decoding=\"async\" class=\"aligncenter size-full wp-image-9675\" src=\"https:\/\/beta.mmm-vukelic.hr\/wp-content\/uploads\/2019\/10\/sve-kune.jpg\" alt=\"\" width=\"700\" height=\"200\" srcset=\"https:\/\/beta.mmm-vukelic.hr\/wp-content\/uploads\/2019\/10\/sve-kune.jpg 700w, https:\/\/beta.mmm-vukelic.hr\/wp-content\/uploads\/2019\/10\/sve-kune-300x86.jpg 300w, https:\/\/beta.mmm-vukelic.hr\/wp-content\/uploads\/2019\/10\/sve-kune-600x171.jpg 600w, https:\/\/beta.mmm-vukelic.hr\/wp-content\/uploads\/2019\/10\/sve-kune-180x51.jpg 180w\" sizes=\"auto, (max-width: 700px) 100vw, 700px\" \/><\/p>\n<p style=\"text-align: center;\"><span class=\"tlid-translation translation\"><span title=\"\">Gewinner von 5 renommierten Preisen der Kroatischen Wirtschaftskammer und des Ministeriums f\u00fcr Wirtschaft, Unternehmen und Handwerk &#8222;Goldene Marder&#8220;<\/span><\/span><\/p>\n<hr \/>\n<p><img loading=\"lazy\" decoding=\"async\" class=\"wp-image-8139 aligncenter\" src=\"https:\/\/beta.mmm-vukelic.hr\/wp-content\/uploads\/2019\/02\/najbolji-izvoznikmmm-150x150.jpg\" alt=\"\" width=\"115\" height=\"115\" srcset=\"https:\/\/beta.mmm-vukelic.hr\/wp-content\/uploads\/2019\/02\/najbolji-izvoznikmmm-150x150.jpg 150w, https:\/\/beta.mmm-vukelic.hr\/wp-content\/uploads\/2019\/02\/najbolji-izvoznikmmm-100x100.jpg 100w\" sizes=\"auto, (max-width: 115px) 100vw, 115px\" \/><\/p>\n<p style=\"text-align: center;\"><span class=\"tlid-translation translation\"><span class=\"\" title=\"\">Auszeichnung als bester Exporteur im Jahr 2015 seiitens des Wirtschaftsministeriums<\/span><\/span><\/p>\n<hr \/>\n<p><img loading=\"lazy\" decoding=\"async\" class=\"size-full wp-image-8176 aligncenter\" src=\"https:\/\/beta.mmm-vukelic.hr\/wp-content\/uploads\/2019\/02\/Untitled-3all.jpg\" alt=\"\" width=\"700\" height=\"150\" srcset=\"https:\/\/beta.mmm-vukelic.hr\/wp-content\/uploads\/2019\/02\/Untitled-3all.jpg 700w, https:\/\/beta.mmm-vukelic.hr\/wp-content\/uploads\/2019\/02\/Untitled-3all-300x64.jpg 300w, https:\/\/beta.mmm-vukelic.hr\/wp-content\/uploads\/2019\/02\/Untitled-3all-600x129.jpg 600w\" sizes=\"auto, (max-width: 700px) 100vw, 700px\" \/><\/p>\n<p style=\"text-align: center;\"><span class=\"tlid-translation translation\"><span class=\"\" title=\"\">Anerkennung der &#8222;Poslovna.hr&#8220; f\u00fcr Unternehmenserfolge, wobei durch unsere Qualit\u00e4t und Erfolg unsere Aktivit\u00e4t in der kroatischen Gesch\u00e4ftswelt als Spezialist in der Holzbranche erkannt wurde und wir unter 1500 Sch\u00f6pfer neuer Werte in Kroatien geh\u00f6ren<\/span><\/span><\/p>\n<hr \/>\n<p><img loading=\"lazy\" decoding=\"async\" class=\"wp-image-8107 size-thumbnail aligncenter\" src=\"https:\/\/beta.mmm-vukelic.hr\/wp-content\/uploads\/2019\/02\/25-godina-sis-150x150.jpg\" alt=\"\" width=\"150\" height=\"150\" \/><\/p>\n<p style=\"text-align: center;\">Anerkennung auf dem Niveau der Gespanschaft f\u00fcr mehrj\u00e4hriges Handeln (25 Jahre) und Beitrag zur wirtschaftlichen Entwicklung der Gespanschaft Sisak-Moslawina<\/p>\n<hr \/>\n<p style=\"text-align: center;\"><img loading=\"lazy\" decoding=\"async\" class=\"aligncenter wp-image-8180 size-thumbnail\" src=\"https:\/\/beta.mmm-vukelic.hr\/wp-content\/uploads\/2019\/02\/gold-book-mmm-zapi-150x150.jpg\" alt=\"\" width=\"150\" height=\"150\" srcset=\"https:\/\/beta.mmm-vukelic.hr\/wp-content\/uploads\/2019\/02\/gold-book-mmm-zapi-150x150.jpg 150w, https:\/\/beta.mmm-vukelic.hr\/wp-content\/uploads\/2019\/02\/gold-book-mmm-zapi-100x100.jpg 100w\" sizes=\"auto, (max-width: 150px) 100vw, 150px\" \/><span class=\"tlid-translation translation\"><span class=\"\" title=\"\">Anerkennung als einer des erfolgreichsten Unternehmer in der Holzbranche im Jahr 2001 &#8211; ZAPI Goldenes Buch erfolgreichster Unternehmer<\/span><\/span><\/p>\n<hr \/>\n<p><img loading=\"lazy\" decoding=\"async\" class=\"size-thumbnail wp-image-8143 aligncenter\" src=\"https:\/\/beta.mmm-vukelic.hr\/wp-content\/uploads\/2019\/02\/priznanje-grada-novske-150x150.jpg\" alt=\"\" width=\"150\" height=\"150\" srcset=\"https:\/\/beta.mmm-vukelic.hr\/wp-content\/uploads\/2019\/02\/priznanje-grada-novske-150x150.jpg 150w, https:\/\/beta.mmm-vukelic.hr\/wp-content\/uploads\/2019\/02\/priznanje-grada-novske-100x100.jpg 100w, https:\/\/beta.mmm-vukelic.hr\/wp-content\/uploads\/2019\/02\/priznanje-grada-novske-180x180.jpg 180w, https:\/\/beta.mmm-vukelic.hr\/wp-content\/uploads\/2019\/02\/priznanje-grada-novske.jpg 300w\" sizes=\"auto, (max-width: 150px) 100vw, 150px\" \/><\/p>\n<p style=\"text-align: center;\"><span class=\"tlid-translation translation\"><span class=\"\" title=\"\">Anerkennung der Stadt Novska f\u00fcr den Beitrag zur wirtschaftlichen Entwicklung und Besch\u00e4ftigung im Jahr 2001 als einer der Antreiber der Wirtschaft auf Novskas Gebiet<\/span><\/span><\/p>\n<hr \/>\n<p><img loading=\"lazy\" decoding=\"async\" class=\"size-thumbnail wp-image-8147 aligncenter\" src=\"https:\/\/beta.mmm-vukelic.hr\/wp-content\/uploads\/2019\/02\/sumarski-fakultet-150x150.jpg\" alt=\"\" width=\"150\" height=\"150\" srcset=\"https:\/\/beta.mmm-vukelic.hr\/wp-content\/uploads\/2019\/02\/sumarski-fakultet-150x150.jpg 150w, https:\/\/beta.mmm-vukelic.hr\/wp-content\/uploads\/2019\/02\/sumarski-fakultet-300x300.jpg 300w, https:\/\/beta.mmm-vukelic.hr\/wp-content\/uploads\/2019\/02\/sumarski-fakultet-100x100.jpg 100w, https:\/\/beta.mmm-vukelic.hr\/wp-content\/uploads\/2019\/02\/sumarski-fakultet-180x180.jpg 180w, https:\/\/beta.mmm-vukelic.hr\/wp-content\/uploads\/2019\/02\/sumarski-fakultet.jpg 600w\" sizes=\"auto, (max-width: 150px) 100vw, 150px\" \/><\/p>\n<p style=\"text-align: center;\"><span class=\"tlid-translation translation\"><span class=\"\" title=\"\">Charta des Forstfakult\u00e4ts der Universit\u00e4t in Zagreb f\u00fcr besonderen Beitrag in der Entwicklung und F\u00f6rderung der Holztechnologie in der Republik Kroatien f\u00fcr das Jahr 2016<\/span><\/span><\/p>\n<hr \/>\n<h1 style=\"text-align: center;\"><em><strong>Zertifikat<\/strong><\/em><\/h1>\n<p>&nbsp;<\/p>\n<p><img loading=\"lazy\" decoding=\"async\" class=\"alignnone wp-image-4411\" src=\"https:\/\/beta.mmm-vukelic.hr\/wp-content\/uploads\/2018\/02\/ce-mark-300x211.png\" alt=\"\" width=\"206\" height=\"145\" srcset=\"https:\/\/beta.mmm-vukelic.hr\/wp-content\/uploads\/2018\/02\/ce-mark-300x211.png 300w, https:\/\/beta.mmm-vukelic.hr\/wp-content\/uploads\/2018\/02\/ce-mark-600x423.png 600w, https:\/\/beta.mmm-vukelic.hr\/wp-content\/uploads\/2018\/02\/ce-mark-768x541.png 768w, https:\/\/beta.mmm-vukelic.hr\/wp-content\/uploads\/2018\/02\/ce-mark-1024x722.png 1024w, https:\/\/beta.mmm-vukelic.hr\/wp-content\/uploads\/2018\/02\/ce-mark-180x127.png 180w, https:\/\/beta.mmm-vukelic.hr\/wp-content\/uploads\/2018\/02\/ce-mark.png 1192w\" sizes=\"auto, (max-width: 206px) 100vw, 206px\" \/>\u00a0\u00a0<img loading=\"lazy\" decoding=\"async\" class=\"alignnone wp-image-8091\" src=\"https:\/\/beta.mmm-vukelic.hr\/wp-content\/uploads\/2019\/02\/FSC-logo-za-web-stranicu.jpeg\" alt=\"\" width=\"99\" height=\"145\" srcset=\"https:\/\/beta.mmm-vukelic.hr\/wp-content\/uploads\/2019\/02\/FSC-logo-za-web-stranicu.jpeg 759w, https:\/\/beta.mmm-vukelic.hr\/wp-content\/uploads\/2019\/02\/FSC-logo-za-web-stranicu-300x439.jpeg 300w, https:\/\/beta.mmm-vukelic.hr\/wp-content\/uploads\/2019\/02\/FSC-logo-za-web-stranicu-600x878.jpeg 600w, https:\/\/beta.mmm-vukelic.hr\/wp-content\/uploads\/2019\/02\/FSC-logo-za-web-stranicu-205x300.jpeg 205w, https:\/\/beta.mmm-vukelic.hr\/wp-content\/uploads\/2019\/02\/FSC-logo-za-web-stranicu-700x1024.jpeg 700w, https:\/\/beta.mmm-vukelic.hr\/wp-content\/uploads\/2019\/02\/FSC-logo-za-web-stranicu-410x600.jpeg 410w\" sizes=\"auto, (max-width: 99px) 100vw, 99px\" \/> \u00a0 \u00a0 \u00a0 \u00a0\u00a0 <img loading=\"lazy\" decoding=\"async\" class=\"alignnone wp-image-5275 \" src=\"https:\/\/beta.mmm-vukelic.hr\/wp-content\/uploads\/2018\/03\/drvo_je_prvo.jpg\" alt=\"\" width=\"125\" height=\"152\" srcset=\"https:\/\/beta.mmm-vukelic.hr\/wp-content\/uploads\/2018\/03\/drvo_je_prvo.jpg 298w, https:\/\/beta.mmm-vukelic.hr\/wp-content\/uploads\/2018\/03\/drvo_je_prvo-246x300.jpg 246w, https:\/\/beta.mmm-vukelic.hr\/wp-content\/uploads\/2018\/03\/drvo_je_prvo-147x180.jpg 147w\" sizes=\"auto, (max-width: 125px) 100vw, 125px\" \/><\/p>\n<p>&nbsp;<\/p>\n<p>&nbsp;<\/p>\n<p><span id=\"_ctl0_FooterPage_lblTekstFooter\">\u00a0<\/span><\/p>\n<p>&nbsp;<\/p>\n","protected":false},"excerpt":{"rendered":"<p>Auszeichnungen Gewinner von 5 renommierten Preisen der Kroatischen Wirtschaftskammer und des Ministeriums f\u00fcr Wirtschaft, Unternehmen und Handwerk &#8222;Goldene Marder&#8220; Auszeichnung als bester Exporteur im Jahr 2015 seiitens des Wirtschaftsministeriums Anerkennung der &#8222;Poslovna.hr&#8220; f\u00fcr Unternehmenserfolge, wobei durch unsere Qualit\u00e4t und Erfolg unsere Aktivit\u00e4t in der kroatischen Gesch\u00e4ftswelt als Spezialist in der Holzbranche erkannt wurde und wir [&hellip;]<\/p>\n","protected":false},"author":1,"featured_media":495,"parent":0,"menu_order":0,"comment_status":"closed","ping_status":"closed","template":"nagrade.php","meta":{"_acf_changed":false,"footnotes":""},"class_list":["post-305","page","type-page","status-publish","has-post-thumbnail","hentry"],"acf":[],"yoast_head":"<!-- This site is optimized with the Yoast SEO plugin v27.0 - https:\/\/yoast.com\/product\/yoast-seo-wordpress\/ -->\n<title>Zertifikate und Auszeichnungen - MMM-Vukeli\u0107<\/title>\n<meta name=\"robots\" content=\"noindex, follow, max-snippet:-1, max-image-preview:large, max-video-preview:-1\" \/>\n<meta property=\"og:locale\" content=\"de_DE\" \/>\n<meta property=\"og:type\" content=\"article\" \/>\n<meta property=\"og:title\" content=\"Zertifikate und Auszeichnungen - MMM-Vukeli\u0107\" \/>\n<meta property=\"og:description\" content=\"Auszeichnungen Gewinner von 5 renommierten Preisen der Kroatischen Wirtschaftskammer und des Ministeriums f\u00fcr Wirtschaft, Unternehmen und Handwerk &#8222;Goldene Marder&#8220; Auszeichnung als bester Exporteur im Jahr 2015 seiitens des Wirtschaftsministeriums Anerkennung der &#8222;Poslovna.hr&#8220; f\u00fcr Unternehmenserfolge, wobei durch unsere Qualit\u00e4t und Erfolg unsere Aktivit\u00e4t in der kroatischen Gesch\u00e4ftswelt als Spezialist in der Holzbranche erkannt wurde und wir [&hellip;]\" \/>\n<meta property=\"og:url\" content=\"https:\/\/beta.mmm-vukelic.hr\/de\/zertifikate-und-auszeichnungen\/\" \/>\n<meta property=\"og:site_name\" content=\"MMM-Vukeli\u0107\" \/>\n<meta property=\"article:modified_time\" content=\"2019-10-03T17:14:45+00:00\" \/>\n<meta property=\"og:image\" content=\"https:\/\/beta.mmm-vukelic.hr\/wp-content\/uploads\/2018\/01\/nagrade.jpg\" \/>\n\t<meta property=\"og:image:width\" content=\"640\" \/>\n\t<meta property=\"og:image:height\" content=\"480\" \/>\n\t<meta property=\"og:image:type\" content=\"image\/jpeg\" \/>\n<meta name=\"twitter:card\" content=\"summary_large_image\" \/>\n<meta name=\"twitter:label1\" content=\"Gesch\u00e4tzte Lesezeit\" \/>\n\t<meta name=\"twitter:data1\" content=\"1\u00a0Minute\" \/>\n<script type=\"application\/ld+json\" class=\"yoast-schema-graph\">{\"@context\":\"https:\/\/schema.org\",\"@graph\":[{\"@type\":\"WebPage\",\"@id\":\"https:\/\/beta.mmm-vukelic.hr\/de\/zertifikate-und-auszeichnungen\/\",\"url\":\"https:\/\/beta.mmm-vukelic.hr\/de\/zertifikate-und-auszeichnungen\/\",\"name\":\"Zertifikate und Auszeichnungen - MMM-Vukeli\u0107\",\"isPartOf\":{\"@id\":\"https:\/\/beta.mmm-vukelic.hr\/#website\"},\"primaryImageOfPage\":{\"@id\":\"https:\/\/beta.mmm-vukelic.hr\/de\/zertifikate-und-auszeichnungen\/#primaryimage\"},\"image\":{\"@id\":\"https:\/\/beta.mmm-vukelic.hr\/de\/zertifikate-und-auszeichnungen\/#primaryimage\"},\"thumbnailUrl\":\"https:\/\/beta.mmm-vukelic.hr\/wp-content\/uploads\/2018\/01\/nagrade.jpg\",\"datePublished\":\"2018-01-05T13:03:00+00:00\",\"dateModified\":\"2019-10-03T17:14:45+00:00\",\"breadcrumb\":{\"@id\":\"https:\/\/beta.mmm-vukelic.hr\/de\/zertifikate-und-auszeichnungen\/#breadcrumb\"},\"inLanguage\":\"de\",\"potentialAction\":[{\"@type\":\"ReadAction\",\"target\":[\"https:\/\/beta.mmm-vukelic.hr\/de\/zertifikate-und-auszeichnungen\/\"]}]},{\"@type\":\"ImageObject\",\"inLanguage\":\"de\",\"@id\":\"https:\/\/beta.mmm-vukelic.hr\/de\/zertifikate-und-auszeichnungen\/#primaryimage\",\"url\":\"https:\/\/beta.mmm-vukelic.hr\/wp-content\/uploads\/2018\/01\/nagrade.jpg\",\"contentUrl\":\"https:\/\/beta.mmm-vukelic.hr\/wp-content\/uploads\/2018\/01\/nagrade.jpg\",\"width\":640,\"height\":480},{\"@type\":\"BreadcrumbList\",\"@id\":\"https:\/\/beta.mmm-vukelic.hr\/de\/zertifikate-und-auszeichnungen\/#breadcrumb\",\"itemListElement\":[{\"@type\":\"ListItem\",\"position\":1,\"name\":\"MMM-Vukeli\u0107\",\"item\":\"https:\/\/beta.mmm-vukelic.hr\/de\/\"},{\"@type\":\"ListItem\",\"position\":2,\"name\":\"Zertifikate und Auszeichnungen\"}]},{\"@type\":\"WebSite\",\"@id\":\"https:\/\/beta.mmm-vukelic.hr\/#website\",\"url\":\"https:\/\/beta.mmm-vukelic.hr\/\",\"name\":\"MMM-Vukeli\u0107\",\"description\":\"Drvna industrija\",\"potentialAction\":[{\"@type\":\"SearchAction\",\"target\":{\"@type\":\"EntryPoint\",\"urlTemplate\":\"https:\/\/beta.mmm-vukelic.hr\/?s={search_term_string}\"},\"query-input\":{\"@type\":\"PropertyValueSpecification\",\"valueRequired\":true,\"valueName\":\"search_term_string\"}}],\"inLanguage\":\"de\"}]}<\/script>\n<!-- \/ Yoast SEO plugin. -->","yoast_head_json":{"title":"Zertifikate und Auszeichnungen - MMM-Vukeli\u0107","robots":{"index":"noindex","follow":"follow","max-snippet":"max-snippet:-1","max-image-preview":"max-image-preview:large","max-video-preview":"max-video-preview:-1"},"og_locale":"de_DE","og_type":"article","og_title":"Zertifikate und Auszeichnungen - MMM-Vukeli\u0107","og_description":"Auszeichnungen Gewinner von 5 renommierten Preisen der Kroatischen Wirtschaftskammer und des Ministeriums f\u00fcr Wirtschaft, Unternehmen und Handwerk &#8222;Goldene Marder&#8220; Auszeichnung als bester Exporteur im Jahr 2015 seiitens des Wirtschaftsministeriums Anerkennung der &#8222;Poslovna.hr&#8220; f\u00fcr Unternehmenserfolge, wobei durch unsere Qualit\u00e4t und Erfolg unsere Aktivit\u00e4t in der kroatischen Gesch\u00e4ftswelt als Spezialist in der Holzbranche erkannt wurde und wir [&hellip;]","og_url":"https:\/\/beta.mmm-vukelic.hr\/de\/zertifikate-und-auszeichnungen\/","og_site_name":"MMM-Vukeli\u0107","article_modified_time":"2019-10-03T17:14:45+00:00","og_image":[{"width":640,"height":480,"url":"https:\/\/beta.mmm-vukelic.hr\/wp-content\/uploads\/2018\/01\/nagrade.jpg","type":"image\/jpeg"}],"twitter_card":"summary_large_image","twitter_misc":{"Gesch\u00e4tzte Lesezeit":"1\u00a0Minute"},"schema":{"@context":"https:\/\/schema.org","@graph":[{"@type":"WebPage","@id":"https:\/\/beta.mmm-vukelic.hr\/de\/zertifikate-und-auszeichnungen\/","url":"https:\/\/beta.mmm-vukelic.hr\/de\/zertifikate-und-auszeichnungen\/","name":"Zertifikate und Auszeichnungen - MMM-Vukeli\u0107","isPartOf":{"@id":"https:\/\/beta.mmm-vukelic.hr\/#website"},"primaryImageOfPage":{"@id":"https:\/\/beta.mmm-vukelic.hr\/de\/zertifikate-und-auszeichnungen\/#primaryimage"},"image":{"@id":"https:\/\/beta.mmm-vukelic.hr\/de\/zertifikate-und-auszeichnungen\/#primaryimage"},"thumbnailUrl":"https:\/\/beta.mmm-vukelic.hr\/wp-content\/uploads\/2018\/01\/nagrade.jpg","datePublished":"2018-01-05T13:03:00+00:00","dateModified":"2019-10-03T17:14:45+00:00","breadcrumb":{"@id":"https:\/\/beta.mmm-vukelic.hr\/de\/zertifikate-und-auszeichnungen\/#breadcrumb"},"inLanguage":"de","potentialAction":[{"@type":"ReadAction","target":["https:\/\/beta.mmm-vukelic.hr\/de\/zertifikate-und-auszeichnungen\/"]}]},{"@type":"ImageObject","inLanguage":"de","@id":"https:\/\/beta.mmm-vukelic.hr\/de\/zertifikate-und-auszeichnungen\/#primaryimage","url":"https:\/\/beta.mmm-vukelic.hr\/wp-content\/uploads\/2018\/01\/nagrade.jpg","contentUrl":"https:\/\/beta.mmm-vukelic.hr\/wp-content\/uploads\/2018\/01\/nagrade.jpg","width":640,"height":480},{"@type":"BreadcrumbList","@id":"https:\/\/beta.mmm-vukelic.hr\/de\/zertifikate-und-auszeichnungen\/#breadcrumb","itemListElement":[{"@type":"ListItem","position":1,"name":"MMM-Vukeli\u0107","item":"https:\/\/beta.mmm-vukelic.hr\/de\/"},{"@type":"ListItem","position":2,"name":"Zertifikate und Auszeichnungen"}]},{"@type":"WebSite","@id":"https:\/\/beta.mmm-vukelic.hr\/#website","url":"https:\/\/beta.mmm-vukelic.hr\/","name":"MMM-Vukeli\u0107","description":"Drvna industrija","potentialAction":[{"@type":"SearchAction","target":{"@type":"EntryPoint","urlTemplate":"https:\/\/beta.mmm-vukelic.hr\/?s={search_term_string}"},"query-input":{"@type":"PropertyValueSpecification","valueRequired":true,"valueName":"search_term_string"}}],"inLanguage":"de"}]}},"_links":{"self":[{"href":"https:\/\/beta.mmm-vukelic.hr\/de\/wp-json\/wp\/v2\/pages\/305","targetHints":{"allow":["GET"]}}],"collection":[{"href":"https:\/\/beta.mmm-vukelic.hr\/de\/wp-json\/wp\/v2\/pages"}],"about":[{"href":"https:\/\/beta.mmm-vukelic.hr\/de\/wp-json\/wp\/v2\/types\/page"}],"author":[{"embeddable":true,"href":"https:\/\/beta.mmm-vukelic.hr\/de\/wp-json\/wp\/v2\/users\/1"}],"replies":[{"embeddable":true,"href":"https:\/\/beta.mmm-vukelic.hr\/de\/wp-json\/wp\/v2\/comments?post=305"}],"version-history":[{"count":0,"href":"https:\/\/beta.mmm-vukelic.hr\/de\/wp-json\/wp\/v2\/pages\/305\/revisions"}],"wp:featuredmedia":[{"embeddable":true,"href":"https:\/\/beta.mmm-vukelic.hr\/de\/wp-json\/wp\/v2\/media\/495"}],"wp:attachment":[{"href":"https:\/\/beta.mmm-vukelic.hr\/de\/wp-json\/wp\/v2\/media?parent=305"}],"curies":[{"name":"wp","href":"https:\/\/api.w.org\/{rel}","templated":true}]}}