{"id":5678,"date":"2018-05-30T09:39:20","date_gmt":"2018-05-30T09:39:20","guid":{"rendered":"https:\/\/beta.mmm-vukelic.hr\/ekoloski-odgovorni\/"},"modified":"2019-05-10T12:43:53","modified_gmt":"2019-05-10T12:43:53","slug":"oekologisches-bewusstsein","status":"publish","type":"page","link":"https:\/\/beta.mmm-vukelic.hr\/de\/oekologisches-bewusstsein\/","title":{"rendered":"\u00d6kologisches bewu\u00dftsein"},"content":{"rendered":"<p><img loading=\"lazy\" decoding=\"async\" class=\" wp-image-5901 aligncenter\" src=\"https:\/\/beta.mmm-vukelic.hr\/wp-content\/uploads\/2018\/06\/vizi.jpg\" alt=\"\" width=\"640\" height=\"387\" srcset=\"https:\/\/beta.mmm-vukelic.hr\/wp-content\/uploads\/2018\/06\/vizi.jpg 965w, https:\/\/beta.mmm-vukelic.hr\/wp-content\/uploads\/2018\/06\/vizi-300x182.jpg 300w, https:\/\/beta.mmm-vukelic.hr\/wp-content\/uploads\/2018\/06\/vizi-600x363.jpg 600w, https:\/\/beta.mmm-vukelic.hr\/wp-content\/uploads\/2018\/06\/vizi-768x465.jpg 768w\" sizes=\"auto, (max-width: 640px) 100vw, 640px\" \/><\/p>\n<p>&nbsp;<\/p>\n<p><strong>MMM-Vukeli\u0107 GmbH Holzindustrie<\/strong> investiert in der Herstellung zahlreiche Mittel um ein umweltfreundliches Finalprodukt zu erstellen.<\/p>\n<p>&nbsp;<\/p>\n<p><strong>EINGANG \/ INPUT<\/strong><\/p>\n<p>Unser prim\u00e4res Input in der Herstellung ist Holz. All Rohmaterial das wir erhalten ist ausschlie\u00dflich Rundholz aus den kroatischen W\u00e4ldern. Die Grundprinzipien der kroatischen Forstwirtschaft sind die dauerhafte Erhaltung der nat\u00fcrlichen Struktur und Vielfalt der W\u00e4lder und die st\u00e4ndige Verbesserung der Stabilit\u00e4t und Qualit\u00e4t der wirtschaftlichen und allgemeinen Waldfunktionen. Das Hauptmerkmal der kroatischen W\u00e4lder ist, da\u00df sie zu <strong>95% nat\u00fcrlich<\/strong> sind, im Gegensatz zu vielen europ\u00e4ischen, die es nicht sind. Gerade dieses Rohstoff ist die Basis unserer Herstellung. Wegen intensiver Exploatation sind in Europa heimische W\u00e4lder vernichtet und werden mit schnellwachsenden Arten ersetzt, so wurden Monokulturen \u2013 W\u00e4lder aus einer Holzart angez\u00fcchtet die dort nicht heimisch sind, wodurch diese besonders empfindlich und \u00f6kologisch weniger stabil sind. Wir unterst\u00fctzen das kroatische Forstwesen und Fortwirtschaft um die W\u00e4lder auch f\u00fcr zuk\u00fcnftige Generationen so zu erhalten. Wie sehr wir unseren kroatischen Rohstoff sch\u00e4tzen zeigt auch die Ausbeute von \u00fcber <strong>95%<\/strong> aus Rohstoff bis zum Finalprodukt.<\/p>\n<p>&nbsp;<\/p>\n<p><strong>UMWELT<\/strong><\/p>\n<p>Unsere Mission ist eine \u00f6kologisch bewu\u00dfte Herstellungspolitik. Wir benutzen Multizyklone f\u00fcr die Trennung der Gase und Partikel zu <strong>98%<\/strong>, und Filter zur Minderung der\u00a0 fl\u00fcchtigen organischen Verbindungen.<\/p>\n<p>Im Durchschnitt verwenden wir \u00fcber <strong>60%<\/strong> W\u00e4rmeenergie in der Produktion. W\u00e4rmeenergie gewinnen wir ausschlie\u00dflich aus Holzresten eigener Herstellung und der Biomasse, ohne Nutzung von fosilen Brennstoffen und anderen Kohlenwasserstoffen. Durch Nutzung der W\u00e4rmeenergie aus eigenen Holzresten (gemalene Holzreste und S\u00e4gemehl) heitzen wir die Produktiohshallen und das Verwaltungsgeb\u00e4ude und haben daher keinen Bedarf auf Nutzung von Erdgas oder fosilem Brennstoff.<\/p>\n<p>In der Finalproduktion benutzen wir und empfehlen Lacke auf <strong>Wasserbasis<\/strong> (nicht auf der Basis von Poliuretan oder Nitro), \u00d6le\/Wachs auf <strong>nat\u00fcrlicher Basis<\/strong>, au\u00dfer im Falle wenn der Investor oder Kunde es anders verlangt.<\/p>\n<p>Vor allem ist der Arbeiterschutz auf erstem Platz und wir wollen auch weiterhin den Schutz der Arbeiter und neue Technologie f\u00f6rdern.<\/p>\n<p>&nbsp;<\/p>\n<p><strong>FSC<span class=\"st\">\u00ae (Forest Stewardship Council\u00ae)<br \/>\n<\/span><\/strong><\/p>\n<p><strong>Holzindustrie MMM-Vukeli\u0107 GmbH<\/strong> ist mit FSC<span class=\"st\">\u00ae<\/span> Zertifikat ausgestattet. FSC<span class=\"st\">\u00ae<\/span> Zertifikation bedeutet da\u00df mit den Forstresourcen nach strengen \u00f6kologischen, sozialen und wirtschaftlichen Standarden gearbeitet wird. FSC Zertifikat bedeutet eine gro\u00dfe Ehre und weltweite Anerkennung f\u00fcr Forstwirtschaft innerhalb der &#8222;Kroatischen W\u00e4lder&#8220; die immer im Einklang mit strengen Kriterien stehen.<\/p>\n<p><strong>F\u00fcr den normalen B\u00fcrger, den K\u00e4ufer der Holzprodukte, bedeutet das FSC<span class=\"st\">\u00ae<\/span> Logotyp da\u00df das Erzeugnis das er kauft nicht auf die Weise erzeugt wurde, da\u00df W\u00e4lder geopfert wurden, und da\u00df er mit seinem Kauf der ungnadigen Exploatation der Waldresource nicht beigetragen hat. <\/strong><\/p>\n<p><strong>Wir weisen darauf hin, da\u00df unsere Produkte nach den europ\u00e4ischen CE Standarden hergestellt sind.<\/strong><\/p>\n<hr \/>\n<p><img loading=\"lazy\" decoding=\"async\" class=\"alignnone wp-image-4411\" src=\"https:\/\/beta.mmm-vukelic.hr\/wp-content\/uploads\/2018\/02\/ce-mark-300x211.png\" alt=\"\" width=\"206\" height=\"145\" srcset=\"https:\/\/beta.mmm-vukelic.hr\/wp-content\/uploads\/2018\/02\/ce-mark-300x211.png 300w, https:\/\/beta.mmm-vukelic.hr\/wp-content\/uploads\/2018\/02\/ce-mark-600x423.png 600w, https:\/\/beta.mmm-vukelic.hr\/wp-content\/uploads\/2018\/02\/ce-mark-768x541.png 768w, https:\/\/beta.mmm-vukelic.hr\/wp-content\/uploads\/2018\/02\/ce-mark-1024x722.png 1024w, https:\/\/beta.mmm-vukelic.hr\/wp-content\/uploads\/2018\/02\/ce-mark-180x127.png 180w, https:\/\/beta.mmm-vukelic.hr\/wp-content\/uploads\/2018\/02\/ce-mark.png 1192w\" sizes=\"auto, (max-width: 206px) 100vw, 206px\" \/>\u00a0 <a href=\"http:\/\/www.drvojeprvo.hr\/\"><img loading=\"lazy\" decoding=\"async\" class=\"alignnone wp-image-5276\" src=\"https:\/\/beta.mmm-vukelic.hr\/wp-content\/uploads\/2018\/03\/drvo_je_prvo.jpg\" alt=\"\" width=\"125\" height=\"153\" srcset=\"https:\/\/beta.mmm-vukelic.hr\/wp-content\/uploads\/2018\/03\/drvo_je_prvo.jpg 298w, https:\/\/beta.mmm-vukelic.hr\/wp-content\/uploads\/2018\/03\/drvo_je_prvo-246x300.jpg 246w, https:\/\/beta.mmm-vukelic.hr\/wp-content\/uploads\/2018\/03\/drvo_je_prvo-147x180.jpg 147w\" sizes=\"auto, (max-width: 125px) 100vw, 125px\" \/><\/a> \u00a0 \u00a0 \u00a0 \u00a0 \u00a0 <img loading=\"lazy\" decoding=\"async\" class=\"alignnone wp-image-8091 \" src=\"https:\/\/beta.mmm-vukelic.hr\/wp-content\/uploads\/2019\/02\/FSC-logo-za-web-stranicu-205x300.jpeg\" alt=\"\" width=\"98\" height=\"143\" srcset=\"https:\/\/beta.mmm-vukelic.hr\/wp-content\/uploads\/2019\/02\/FSC-logo-za-web-stranicu-205x300.jpeg 205w, https:\/\/beta.mmm-vukelic.hr\/wp-content\/uploads\/2019\/02\/FSC-logo-za-web-stranicu-300x439.jpeg 300w, https:\/\/beta.mmm-vukelic.hr\/wp-content\/uploads\/2019\/02\/FSC-logo-za-web-stranicu-600x878.jpeg 600w, https:\/\/beta.mmm-vukelic.hr\/wp-content\/uploads\/2019\/02\/FSC-logo-za-web-stranicu-700x1024.jpeg 700w, https:\/\/beta.mmm-vukelic.hr\/wp-content\/uploads\/2019\/02\/FSC-logo-za-web-stranicu-410x600.jpeg 410w, https:\/\/beta.mmm-vukelic.hr\/wp-content\/uploads\/2019\/02\/FSC-logo-za-web-stranicu.jpeg 759w\" sizes=\"auto, (max-width: 98px) 100vw, 98px\" \/><\/p>\n<p>&nbsp;<\/p>\n","protected":false},"excerpt":{"rendered":"<p>&nbsp; MMM-Vukeli\u0107 GmbH Holzindustrie investiert in der Herstellung zahlreiche Mittel um ein umweltfreundliches Finalprodukt zu erstellen. &nbsp; EINGANG \/ INPUT Unser prim\u00e4res Input in der Herstellung ist Holz. All Rohmaterial das wir erhalten ist ausschlie\u00dflich Rundholz aus den kroatischen W\u00e4ldern. Die Grundprinzipien der kroatischen Forstwirtschaft sind die dauerhafte Erhaltung der nat\u00fcrlichen Struktur und Vielfalt der [&hellip;]<\/p>\n","protected":false},"author":1,"featured_media":0,"parent":0,"menu_order":0,"comment_status":"closed","ping_status":"closed","template":"","meta":{"_acf_changed":false,"footnotes":""},"class_list":["post-5678","page","type-page","status-publish","hentry"],"acf":[],"yoast_head":"<!-- This site is optimized with the Yoast SEO plugin v27.0 - https:\/\/yoast.com\/product\/yoast-seo-wordpress\/ -->\n<title>\u00d6kologisches bewu\u00dftsein - MMM-Vukeli\u0107<\/title>\n<meta name=\"robots\" content=\"noindex, follow, max-snippet:-1, max-image-preview:large, max-video-preview:-1\" \/>\n<meta property=\"og:locale\" content=\"de_DE\" \/>\n<meta property=\"og:type\" content=\"article\" \/>\n<meta property=\"og:title\" content=\"\u00d6kologisches bewu\u00dftsein - MMM-Vukeli\u0107\" \/>\n<meta property=\"og:description\" content=\"&nbsp; MMM-Vukeli\u0107 GmbH Holzindustrie investiert in der Herstellung zahlreiche Mittel um ein umweltfreundliches Finalprodukt zu erstellen. &nbsp; EINGANG \/ INPUT Unser prim\u00e4res Input in der Herstellung ist Holz. All Rohmaterial das wir erhalten ist ausschlie\u00dflich Rundholz aus den kroatischen W\u00e4ldern. Die Grundprinzipien der kroatischen Forstwirtschaft sind die dauerhafte Erhaltung der nat\u00fcrlichen Struktur und Vielfalt der [&hellip;]\" \/>\n<meta property=\"og:url\" content=\"https:\/\/beta.mmm-vukelic.hr\/de\/oekologisches-bewusstsein\/\" \/>\n<meta property=\"og:site_name\" content=\"MMM-Vukeli\u0107\" \/>\n<meta property=\"article:modified_time\" content=\"2019-05-10T12:43:53+00:00\" \/>\n<meta property=\"og:image\" content=\"https:\/\/beta.mmm-vukelic.hr\/wp-content\/uploads\/2018\/06\/vizi.jpg\" \/>\n<meta name=\"twitter:card\" content=\"summary_large_image\" \/>\n<meta name=\"twitter:label1\" content=\"Gesch\u00e4tzte Lesezeit\" \/>\n\t<meta name=\"twitter:data1\" content=\"2\u00a0Minuten\" \/>\n<script type=\"application\/ld+json\" class=\"yoast-schema-graph\">{\"@context\":\"https:\/\/schema.org\",\"@graph\":[{\"@type\":\"WebPage\",\"@id\":\"https:\/\/beta.mmm-vukelic.hr\/de\/oekologisches-bewusstsein\/\",\"url\":\"https:\/\/beta.mmm-vukelic.hr\/de\/oekologisches-bewusstsein\/\",\"name\":\"\u00d6kologisches bewu\u00dftsein - MMM-Vukeli\u0107\",\"isPartOf\":{\"@id\":\"https:\/\/beta.mmm-vukelic.hr\/#website\"},\"primaryImageOfPage\":{\"@id\":\"https:\/\/beta.mmm-vukelic.hr\/de\/oekologisches-bewusstsein\/#primaryimage\"},\"image\":{\"@id\":\"https:\/\/beta.mmm-vukelic.hr\/de\/oekologisches-bewusstsein\/#primaryimage\"},\"thumbnailUrl\":\"https:\/\/beta.mmm-vukelic.hr\/wp-content\/uploads\/2018\/06\/vizi.jpg\",\"datePublished\":\"2018-05-30T09:39:20+00:00\",\"dateModified\":\"2019-05-10T12:43:53+00:00\",\"breadcrumb\":{\"@id\":\"https:\/\/beta.mmm-vukelic.hr\/de\/oekologisches-bewusstsein\/#breadcrumb\"},\"inLanguage\":\"de\",\"potentialAction\":[{\"@type\":\"ReadAction\",\"target\":[\"https:\/\/beta.mmm-vukelic.hr\/de\/oekologisches-bewusstsein\/\"]}]},{\"@type\":\"ImageObject\",\"inLanguage\":\"de\",\"@id\":\"https:\/\/beta.mmm-vukelic.hr\/de\/oekologisches-bewusstsein\/#primaryimage\",\"url\":\"https:\/\/beta.mmm-vukelic.hr\/wp-content\/uploads\/2018\/06\/vizi.jpg\",\"contentUrl\":\"https:\/\/beta.mmm-vukelic.hr\/wp-content\/uploads\/2018\/06\/vizi.jpg\"},{\"@type\":\"BreadcrumbList\",\"@id\":\"https:\/\/beta.mmm-vukelic.hr\/de\/oekologisches-bewusstsein\/#breadcrumb\",\"itemListElement\":[{\"@type\":\"ListItem\",\"position\":1,\"name\":\"MMM-Vukeli\u0107\",\"item\":\"https:\/\/beta.mmm-vukelic.hr\/de\/\"},{\"@type\":\"ListItem\",\"position\":2,\"name\":\"\u00d6kologisches bewu\u00dftsein\"}]},{\"@type\":\"WebSite\",\"@id\":\"https:\/\/beta.mmm-vukelic.hr\/#website\",\"url\":\"https:\/\/beta.mmm-vukelic.hr\/\",\"name\":\"MMM-Vukeli\u0107\",\"description\":\"Drvna industrija\",\"potentialAction\":[{\"@type\":\"SearchAction\",\"target\":{\"@type\":\"EntryPoint\",\"urlTemplate\":\"https:\/\/beta.mmm-vukelic.hr\/?s={search_term_string}\"},\"query-input\":{\"@type\":\"PropertyValueSpecification\",\"valueRequired\":true,\"valueName\":\"search_term_string\"}}],\"inLanguage\":\"de\"}]}<\/script>\n<!-- \/ Yoast SEO plugin. -->","yoast_head_json":{"title":"\u00d6kologisches bewu\u00dftsein - MMM-Vukeli\u0107","robots":{"index":"noindex","follow":"follow","max-snippet":"max-snippet:-1","max-image-preview":"max-image-preview:large","max-video-preview":"max-video-preview:-1"},"og_locale":"de_DE","og_type":"article","og_title":"\u00d6kologisches bewu\u00dftsein - MMM-Vukeli\u0107","og_description":"&nbsp; MMM-Vukeli\u0107 GmbH Holzindustrie investiert in der Herstellung zahlreiche Mittel um ein umweltfreundliches Finalprodukt zu erstellen. &nbsp; EINGANG \/ INPUT Unser prim\u00e4res Input in der Herstellung ist Holz. All Rohmaterial das wir erhalten ist ausschlie\u00dflich Rundholz aus den kroatischen W\u00e4ldern. Die Grundprinzipien der kroatischen Forstwirtschaft sind die dauerhafte Erhaltung der nat\u00fcrlichen Struktur und Vielfalt der [&hellip;]","og_url":"https:\/\/beta.mmm-vukelic.hr\/de\/oekologisches-bewusstsein\/","og_site_name":"MMM-Vukeli\u0107","article_modified_time":"2019-05-10T12:43:53+00:00","og_image":[{"url":"https:\/\/beta.mmm-vukelic.hr\/wp-content\/uploads\/2018\/06\/vizi.jpg","type":"","width":"","height":""}],"twitter_card":"summary_large_image","twitter_misc":{"Gesch\u00e4tzte Lesezeit":"2\u00a0Minuten"},"schema":{"@context":"https:\/\/schema.org","@graph":[{"@type":"WebPage","@id":"https:\/\/beta.mmm-vukelic.hr\/de\/oekologisches-bewusstsein\/","url":"https:\/\/beta.mmm-vukelic.hr\/de\/oekologisches-bewusstsein\/","name":"\u00d6kologisches bewu\u00dftsein - MMM-Vukeli\u0107","isPartOf":{"@id":"https:\/\/beta.mmm-vukelic.hr\/#website"},"primaryImageOfPage":{"@id":"https:\/\/beta.mmm-vukelic.hr\/de\/oekologisches-bewusstsein\/#primaryimage"},"image":{"@id":"https:\/\/beta.mmm-vukelic.hr\/de\/oekologisches-bewusstsein\/#primaryimage"},"thumbnailUrl":"https:\/\/beta.mmm-vukelic.hr\/wp-content\/uploads\/2018\/06\/vizi.jpg","datePublished":"2018-05-30T09:39:20+00:00","dateModified":"2019-05-10T12:43:53+00:00","breadcrumb":{"@id":"https:\/\/beta.mmm-vukelic.hr\/de\/oekologisches-bewusstsein\/#breadcrumb"},"inLanguage":"de","potentialAction":[{"@type":"ReadAction","target":["https:\/\/beta.mmm-vukelic.hr\/de\/oekologisches-bewusstsein\/"]}]},{"@type":"ImageObject","inLanguage":"de","@id":"https:\/\/beta.mmm-vukelic.hr\/de\/oekologisches-bewusstsein\/#primaryimage","url":"https:\/\/beta.mmm-vukelic.hr\/wp-content\/uploads\/2018\/06\/vizi.jpg","contentUrl":"https:\/\/beta.mmm-vukelic.hr\/wp-content\/uploads\/2018\/06\/vizi.jpg"},{"@type":"BreadcrumbList","@id":"https:\/\/beta.mmm-vukelic.hr\/de\/oekologisches-bewusstsein\/#breadcrumb","itemListElement":[{"@type":"ListItem","position":1,"name":"MMM-Vukeli\u0107","item":"https:\/\/beta.mmm-vukelic.hr\/de\/"},{"@type":"ListItem","position":2,"name":"\u00d6kologisches bewu\u00dftsein"}]},{"@type":"WebSite","@id":"https:\/\/beta.mmm-vukelic.hr\/#website","url":"https:\/\/beta.mmm-vukelic.hr\/","name":"MMM-Vukeli\u0107","description":"Drvna industrija","potentialAction":[{"@type":"SearchAction","target":{"@type":"EntryPoint","urlTemplate":"https:\/\/beta.mmm-vukelic.hr\/?s={search_term_string}"},"query-input":{"@type":"PropertyValueSpecification","valueRequired":true,"valueName":"search_term_string"}}],"inLanguage":"de"}]}},"_links":{"self":[{"href":"https:\/\/beta.mmm-vukelic.hr\/de\/wp-json\/wp\/v2\/pages\/5678","targetHints":{"allow":["GET"]}}],"collection":[{"href":"https:\/\/beta.mmm-vukelic.hr\/de\/wp-json\/wp\/v2\/pages"}],"about":[{"href":"https:\/\/beta.mmm-vukelic.hr\/de\/wp-json\/wp\/v2\/types\/page"}],"author":[{"embeddable":true,"href":"https:\/\/beta.mmm-vukelic.hr\/de\/wp-json\/wp\/v2\/users\/1"}],"replies":[{"embeddable":true,"href":"https:\/\/beta.mmm-vukelic.hr\/de\/wp-json\/wp\/v2\/comments?post=5678"}],"version-history":[{"count":0,"href":"https:\/\/beta.mmm-vukelic.hr\/de\/wp-json\/wp\/v2\/pages\/5678\/revisions"}],"wp:attachment":[{"href":"https:\/\/beta.mmm-vukelic.hr\/de\/wp-json\/wp\/v2\/media?parent=5678"}],"curies":[{"name":"wp","href":"https:\/\/api.w.org\/{rel}","templated":true}]}}