{"id":5934,"date":"2018-06-27T09:22:42","date_gmt":"2018-06-27T09:22:42","guid":{"rendered":"https:\/\/beta.mmm-vukelic.hr\/?page_id=5934"},"modified":"2018-06-27T09:22:42","modified_gmt":"2018-06-27T09:22:42","slug":"regeln-zum-datenschutz-auf-der-webseite","status":"publish","type":"page","link":"https:\/\/beta.mmm-vukelic.hr\/de\/regeln-zum-datenschutz-auf-der-webseite\/","title":{"rendered":"Regeln zum datenschutz auf der webseite"},"content":{"rendered":"<h3><strong>1. Allgemeine Informationen<\/strong><\/h3>\n<p>Diese Regeln zum Datenschutz (weiter: Regeln) beschreiben welche Ihre pers\u00f6nlichen Daten wir sammeln, auf welche Weise wir diese verarbeiten und zu welchen Zwecken verwenden, sowie Ihre Rechte bez\u00fcglich Ihrer Angaben.<\/p>\n<p>MMM-Vukeli\u0107 GmbH, Bresta\u010da, Zagreba\u010dka 228\/c, PIN 26243408865 (weiter: &#8222;MMM-Vukeli\u0107&#8220; oder &#8222;wir&#8220;) verarbeiten pers\u00f6nliche Daten der Nutzer und Besucher der Webseite <a href=\"http:\/\/www.mmm-vukelic.hr\/\">www.mmm-vukelic.hr<\/a>\u00a0 auf Grundlage der g\u00fcltigen Bestimmungen durch welche der Datenschutz reguliert ist (Allgemeine Verordnung \u00fcber Datenschutz 2016\/679).<\/p>\n<p>Wir sch\u00e4tzen Ihr Privatleben und verarbeiten Ihre Daten gerecht und legitim, ausschlie\u00dflich auf Grundlage der gesetzlichen Bestimmungen, beziehungsweise aufgrund Ihrer Einwilligung zur Verarbeitung.<\/p>\n<p>&nbsp;<\/p>\n<h3><strong>2. Art und Zweck der Datenverarbeitung<\/strong><\/h3>\n<p><strong>Promotive Meldungen (Werbungen)<\/strong><\/p>\n<p>Der Zugang zur Webseite <a href=\"http:\/\/www.mmm-vukelic.hr\/\">www.mmm-vukelic.hr<\/a> ist frei, verlangt keine Registration. Falls Sie Werbungen \u00fcber unsere Erzeugnisse und Dienste wollen, k\u00f6nnen Sie einfache Anmeldung Ihrer e-mail Adresse im Webformular w\u00e4hlen, ohne n\u00f6tige Registration. In jedem Moment k\u00f6nnen Sie der Erhalt von Werbungen durch angebotene Option R\u00fccknahme der Einwilligung absagen.<\/p>\n<p><strong>Kontakt mit uns<\/strong><\/p>\n<p>Wenn Sie sich mit einer Anfrage an uns wenden, werden Daten die Sie uns dabei angeben ausschlie\u00dflich zwecks Bearbeitung Ihrer Anfrage bearbeitet. Nach Beantwortung Ihrer Anfrage werden die zugestellten Daten gel\u00f6scht.<\/p>\n<p>Pers\u00f6nliche Daten die f\u00fcr etwaige Reklamationen notwendig sind werden 12 Monate nach Zustellung laut Verordnung des K\u00e4uferrechtes bei uns gespeichert.<\/p>\n<p>&nbsp;<\/p>\n<h3><strong>3. Schutz der pers\u00f6nlichen Daten<\/strong><\/h3>\n<p>Gesammelte pers\u00f6nliche Daten verarbeiten wir durch Anwendung entsprechender rechtlichen, technischen und organisatorischen Sicherheitsma\u00dfnahmen um jegliche unbefugte Datenverarbeitung zu verhindern. Der Zugang zu Ihren pers\u00f6nlichen Daten ist nur auf die Angestellten begrenzt, welche diese Informationen f\u00fcr unsere Dienstleistungen ben\u00f6tigen. Kontinuierlich eduzieren wir unsere Angestellten \u00fcber die Wichtigkeit des Datenschutzes und des Privatschutzes sowie des Schutzes Ihrer Angaben. Wir sammeln nur die Daten, die uns f\u00fcr die Verarbeitung notwendig sind und speichern diese nicht l\u00e4nger als n\u00f6tig, beziehungsweise entsprechend den gesetzlichen Verordnungen.<\/p>\n<p>&nbsp;<\/p>\n<h3><strong>4. Ihre Rechte<\/strong><\/h3>\n<p>In jedem Moment k\u00f6nnen Sie von uns Informationen \u00fcber die Verarbeitung Ihrer pers\u00f6nlichen Daten verlangen und Verwirklichung folgende Rechte anfordern:<\/p>\n<ul>\n<li>Recht auf Zugang der Daten die sich auf Sie beziehen<\/li>\n<li>Ausbesserung oder Erg\u00e4nzung Ihrer Daten, damit diese immer genau sind<\/li>\n<li>L\u00f6schung Ihrer Daten (falls keine Gr\u00fcnde f\u00fcr die Aufbewahrung bestehen)<\/li>\n<li>Beschr\u00e4nkung der Datenverarbeitung<\/li>\n<li>Einzug der Einwilligung auf Datenverarbeitung (z.B. f\u00fcr den Erhalt promotiver Meldungen).<\/li>\n<\/ul>\n<p>Falls Sie glauben, da\u00df Ihre Rechte verletzt wurden k\u00f6nnen Sie sich bei der Agentur f\u00fcr Datenschutz beschweren:<\/p>\n<p>Marti\u0107eva ulica 14, HR-10000 Zagreb, email: <a href=\"mailto:azop@azop.hr\">azop@azop.hr<\/a><\/p>\n<p>&nbsp;<\/p>\n<h3><strong>5. Kontakt f\u00fcr Datenschutz<\/strong><\/h3>\n<p>Antr\u00e4ge, Einw\u00e4nde und Anfragen die sich auf Verarbeitung und Datenschutz beziehen k\u00f6nnen Sie an die Adresse der elektronischen Post <a href=\"mailto:vukelic@mmm-vukelic.hr\">vukelic@mmm-vukelic.hr<\/a> stellen.<\/p>\n<p>Gem\u00e4\u00df der geltenden gesetzlichen Bestimmungen zum Schutz personenbezogener Daten wird jeder Antrag\/Anfrage so schnell wie m\u00f6glich gel\u00f6st, sp\u00e4testens in binnen von 30 Tagen nach Erhalt. Bei der Kontaktaufnahme, werden wir angemessene Anstrengungen unternehmen um Ihre Identit\u00e4t zu best\u00e4tigen und unautorisierte Datenverarbeitung zu verhindern.<\/p>\n<p>Leiter des Datenverarbeitungsschutzes<\/p>\n<p>MMM-Vukeli\u0107 GmbH<\/p>\n<p>Bresta\u010da, Zagreba\u010dka 228\/c<\/p>\n<p>Tel. 044\/692-170<\/p>\n<p>Fax. 044\/613-191<\/p>\n<p>Handy 092\/1024-366<\/p>\n<p><a href=\"mailto:vukelic@mmm-vukelic.hr\">vukelic@mmm-vukelic.hr<\/a><\/p>\n<p>&nbsp;<\/p>\n<h3><strong>6. Regeln zum Datenschutz anderer Webseiten \/ dritter Personen dritter Seiten<\/strong><\/h3>\n<p>Auf dieser Seite k\u00f6nnen Sie Links zu anderen Webseiten oder Poralen finden. Regeln zum Datenschutz k\u00f6nnen auf diesen Postalen anders als diese Regeln sein. Deshalb bitten wir Sie sich mit den Regeln zum Datenschutz die auf den Seiten anderer Portale und sozialer Netzwerke, bzw. Dritter Personen benutzt werden bekanntzumachen.<\/p>\n<p>Im Falle der \u00c4nderung dieser Regeln werden wir Sie auf dieser Seite benachrichtigen und das Datum der \u00c4nderung wie unten steht aktualisieren.<\/p>\n<p>Letzte \u00c4nderung dieser Regeln war am 25.05.2018.<\/p>\n<p>&nbsp;<\/p>\n<p>&nbsp;<\/p>\n<h3><strong>HTTP Kekse (Cookies)<\/strong><\/h3>\n<p><strong>Nutzungsbedingungen<\/strong><\/p>\n<p>Bei der ersten Nutzung der Webseite wird angenommen da\u00df Sie mit den Bedingungen bekannt sind, da\u00df diese Ihnen klar sind und Sie diese verstehen. Falls Sie nicht einwillig sind, bitte besuchen Sie die Webseite nicht und nutzen Sie deren Inhalt nicht. Falls Sie irgendwelche Fragen oder Unklarheiten bez\u00fcglich der Nutzungsbedingungen haben, bitte wenden Sie sich an unsere email Adresse: <a href=\"mailto:vukelic@mmm-vukelic.hr\">vukelic@mmm-vukelic.hr<\/a><\/p>\n<p>Wir behalten das Recht auf \u00c4nderung des Aussehens und des Inhaltes der Webseite sowie der Nutzungsbedingungen, deshalb bitten wir Sie diese hin und wieder zu lesen um mit m\u00f6glichen \u00c4nderungen bekannt zu werden. Ihre nachtr\u00e4gliche Nutzung unserer Webseite betrachten wir als Annahme aller eventuellen \u00c4nderungen.<\/p>\n<p>&nbsp;<\/p>\n<p><strong>Kekse (cookies)<\/strong><\/p>\n<p>Kekse (so genannte cookies) sind Miniaturdateien die auf den Computer oder Handy gespeichert werden wenn wir eine Webseite besuchen. Cookies erlauben der Webseite Aktivit\u00e4ten und Einstellungen aus fr\u00fcheren Besuchen zu &#8222;merken&#8220; um diese beim n\u00e4chsten Besuch anzuwenden. Auf diese Weise &#8222;wei\u00df&#8220; die Webseite da\u00df Sie schon hier waren und passt in manchen F\u00e4llen den Bildschirm an. Cookies werden meistens als Erinnerung spezifischer Pr\u00e4ferenzen des Nutzers verwendet, zur Hilfe beim Eintrag der Informationen die schon bei fr\u00fcheren Besuchen eingetragen wurden. <a href=\"http:\/\/www.mmm-vukelic.hr\/\">www.mmm-vukelic.hr<\/a> nutzt cookies &#8211;\u00a0 Datensatz der wie Ihr anonymer individueller Identifikator diehnt, so da\u00df die Webseite diesen an Ihren Browser sendet und auf Ihren Computer speichert. Cookies werden zum Funktionieren aller Merkmale der Webseite und zur besseren Nutzererfahrung verwendet.<\/p>\n<p>&nbsp;<\/p>\n<p>Cookies werden noch auf cookies der ersten und cookies der dritten Seite geteilt. Cookies erster Seite kommen von der Webseite auf der Sie sich gerade befinden, cookies dritter Seite kommen durch Werbungen und Au\u00dfenservice anderer Webseiten. Cookies erster Seite werden, au\u00dfer zum regelrechten Funktionieren der Webseite, auch f\u00fcr statistische Aktivit\u00e4ts\u00fcberwachung genutzt. Daten die zu diesen Zwecken gesammelt werden sind IP Adresse des Nutzers, Browserdaten, Srache, Operativsystem und andere standarde statistische Angaben die ausschlie\u00dflich im anonymer und massiver Form gesammelt und analisiert werden. Cookies dritter Seite werden meistens seitens Werbungsnetze zur Analyse des Nutzerbenehmens auf verschiedenen Webseiten genutzt. Der Zweck der Analyse ist ein Nutzerprofil nach Demografie, Interesse u.\u00e4. &#8211; welches meistens zur Werbezwecken verwendet wird.<\/p>\n<p>&nbsp;<\/p>\n<p><strong>Wie arbeiten eigentlich cookies?<\/strong><\/p>\n<p>Cookies speichern Informationen in Form von Paaren &#8222;Schl\u00fcssel&#8220; und &#8222;Werten&#8220; innerhalb Textdaten.<\/p>\n<p>Beim Besuch der Webseite identifizieren <a href=\"http:\/\/www.mmm-vukelic.hr\/\">www.mmm-vukelic.hr<\/a> cookies die Parameter des Browsers, nicht des Nutzers. Kurz gesagt, der Sinn von cookies ist gutgemeint, sie schaden nicht und tragen keine Viren, sie erm\u00f6glichen ein besseres Nutzererlebnis beim Surfen.<\/p>\n<p>Falls Sie mit der Nutzung von cookies nicht einwillig sind, k\u00f6nnen Sie diese auf Ihrem Computer durch Browsereinstellung leicht l\u00f6schen (oder verhindern). Mehr Informationen \u00fcber die Einstellung von cookies sind an Ihrem Browser oder auf <a href=\"http:\/\/www.allaboutcookies.org\/\">www.allaboutcookies.org<\/a>. erh\u00e4ltlich.<\/p>\n<p>Da der Sinn von cookies verbesserte und nutzerfreundliche Erfahrung unserer Webseite und dessen Funktionalit\u00e4t ist, kann die Hinderung oder L\u00f6schung von cookies die Merkmale und Funktionalit\u00e4t unserer Webseite einschr\u00e4nken oder ein anderes Aussehen in Ihrem Browser bewirken.<\/p>\n<p>&nbsp;<\/p>\n<p><strong>Statistik<\/strong><\/p>\n<p>Webseite <a href=\"http:\/\/www.mmm-vukelic.hr\/\">www.mmm-vukelic.hr<\/a> verwendet Werkzeuge von Google Analytics f\u00fcr statistische \u00dcberwachung der Nutzeraktivit\u00e4t. Nutzeraktivit\u00e4t wird zur Sicherung der regelrechten Funktion der Webseite \u00fcberwacht, zum Ziel der Verbesserung der Webseite und der Nutzererfahrung. Google Analytics erm\u00f6glicht keine Identifikation des Nutzers, obwohl einige private Angaben wie IP Adresse verwendet werden. Dies wird durch Agregation der Daten und Anonimisationstechniken wie Maskierung der IP Adresse bewirkt.<\/p>\n<p>Ausf\u00fchrliche Informationen \u00fcber diese Dienste und verwendete cookies, sowie die M\u00f6glichkeiten des Nutzers die \u00dcberwachung eigener Aktivit\u00e4ten zu regulieren sind auf: <a href=\"https:\/\/www.google.com\/analytics\/learn\/privacy.html\">https:\/\/www.google.com\/analytics\/learn\/privacy.html<\/a> zug\u00e4ngig.<\/p>\n","protected":false},"excerpt":{"rendered":"<p>1. Allgemeine Informationen Diese Regeln zum Datenschutz (weiter: Regeln) beschreiben welche Ihre pers\u00f6nlichen Daten wir sammeln, auf welche Weise wir diese verarbeiten und zu welchen Zwecken verwenden, sowie Ihre Rechte bez\u00fcglich Ihrer Angaben. MMM-Vukeli\u0107 GmbH, Bresta\u010da, Zagreba\u010dka 228\/c, PIN 26243408865 (weiter: &#8222;MMM-Vukeli\u0107&#8220; oder &#8222;wir&#8220;) verarbeiten pers\u00f6nliche Daten der Nutzer und Besucher der Webseite www.mmm-vukelic.hr\u00a0 auf [&hellip;]<\/p>\n","protected":false},"author":1,"featured_media":0,"parent":0,"menu_order":0,"comment_status":"closed","ping_status":"closed","template":"","meta":{"_acf_changed":false,"footnotes":""},"class_list":["post-5934","page","type-page","status-publish","hentry"],"acf":[],"yoast_head":"<!-- This site is optimized with the Yoast SEO plugin v27.0 - https:\/\/yoast.com\/product\/yoast-seo-wordpress\/ -->\n<title>Regeln zum datenschutz auf der webseite - MMM-Vukeli\u0107<\/title>\n<meta name=\"robots\" content=\"noindex, follow, max-snippet:-1, max-image-preview:large, max-video-preview:-1\" \/>\n<meta property=\"og:locale\" content=\"de_DE\" \/>\n<meta property=\"og:type\" content=\"article\" \/>\n<meta property=\"og:title\" content=\"Regeln zum datenschutz auf der webseite - MMM-Vukeli\u0107\" \/>\n<meta property=\"og:description\" content=\"1. Allgemeine Informationen Diese Regeln zum Datenschutz (weiter: Regeln) beschreiben welche Ihre pers\u00f6nlichen Daten wir sammeln, auf welche Weise wir diese verarbeiten und zu welchen Zwecken verwenden, sowie Ihre Rechte bez\u00fcglich Ihrer Angaben. MMM-Vukeli\u0107 GmbH, Bresta\u010da, Zagreba\u010dka 228\/c, PIN 26243408865 (weiter: &#8222;MMM-Vukeli\u0107&#8220; oder &#8222;wir&#8220;) verarbeiten pers\u00f6nliche Daten der Nutzer und Besucher der Webseite www.mmm-vukelic.hr\u00a0 auf [&hellip;]\" \/>\n<meta property=\"og:url\" content=\"https:\/\/beta.mmm-vukelic.hr\/de\/regeln-zum-datenschutz-auf-der-webseite\/\" \/>\n<meta property=\"og:site_name\" content=\"MMM-Vukeli\u0107\" \/>\n<meta name=\"twitter:card\" content=\"summary_large_image\" \/>\n<meta name=\"twitter:label1\" content=\"Gesch\u00e4tzte Lesezeit\" \/>\n\t<meta name=\"twitter:data1\" content=\"6\u00a0Minuten\" \/>\n<script type=\"application\/ld+json\" class=\"yoast-schema-graph\">{\"@context\":\"https:\/\/schema.org\",\"@graph\":[{\"@type\":\"WebPage\",\"@id\":\"https:\/\/beta.mmm-vukelic.hr\/de\/regeln-zum-datenschutz-auf-der-webseite\/\",\"url\":\"https:\/\/beta.mmm-vukelic.hr\/de\/regeln-zum-datenschutz-auf-der-webseite\/\",\"name\":\"Regeln zum datenschutz auf der webseite - MMM-Vukeli\u0107\",\"isPartOf\":{\"@id\":\"https:\/\/beta.mmm-vukelic.hr\/#website\"},\"datePublished\":\"2018-06-27T09:22:42+00:00\",\"breadcrumb\":{\"@id\":\"https:\/\/beta.mmm-vukelic.hr\/de\/regeln-zum-datenschutz-auf-der-webseite\/#breadcrumb\"},\"inLanguage\":\"de\",\"potentialAction\":[{\"@type\":\"ReadAction\",\"target\":[\"https:\/\/beta.mmm-vukelic.hr\/de\/regeln-zum-datenschutz-auf-der-webseite\/\"]}]},{\"@type\":\"BreadcrumbList\",\"@id\":\"https:\/\/beta.mmm-vukelic.hr\/de\/regeln-zum-datenschutz-auf-der-webseite\/#breadcrumb\",\"itemListElement\":[{\"@type\":\"ListItem\",\"position\":1,\"name\":\"MMM-Vukeli\u0107\",\"item\":\"https:\/\/beta.mmm-vukelic.hr\/de\/\"},{\"@type\":\"ListItem\",\"position\":2,\"name\":\"Regeln zum datenschutz auf der webseite\"}]},{\"@type\":\"WebSite\",\"@id\":\"https:\/\/beta.mmm-vukelic.hr\/#website\",\"url\":\"https:\/\/beta.mmm-vukelic.hr\/\",\"name\":\"MMM-Vukeli\u0107\",\"description\":\"Drvna industrija\",\"potentialAction\":[{\"@type\":\"SearchAction\",\"target\":{\"@type\":\"EntryPoint\",\"urlTemplate\":\"https:\/\/beta.mmm-vukelic.hr\/?s={search_term_string}\"},\"query-input\":{\"@type\":\"PropertyValueSpecification\",\"valueRequired\":true,\"valueName\":\"search_term_string\"}}],\"inLanguage\":\"de\"}]}<\/script>\n<!-- \/ Yoast SEO plugin. -->","yoast_head_json":{"title":"Regeln zum datenschutz auf der webseite - MMM-Vukeli\u0107","robots":{"index":"noindex","follow":"follow","max-snippet":"max-snippet:-1","max-image-preview":"max-image-preview:large","max-video-preview":"max-video-preview:-1"},"og_locale":"de_DE","og_type":"article","og_title":"Regeln zum datenschutz auf der webseite - MMM-Vukeli\u0107","og_description":"1. Allgemeine Informationen Diese Regeln zum Datenschutz (weiter: Regeln) beschreiben welche Ihre pers\u00f6nlichen Daten wir sammeln, auf welche Weise wir diese verarbeiten und zu welchen Zwecken verwenden, sowie Ihre Rechte bez\u00fcglich Ihrer Angaben. MMM-Vukeli\u0107 GmbH, Bresta\u010da, Zagreba\u010dka 228\/c, PIN 26243408865 (weiter: &#8222;MMM-Vukeli\u0107&#8220; oder &#8222;wir&#8220;) verarbeiten pers\u00f6nliche Daten der Nutzer und Besucher der Webseite www.mmm-vukelic.hr\u00a0 auf [&hellip;]","og_url":"https:\/\/beta.mmm-vukelic.hr\/de\/regeln-zum-datenschutz-auf-der-webseite\/","og_site_name":"MMM-Vukeli\u0107","twitter_card":"summary_large_image","twitter_misc":{"Gesch\u00e4tzte Lesezeit":"6\u00a0Minuten"},"schema":{"@context":"https:\/\/schema.org","@graph":[{"@type":"WebPage","@id":"https:\/\/beta.mmm-vukelic.hr\/de\/regeln-zum-datenschutz-auf-der-webseite\/","url":"https:\/\/beta.mmm-vukelic.hr\/de\/regeln-zum-datenschutz-auf-der-webseite\/","name":"Regeln zum datenschutz auf der webseite - MMM-Vukeli\u0107","isPartOf":{"@id":"https:\/\/beta.mmm-vukelic.hr\/#website"},"datePublished":"2018-06-27T09:22:42+00:00","breadcrumb":{"@id":"https:\/\/beta.mmm-vukelic.hr\/de\/regeln-zum-datenschutz-auf-der-webseite\/#breadcrumb"},"inLanguage":"de","potentialAction":[{"@type":"ReadAction","target":["https:\/\/beta.mmm-vukelic.hr\/de\/regeln-zum-datenschutz-auf-der-webseite\/"]}]},{"@type":"BreadcrumbList","@id":"https:\/\/beta.mmm-vukelic.hr\/de\/regeln-zum-datenschutz-auf-der-webseite\/#breadcrumb","itemListElement":[{"@type":"ListItem","position":1,"name":"MMM-Vukeli\u0107","item":"https:\/\/beta.mmm-vukelic.hr\/de\/"},{"@type":"ListItem","position":2,"name":"Regeln zum datenschutz auf der webseite"}]},{"@type":"WebSite","@id":"https:\/\/beta.mmm-vukelic.hr\/#website","url":"https:\/\/beta.mmm-vukelic.hr\/","name":"MMM-Vukeli\u0107","description":"Drvna industrija","potentialAction":[{"@type":"SearchAction","target":{"@type":"EntryPoint","urlTemplate":"https:\/\/beta.mmm-vukelic.hr\/?s={search_term_string}"},"query-input":{"@type":"PropertyValueSpecification","valueRequired":true,"valueName":"search_term_string"}}],"inLanguage":"de"}]}},"_links":{"self":[{"href":"https:\/\/beta.mmm-vukelic.hr\/de\/wp-json\/wp\/v2\/pages\/5934","targetHints":{"allow":["GET"]}}],"collection":[{"href":"https:\/\/beta.mmm-vukelic.hr\/de\/wp-json\/wp\/v2\/pages"}],"about":[{"href":"https:\/\/beta.mmm-vukelic.hr\/de\/wp-json\/wp\/v2\/types\/page"}],"author":[{"embeddable":true,"href":"https:\/\/beta.mmm-vukelic.hr\/de\/wp-json\/wp\/v2\/users\/1"}],"replies":[{"embeddable":true,"href":"https:\/\/beta.mmm-vukelic.hr\/de\/wp-json\/wp\/v2\/comments?post=5934"}],"version-history":[{"count":0,"href":"https:\/\/beta.mmm-vukelic.hr\/de\/wp-json\/wp\/v2\/pages\/5934\/revisions"}],"wp:attachment":[{"href":"https:\/\/beta.mmm-vukelic.hr\/de\/wp-json\/wp\/v2\/media?parent=5934"}],"curies":[{"name":"wp","href":"https:\/\/api.w.org\/{rel}","templated":true}]}}