{"id":1023,"date":"2018-01-17T15:55:25","date_gmt":"2018-01-17T15:55:25","guid":{"rendered":"https:\/\/beta.mmm-vukelic.hr\/product\/fs-6\/"},"modified":"2018-01-17T15:56:15","modified_gmt":"2018-01-17T15:56:15","slug":"fs-6","status":"publish","type":"product","link":"https:\/\/beta.mmm-vukelic.hr\/de\/produkt\/tischlerei\/turen\/furnierte-turen\/fs-6\/","title":{"rendered":"FS-6"},"content":{"rendered":"<p>T\u00dcRBLATT FURNIERT<\/p>\n<ul>\n<li>Mit Glass<\/li>\n<li>T\u00fcrblatt aus massivem Eichenramen, ausgef\u00fcllt mit Papierwaben oder Okal-Sperrholz nach Wahl, furniert mit Furnier aus Eiche, Esche, Ahorn u.\u00e4.<\/li>\n<li>im T\u00fcrblatt werden T\u00fcrschloss mit Schl\u00fcssel, Zylinder oder WC, zylindrische oder Versteckte Scharniere.<\/li>\n<li>Endverarbeitung mit transparentem PU Lack, Beiz, \u00d6l-Wachs<\/li>\n<\/ul>\n<p>&nbsp;<\/p>\n<p>T\u00dcRSTOCK FURNIERT<\/p>\n<ul>\n<li>Hergestellt aus massiver Eiche, verst\u00e4rkt mit MDF 4mm beidseitig, furniert mit Eichenfurnier oder anderer Art Furnier<\/li>\n<li>im T\u00fcrstock werden Schlie\u00dfblech und T\u00fcrbender angebracht<\/li>\n<li>T\u00fcrstock Modell Marko mit abgerundeter Falzbekleidung und Sara mit geraden Leisten nach Wahl des Investors<\/li>\n<li>Endverarbeitung mit transparentem PU Lck, Beiz, u.a.<\/li>\n<\/ul>\n","protected":false},"excerpt":{"rendered":"<p>T\u00dcRBLATT FURNIERT Mit Glass T\u00fcrblatt aus massivem Eichenramen, ausgef\u00fcllt mit Papierwaben oder Okal-Sperrholz nach Wahl, furniert mit Furnier aus Eiche, Esche, Ahorn u.\u00e4. im T\u00fcrblatt werden T\u00fcrschloss mit Schl\u00fcssel, Zylinder oder WC, zylindrische oder Versteckte Scharniere. Endverarbeitung mit transparentem PU Lack, Beiz, \u00d6l-Wachs &nbsp; T\u00dcRSTOCK FURNIERT Hergestellt aus massiver Eiche, verst\u00e4rkt mit MDF 4mm beidseitig, [&hellip;]<\/p>\n","protected":false},"featured_media":6606,"template":"","meta":{"_acf_changed":false},"product_brand":[],"product_cat":[253,257],"product_tag":[],"class_list":{"0":"post-1023","1":"product","2":"type-product","3":"status-publish","4":"has-post-thumbnail","6":"product_cat-turen","7":"product_cat-furnierte-turen","9":"first","10":"onbackorder","11":"shipping-taxable","12":"product-type-simple"},"acf":[],"yoast_head":"<!-- This site is optimized with the Yoast SEO plugin v27.0 - https:\/\/yoast.com\/product\/yoast-seo-wordpress\/ -->\n<title>FS-6 - MMM-Vukeli\u0107<\/title>\n<meta name=\"robots\" content=\"noindex, follow, max-snippet:-1, max-image-preview:large, max-video-preview:-1\" \/>\n<meta property=\"og:locale\" content=\"de_DE\" \/>\n<meta property=\"og:type\" content=\"article\" \/>\n<meta property=\"og:title\" content=\"FS-6 - MMM-Vukeli\u0107\" \/>\n<meta property=\"og:description\" content=\"T\u00dcRBLATT FURNIERT Mit Glass T\u00fcrblatt aus massivem Eichenramen, ausgef\u00fcllt mit Papierwaben oder Okal-Sperrholz nach Wahl, furniert mit Furnier aus Eiche, Esche, Ahorn u.\u00e4. im T\u00fcrblatt werden T\u00fcrschloss mit Schl\u00fcssel, Zylinder oder WC, zylindrische oder Versteckte Scharniere. Endverarbeitung mit transparentem PU Lack, Beiz, \u00d6l-Wachs &nbsp; T\u00dcRSTOCK FURNIERT Hergestellt aus massiver Eiche, verst\u00e4rkt mit MDF 4mm beidseitig, [&hellip;]\" \/>\n<meta property=\"og:url\" content=\"https:\/\/beta.mmm-vukelic.hr\/de\/produkt\/tischlerei\/turen\/furnierte-turen\/fs-6\/\" \/>\n<meta property=\"og:site_name\" content=\"MMM-Vukeli\u0107\" \/>\n<meta property=\"article:modified_time\" content=\"2018-01-17T15:56:15+00:00\" \/>\n<meta property=\"og:image\" content=\"https:\/\/beta.mmm-vukelic.hr\/wp-content\/uploads\/2018\/01\/GOTOVO-FS-6-3.jpg\" \/>\n\t<meta property=\"og:image:width\" content=\"762\" \/>\n\t<meta property=\"og:image:height\" content=\"1000\" \/>\n\t<meta property=\"og:image:type\" content=\"image\/jpeg\" \/>\n<meta name=\"twitter:card\" content=\"summary_large_image\" \/>\n<meta name=\"twitter:label1\" content=\"Gesch\u00e4tzte Lesezeit\" \/>\n\t<meta name=\"twitter:data1\" content=\"1\u00a0Minute\" \/>\n<script type=\"application\/ld+json\" class=\"yoast-schema-graph\">{\"@context\":\"https:\/\/schema.org\",\"@graph\":[{\"@type\":\"WebPage\",\"@id\":\"https:\/\/beta.mmm-vukelic.hr\/de\/produkt\/tischlerei\/turen\/furnierte-turen\/fs-6\/\",\"url\":\"https:\/\/beta.mmm-vukelic.hr\/de\/produkt\/tischlerei\/turen\/furnierte-turen\/fs-6\/\",\"name\":\"FS-6 - MMM-Vukeli\u0107\",\"isPartOf\":{\"@id\":\"https:\/\/beta.mmm-vukelic.hr\/#website\"},\"primaryImageOfPage\":{\"@id\":\"https:\/\/beta.mmm-vukelic.hr\/de\/produkt\/tischlerei\/turen\/furnierte-turen\/fs-6\/#primaryimage\"},\"image\":{\"@id\":\"https:\/\/beta.mmm-vukelic.hr\/de\/produkt\/tischlerei\/turen\/furnierte-turen\/fs-6\/#primaryimage\"},\"thumbnailUrl\":\"https:\/\/beta.mmm-vukelic.hr\/wp-content\/uploads\/2018\/01\/GOTOVO-FS-6-3.jpg\",\"datePublished\":\"2018-01-17T15:55:25+00:00\",\"dateModified\":\"2018-01-17T15:56:15+00:00\",\"breadcrumb\":{\"@id\":\"https:\/\/beta.mmm-vukelic.hr\/de\/produkt\/tischlerei\/turen\/furnierte-turen\/fs-6\/#breadcrumb\"},\"inLanguage\":\"de\",\"potentialAction\":[{\"@type\":\"ReadAction\",\"target\":[\"https:\/\/beta.mmm-vukelic.hr\/de\/produkt\/tischlerei\/turen\/furnierte-turen\/fs-6\/\"]}]},{\"@type\":\"ImageObject\",\"inLanguage\":\"de\",\"@id\":\"https:\/\/beta.mmm-vukelic.hr\/de\/produkt\/tischlerei\/turen\/furnierte-turen\/fs-6\/#primaryimage\",\"url\":\"https:\/\/beta.mmm-vukelic.hr\/wp-content\/uploads\/2018\/01\/GOTOVO-FS-6-3.jpg\",\"contentUrl\":\"https:\/\/beta.mmm-vukelic.hr\/wp-content\/uploads\/2018\/01\/GOTOVO-FS-6-3.jpg\",\"width\":762,\"height\":1000},{\"@type\":\"BreadcrumbList\",\"@id\":\"https:\/\/beta.mmm-vukelic.hr\/de\/produkt\/tischlerei\/turen\/furnierte-turen\/fs-6\/#breadcrumb\",\"itemListElement\":[{\"@type\":\"ListItem\",\"position\":1,\"name\":\"MMM-Vukeli\u0107\",\"item\":\"https:\/\/beta.mmm-vukelic.hr\/de\/\"},{\"@type\":\"ListItem\",\"position\":2,\"name\":\"Sortiment\",\"item\":\"https:\/\/beta.mmm-vukelic.hr\/de\/sortiment\/\"},{\"@type\":\"ListItem\",\"position\":3,\"name\":\"FS-6\"}]},{\"@type\":\"WebSite\",\"@id\":\"https:\/\/beta.mmm-vukelic.hr\/#website\",\"url\":\"https:\/\/beta.mmm-vukelic.hr\/\",\"name\":\"MMM-Vukeli\u0107\",\"description\":\"Drvna industrija\",\"potentialAction\":[{\"@type\":\"SearchAction\",\"target\":{\"@type\":\"EntryPoint\",\"urlTemplate\":\"https:\/\/beta.mmm-vukelic.hr\/?s={search_term_string}\"},\"query-input\":{\"@type\":\"PropertyValueSpecification\",\"valueRequired\":true,\"valueName\":\"search_term_string\"}}],\"inLanguage\":\"de\"}]}<\/script>\n<!-- \/ Yoast SEO plugin. -->","yoast_head_json":{"title":"FS-6 - MMM-Vukeli\u0107","robots":{"index":"noindex","follow":"follow","max-snippet":"max-snippet:-1","max-image-preview":"max-image-preview:large","max-video-preview":"max-video-preview:-1"},"og_locale":"de_DE","og_type":"article","og_title":"FS-6 - MMM-Vukeli\u0107","og_description":"T\u00dcRBLATT FURNIERT Mit Glass T\u00fcrblatt aus massivem Eichenramen, ausgef\u00fcllt mit Papierwaben oder Okal-Sperrholz nach Wahl, furniert mit Furnier aus Eiche, Esche, Ahorn u.\u00e4. im T\u00fcrblatt werden T\u00fcrschloss mit Schl\u00fcssel, Zylinder oder WC, zylindrische oder Versteckte Scharniere. Endverarbeitung mit transparentem PU Lack, Beiz, \u00d6l-Wachs &nbsp; T\u00dcRSTOCK FURNIERT Hergestellt aus massiver Eiche, verst\u00e4rkt mit MDF 4mm beidseitig, [&hellip;]","og_url":"https:\/\/beta.mmm-vukelic.hr\/de\/produkt\/tischlerei\/turen\/furnierte-turen\/fs-6\/","og_site_name":"MMM-Vukeli\u0107","article_modified_time":"2018-01-17T15:56:15+00:00","og_image":[{"width":762,"height":1000,"url":"https:\/\/beta.mmm-vukelic.hr\/wp-content\/uploads\/2018\/01\/GOTOVO-FS-6-3.jpg","type":"image\/jpeg"}],"twitter_card":"summary_large_image","twitter_misc":{"Gesch\u00e4tzte Lesezeit":"1\u00a0Minute"},"schema":{"@context":"https:\/\/schema.org","@graph":[{"@type":"WebPage","@id":"https:\/\/beta.mmm-vukelic.hr\/de\/produkt\/tischlerei\/turen\/furnierte-turen\/fs-6\/","url":"https:\/\/beta.mmm-vukelic.hr\/de\/produkt\/tischlerei\/turen\/furnierte-turen\/fs-6\/","name":"FS-6 - MMM-Vukeli\u0107","isPartOf":{"@id":"https:\/\/beta.mmm-vukelic.hr\/#website"},"primaryImageOfPage":{"@id":"https:\/\/beta.mmm-vukelic.hr\/de\/produkt\/tischlerei\/turen\/furnierte-turen\/fs-6\/#primaryimage"},"image":{"@id":"https:\/\/beta.mmm-vukelic.hr\/de\/produkt\/tischlerei\/turen\/furnierte-turen\/fs-6\/#primaryimage"},"thumbnailUrl":"https:\/\/beta.mmm-vukelic.hr\/wp-content\/uploads\/2018\/01\/GOTOVO-FS-6-3.jpg","datePublished":"2018-01-17T15:55:25+00:00","dateModified":"2018-01-17T15:56:15+00:00","breadcrumb":{"@id":"https:\/\/beta.mmm-vukelic.hr\/de\/produkt\/tischlerei\/turen\/furnierte-turen\/fs-6\/#breadcrumb"},"inLanguage":"de","potentialAction":[{"@type":"ReadAction","target":["https:\/\/beta.mmm-vukelic.hr\/de\/produkt\/tischlerei\/turen\/furnierte-turen\/fs-6\/"]}]},{"@type":"ImageObject","inLanguage":"de","@id":"https:\/\/beta.mmm-vukelic.hr\/de\/produkt\/tischlerei\/turen\/furnierte-turen\/fs-6\/#primaryimage","url":"https:\/\/beta.mmm-vukelic.hr\/wp-content\/uploads\/2018\/01\/GOTOVO-FS-6-3.jpg","contentUrl":"https:\/\/beta.mmm-vukelic.hr\/wp-content\/uploads\/2018\/01\/GOTOVO-FS-6-3.jpg","width":762,"height":1000},{"@type":"BreadcrumbList","@id":"https:\/\/beta.mmm-vukelic.hr\/de\/produkt\/tischlerei\/turen\/furnierte-turen\/fs-6\/#breadcrumb","itemListElement":[{"@type":"ListItem","position":1,"name":"MMM-Vukeli\u0107","item":"https:\/\/beta.mmm-vukelic.hr\/de\/"},{"@type":"ListItem","position":2,"name":"Sortiment","item":"https:\/\/beta.mmm-vukelic.hr\/de\/sortiment\/"},{"@type":"ListItem","position":3,"name":"FS-6"}]},{"@type":"WebSite","@id":"https:\/\/beta.mmm-vukelic.hr\/#website","url":"https:\/\/beta.mmm-vukelic.hr\/","name":"MMM-Vukeli\u0107","description":"Drvna industrija","potentialAction":[{"@type":"SearchAction","target":{"@type":"EntryPoint","urlTemplate":"https:\/\/beta.mmm-vukelic.hr\/?s={search_term_string}"},"query-input":{"@type":"PropertyValueSpecification","valueRequired":true,"valueName":"search_term_string"}}],"inLanguage":"de"}]}},"_links":{"self":[{"href":"https:\/\/beta.mmm-vukelic.hr\/de\/wp-json\/wp\/v2\/product\/1023","targetHints":{"allow":["GET"]}}],"collection":[{"href":"https:\/\/beta.mmm-vukelic.hr\/de\/wp-json\/wp\/v2\/product"}],"about":[{"href":"https:\/\/beta.mmm-vukelic.hr\/de\/wp-json\/wp\/v2\/types\/product"}],"wp:featuredmedia":[{"embeddable":true,"href":"https:\/\/beta.mmm-vukelic.hr\/de\/wp-json\/wp\/v2\/media\/6606"}],"wp:attachment":[{"href":"https:\/\/beta.mmm-vukelic.hr\/de\/wp-json\/wp\/v2\/media?parent=1023"}],"wp:term":[{"taxonomy":"product_brand","embeddable":true,"href":"https:\/\/beta.mmm-vukelic.hr\/de\/wp-json\/wp\/v2\/product_brand?post=1023"},{"taxonomy":"product_cat","embeddable":true,"href":"https:\/\/beta.mmm-vukelic.hr\/de\/wp-json\/wp\/v2\/product_cat?post=1023"},{"taxonomy":"product_tag","embeddable":true,"href":"https:\/\/beta.mmm-vukelic.hr\/de\/wp-json\/wp\/v2\/product_tag?post=1023"}],"curies":[{"name":"wp","href":"https:\/\/api.w.org\/{rel}","templated":true}]}}