{"id":1102,"date":"2018-01-17T16:56:02","date_gmt":"2018-01-17T16:56:02","guid":{"rendered":"https:\/\/beta.mmm-vukelic.hr\/product\/sara\/"},"modified":"2018-01-17T16:57:13","modified_gmt":"2018-01-17T16:57:13","slug":"sara","status":"publish","type":"product","link":"https:\/\/beta.mmm-vukelic.hr\/de\/produkt\/tischlerei\/turen\/sara\/","title":{"rendered":"SARA"},"content":{"rendered":"<p>T\u00dcRSTOCK:<\/p>\n<ul>\n<li>Hergestellt aus massiver Eiche, verst\u00e4rkt mit MDF 4mm beidseitig, furniert mit Eichenfurnier oder anderer Art Furnier<\/li>\n<li>im T\u00fcrstock werden Schlie\u00dfblech und T\u00fcrbender angebracht<\/li>\n<li>T\u00fcrstock Modell Marko mit abgerundeter Falzbekleidung und Sara mit geraden Leisten nach Wahl des Investors<\/li>\n<li>Endverarbeitung mit transparentem PU Lck, Beiz, u.a.<\/li>\n<\/ul>\n","protected":false},"excerpt":{"rendered":"<p>T\u00dcRSTOCK: Hergestellt aus massiver Eiche, verst\u00e4rkt mit MDF 4mm beidseitig, furniert mit Eichenfurnier oder anderer Art Furnier im T\u00fcrstock werden Schlie\u00dfblech und T\u00fcrbender angebracht T\u00fcrstock Modell Marko mit abgerundeter Falzbekleidung und Sara mit geraden Leisten nach Wahl des Investors Endverarbeitung mit transparentem PU Lck, Beiz, u.a.<\/p>\n","protected":false},"featured_media":11732,"template":"","meta":{"_acf_changed":false},"product_brand":[],"product_cat":[253,255],"product_tag":[],"class_list":{"0":"post-1102","1":"product","2":"type-product","3":"status-publish","4":"has-post-thumbnail","6":"product_cat-turen","7":"product_cat-turpfosten","9":"first","10":"instock","11":"shipping-taxable","12":"product-type-simple"},"acf":[],"yoast_head":"<!-- This site is optimized with the Yoast SEO plugin v27.0 - https:\/\/yoast.com\/product\/yoast-seo-wordpress\/ -->\n<title>SARA - MMM-Vukeli\u0107<\/title>\n<meta name=\"robots\" content=\"noindex, follow, max-snippet:-1, max-image-preview:large, max-video-preview:-1\" \/>\n<meta property=\"og:locale\" content=\"de_DE\" \/>\n<meta property=\"og:type\" content=\"article\" \/>\n<meta property=\"og:title\" content=\"SARA - MMM-Vukeli\u0107\" \/>\n<meta property=\"og:description\" content=\"T\u00dcRSTOCK: Hergestellt aus massiver Eiche, verst\u00e4rkt mit MDF 4mm beidseitig, furniert mit Eichenfurnier oder anderer Art Furnier im T\u00fcrstock werden Schlie\u00dfblech und T\u00fcrbender angebracht T\u00fcrstock Modell Marko mit abgerundeter Falzbekleidung und Sara mit geraden Leisten nach Wahl des Investors Endverarbeitung mit transparentem PU Lck, Beiz, u.a.\" \/>\n<meta property=\"og:url\" content=\"https:\/\/beta.mmm-vukelic.hr\/de\/produkt\/tischlerei\/turen\/turpfosten\/sara\/\" \/>\n<meta property=\"og:site_name\" content=\"MMM-Vukeli\u0107\" \/>\n<meta property=\"article:modified_time\" content=\"2018-01-17T16:57:13+00:00\" \/>\n<meta property=\"og:image\" content=\"https:\/\/beta.mmm-vukelic.hr\/wp-content\/uploads\/2018\/01\/\u0160tok-Sara-skrivena-spojnica.png\" \/>\n\t<meta property=\"og:image:width\" content=\"862\" \/>\n\t<meta property=\"og:image:height\" content=\"446\" \/>\n\t<meta property=\"og:image:type\" content=\"image\/png\" \/>\n<meta name=\"twitter:card\" content=\"summary_large_image\" \/>\n<script type=\"application\/ld+json\" class=\"yoast-schema-graph\">{\"@context\":\"https:\/\/schema.org\",\"@graph\":[{\"@type\":\"WebPage\",\"@id\":\"https:\/\/beta.mmm-vukelic.hr\/de\/produkt\/tischlerei\/turen\/turpfosten\/sara\/\",\"url\":\"https:\/\/beta.mmm-vukelic.hr\/de\/produkt\/tischlerei\/turen\/turpfosten\/sara\/\",\"name\":\"SARA - MMM-Vukeli\u0107\",\"isPartOf\":{\"@id\":\"https:\/\/beta.mmm-vukelic.hr\/#website\"},\"primaryImageOfPage\":{\"@id\":\"https:\/\/beta.mmm-vukelic.hr\/de\/produkt\/tischlerei\/turen\/turpfosten\/sara\/#primaryimage\"},\"image\":{\"@id\":\"https:\/\/beta.mmm-vukelic.hr\/de\/produkt\/tischlerei\/turen\/turpfosten\/sara\/#primaryimage\"},\"thumbnailUrl\":\"https:\/\/beta.mmm-vukelic.hr\/wp-content\/uploads\/2018\/01\/\u0160tok-Sara-skrivena-spojnica.png\",\"datePublished\":\"2018-01-17T16:56:02+00:00\",\"dateModified\":\"2018-01-17T16:57:13+00:00\",\"breadcrumb\":{\"@id\":\"https:\/\/beta.mmm-vukelic.hr\/de\/produkt\/tischlerei\/turen\/turpfosten\/sara\/#breadcrumb\"},\"inLanguage\":\"de\",\"potentialAction\":[{\"@type\":\"ReadAction\",\"target\":[\"https:\/\/beta.mmm-vukelic.hr\/de\/produkt\/tischlerei\/turen\/turpfosten\/sara\/\"]}]},{\"@type\":\"ImageObject\",\"inLanguage\":\"de\",\"@id\":\"https:\/\/beta.mmm-vukelic.hr\/de\/produkt\/tischlerei\/turen\/turpfosten\/sara\/#primaryimage\",\"url\":\"https:\/\/beta.mmm-vukelic.hr\/wp-content\/uploads\/2018\/01\/\u0160tok-Sara-skrivena-spojnica.png\",\"contentUrl\":\"https:\/\/beta.mmm-vukelic.hr\/wp-content\/uploads\/2018\/01\/\u0160tok-Sara-skrivena-spojnica.png\",\"width\":862,\"height\":446},{\"@type\":\"BreadcrumbList\",\"@id\":\"https:\/\/beta.mmm-vukelic.hr\/de\/produkt\/tischlerei\/turen\/turpfosten\/sara\/#breadcrumb\",\"itemListElement\":[{\"@type\":\"ListItem\",\"position\":1,\"name\":\"MMM-Vukeli\u0107\",\"item\":\"https:\/\/beta.mmm-vukelic.hr\/de\/\"},{\"@type\":\"ListItem\",\"position\":2,\"name\":\"Sortiment\",\"item\":\"https:\/\/beta.mmm-vukelic.hr\/de\/sortiment\/\"},{\"@type\":\"ListItem\",\"position\":3,\"name\":\"SARA\"}]},{\"@type\":\"WebSite\",\"@id\":\"https:\/\/beta.mmm-vukelic.hr\/#website\",\"url\":\"https:\/\/beta.mmm-vukelic.hr\/\",\"name\":\"MMM-Vukeli\u0107\",\"description\":\"Drvna industrija\",\"potentialAction\":[{\"@type\":\"SearchAction\",\"target\":{\"@type\":\"EntryPoint\",\"urlTemplate\":\"https:\/\/beta.mmm-vukelic.hr\/?s={search_term_string}\"},\"query-input\":{\"@type\":\"PropertyValueSpecification\",\"valueRequired\":true,\"valueName\":\"search_term_string\"}}],\"inLanguage\":\"de\"}]}<\/script>\n<!-- \/ Yoast SEO plugin. -->","yoast_head_json":{"title":"SARA - MMM-Vukeli\u0107","robots":{"index":"noindex","follow":"follow","max-snippet":"max-snippet:-1","max-image-preview":"max-image-preview:large","max-video-preview":"max-video-preview:-1"},"og_locale":"de_DE","og_type":"article","og_title":"SARA - MMM-Vukeli\u0107","og_description":"T\u00dcRSTOCK: Hergestellt aus massiver Eiche, verst\u00e4rkt mit MDF 4mm beidseitig, furniert mit Eichenfurnier oder anderer Art Furnier im T\u00fcrstock werden Schlie\u00dfblech und T\u00fcrbender angebracht T\u00fcrstock Modell Marko mit abgerundeter Falzbekleidung und Sara mit geraden Leisten nach Wahl des Investors Endverarbeitung mit transparentem PU Lck, Beiz, u.a.","og_url":"https:\/\/beta.mmm-vukelic.hr\/de\/produkt\/tischlerei\/turen\/turpfosten\/sara\/","og_site_name":"MMM-Vukeli\u0107","article_modified_time":"2018-01-17T16:57:13+00:00","og_image":[{"width":862,"height":446,"url":"https:\/\/beta.mmm-vukelic.hr\/wp-content\/uploads\/2018\/01\/\u0160tok-Sara-skrivena-spojnica.png","type":"image\/png"}],"twitter_card":"summary_large_image","schema":{"@context":"https:\/\/schema.org","@graph":[{"@type":"WebPage","@id":"https:\/\/beta.mmm-vukelic.hr\/de\/produkt\/tischlerei\/turen\/turpfosten\/sara\/","url":"https:\/\/beta.mmm-vukelic.hr\/de\/produkt\/tischlerei\/turen\/turpfosten\/sara\/","name":"SARA - MMM-Vukeli\u0107","isPartOf":{"@id":"https:\/\/beta.mmm-vukelic.hr\/#website"},"primaryImageOfPage":{"@id":"https:\/\/beta.mmm-vukelic.hr\/de\/produkt\/tischlerei\/turen\/turpfosten\/sara\/#primaryimage"},"image":{"@id":"https:\/\/beta.mmm-vukelic.hr\/de\/produkt\/tischlerei\/turen\/turpfosten\/sara\/#primaryimage"},"thumbnailUrl":"https:\/\/beta.mmm-vukelic.hr\/wp-content\/uploads\/2018\/01\/\u0160tok-Sara-skrivena-spojnica.png","datePublished":"2018-01-17T16:56:02+00:00","dateModified":"2018-01-17T16:57:13+00:00","breadcrumb":{"@id":"https:\/\/beta.mmm-vukelic.hr\/de\/produkt\/tischlerei\/turen\/turpfosten\/sara\/#breadcrumb"},"inLanguage":"de","potentialAction":[{"@type":"ReadAction","target":["https:\/\/beta.mmm-vukelic.hr\/de\/produkt\/tischlerei\/turen\/turpfosten\/sara\/"]}]},{"@type":"ImageObject","inLanguage":"de","@id":"https:\/\/beta.mmm-vukelic.hr\/de\/produkt\/tischlerei\/turen\/turpfosten\/sara\/#primaryimage","url":"https:\/\/beta.mmm-vukelic.hr\/wp-content\/uploads\/2018\/01\/\u0160tok-Sara-skrivena-spojnica.png","contentUrl":"https:\/\/beta.mmm-vukelic.hr\/wp-content\/uploads\/2018\/01\/\u0160tok-Sara-skrivena-spojnica.png","width":862,"height":446},{"@type":"BreadcrumbList","@id":"https:\/\/beta.mmm-vukelic.hr\/de\/produkt\/tischlerei\/turen\/turpfosten\/sara\/#breadcrumb","itemListElement":[{"@type":"ListItem","position":1,"name":"MMM-Vukeli\u0107","item":"https:\/\/beta.mmm-vukelic.hr\/de\/"},{"@type":"ListItem","position":2,"name":"Sortiment","item":"https:\/\/beta.mmm-vukelic.hr\/de\/sortiment\/"},{"@type":"ListItem","position":3,"name":"SARA"}]},{"@type":"WebSite","@id":"https:\/\/beta.mmm-vukelic.hr\/#website","url":"https:\/\/beta.mmm-vukelic.hr\/","name":"MMM-Vukeli\u0107","description":"Drvna industrija","potentialAction":[{"@type":"SearchAction","target":{"@type":"EntryPoint","urlTemplate":"https:\/\/beta.mmm-vukelic.hr\/?s={search_term_string}"},"query-input":{"@type":"PropertyValueSpecification","valueRequired":true,"valueName":"search_term_string"}}],"inLanguage":"de"}]}},"_links":{"self":[{"href":"https:\/\/beta.mmm-vukelic.hr\/de\/wp-json\/wp\/v2\/product\/1102","targetHints":{"allow":["GET"]}}],"collection":[{"href":"https:\/\/beta.mmm-vukelic.hr\/de\/wp-json\/wp\/v2\/product"}],"about":[{"href":"https:\/\/beta.mmm-vukelic.hr\/de\/wp-json\/wp\/v2\/types\/product"}],"wp:featuredmedia":[{"embeddable":true,"href":"https:\/\/beta.mmm-vukelic.hr\/de\/wp-json\/wp\/v2\/media\/11732"}],"wp:attachment":[{"href":"https:\/\/beta.mmm-vukelic.hr\/de\/wp-json\/wp\/v2\/media?parent=1102"}],"wp:term":[{"taxonomy":"product_brand","embeddable":true,"href":"https:\/\/beta.mmm-vukelic.hr\/de\/wp-json\/wp\/v2\/product_brand?post=1102"},{"taxonomy":"product_cat","embeddable":true,"href":"https:\/\/beta.mmm-vukelic.hr\/de\/wp-json\/wp\/v2\/product_cat?post=1102"},{"taxonomy":"product_tag","embeddable":true,"href":"https:\/\/beta.mmm-vukelic.hr\/de\/wp-json\/wp\/v2\/product_tag?post=1102"}],"curies":[{"name":"wp","href":"https:\/\/api.w.org\/{rel}","templated":true}]}}