{"id":1162,"date":"2018-01-17T18:17:30","date_gmt":"2018-01-17T18:17:30","guid":{"rendered":"https:\/\/beta.mmm-vukelic.hr\/product\/mu-10\/"},"modified":"2018-01-18T14:56:24","modified_gmt":"2018-01-18T14:56:24","slug":"mu-10","status":"publish","type":"product","link":"https:\/\/beta.mmm-vukelic.hr\/de\/produkt\/tischlerei\/turen\/massive-turen\/mu-10\/","title":{"rendered":"MU-10"},"content":{"rendered":"<p>MASSIVE ZIMMERT\u00dcR<\/p>\n<ul>\n<li>Hergestellt aus massiver Eiche<\/li>\n<li>Eingefasst mit zylindrischen oder versteckten B\u00e4ndersicherungen nach Kundenwahl<\/li>\n<li>Wahlweise Verglasung statt Kasette<\/li>\n<li>Endverarbeitung gebeizt, transparenter PU Lack<\/li>\n<\/ul>\n<p>&nbsp;<\/p>\n<p>T\u00dcRSTOCK EMPFEHLUNG<\/p>\n<ul>\n<li>Hergestellt aus massiver Eiche, verst\u00e4rkt mit MDF 4mm beidseitig, furniert mit Eichenfurnier oder anderer Art Furnier<\/li>\n<li>im T\u00fcrstock werden Schlie\u00dfblech und T\u00fcrbender angebracht<\/li>\n<li>T\u00fcrstock Modell Marko mit abgerundeter Falzbekleidung und Sara mit geraden Leisten nach Wahl des Investors<\/li>\n<li>Endverarbeitung mit transparentem PU Lck, Beiz, u.a.<\/li>\n<\/ul>\n","protected":false},"excerpt":{"rendered":"<p>MASSIVE ZIMMERT\u00dcR Hergestellt aus massiver Eiche Eingefasst mit zylindrischen oder versteckten B\u00e4ndersicherungen nach Kundenwahl Wahlweise Verglasung statt Kasette Endverarbeitung gebeizt, transparenter PU Lack &nbsp; T\u00dcRSTOCK EMPFEHLUNG Hergestellt aus massiver Eiche, verst\u00e4rkt mit MDF 4mm beidseitig, furniert mit Eichenfurnier oder anderer Art Furnier im T\u00fcrstock werden Schlie\u00dfblech und T\u00fcrbender angebracht T\u00fcrstock Modell Marko mit abgerundeter Falzbekleidung [&hellip;]<\/p>\n","protected":false},"featured_media":6730,"template":"","meta":{"_acf_changed":false},"product_brand":[],"product_cat":[253,259],"product_tag":[],"class_list":{"0":"post-1162","1":"product","2":"type-product","3":"status-publish","4":"has-post-thumbnail","6":"product_cat-turen","7":"product_cat-massive-turen","9":"first","10":"instock","11":"shipping-taxable","12":"product-type-simple"},"acf":[],"yoast_head":"<!-- This site is optimized with the Yoast SEO plugin v27.0 - https:\/\/yoast.com\/product\/yoast-seo-wordpress\/ -->\n<title>MU-10 - MMM-Vukeli\u0107<\/title>\n<meta name=\"robots\" content=\"noindex, follow, max-snippet:-1, max-image-preview:large, max-video-preview:-1\" \/>\n<meta property=\"og:locale\" content=\"de_DE\" \/>\n<meta property=\"og:type\" content=\"article\" \/>\n<meta property=\"og:title\" content=\"MU-10 - MMM-Vukeli\u0107\" \/>\n<meta property=\"og:description\" content=\"MASSIVE ZIMMERT\u00dcR Hergestellt aus massiver Eiche Eingefasst mit zylindrischen oder versteckten B\u00e4ndersicherungen nach Kundenwahl Wahlweise Verglasung statt Kasette Endverarbeitung gebeizt, transparenter PU Lack &nbsp; T\u00dcRSTOCK EMPFEHLUNG Hergestellt aus massiver Eiche, verst\u00e4rkt mit MDF 4mm beidseitig, furniert mit Eichenfurnier oder anderer Art Furnier im T\u00fcrstock werden Schlie\u00dfblech und T\u00fcrbender angebracht T\u00fcrstock Modell Marko mit abgerundeter Falzbekleidung [&hellip;]\" \/>\n<meta property=\"og:url\" content=\"https:\/\/beta.mmm-vukelic.hr\/de\/produkt\/tischlerei\/turen\/massive-turen\/mu-10\/\" \/>\n<meta property=\"og:site_name\" content=\"MMM-Vukeli\u0107\" \/>\n<meta property=\"article:modified_time\" content=\"2018-01-18T14:56:24+00:00\" \/>\n<meta property=\"og:image\" content=\"https:\/\/beta.mmm-vukelic.hr\/wp-content\/uploads\/2018\/01\/GOTOVO-MU-10-s-ukaldama-5.jpg\" \/>\n\t<meta property=\"og:image:width\" content=\"424\" \/>\n\t<meta property=\"og:image:height\" content=\"1000\" \/>\n\t<meta property=\"og:image:type\" content=\"image\/jpeg\" \/>\n<meta name=\"twitter:card\" content=\"summary_large_image\" \/>\n<script type=\"application\/ld+json\" class=\"yoast-schema-graph\">{\"@context\":\"https:\/\/schema.org\",\"@graph\":[{\"@type\":\"WebPage\",\"@id\":\"https:\/\/beta.mmm-vukelic.hr\/de\/produkt\/tischlerei\/turen\/massive-turen\/mu-10\/\",\"url\":\"https:\/\/beta.mmm-vukelic.hr\/de\/produkt\/tischlerei\/turen\/massive-turen\/mu-10\/\",\"name\":\"MU-10 - MMM-Vukeli\u0107\",\"isPartOf\":{\"@id\":\"https:\/\/beta.mmm-vukelic.hr\/#website\"},\"primaryImageOfPage\":{\"@id\":\"https:\/\/beta.mmm-vukelic.hr\/de\/produkt\/tischlerei\/turen\/massive-turen\/mu-10\/#primaryimage\"},\"image\":{\"@id\":\"https:\/\/beta.mmm-vukelic.hr\/de\/produkt\/tischlerei\/turen\/massive-turen\/mu-10\/#primaryimage\"},\"thumbnailUrl\":\"https:\/\/beta.mmm-vukelic.hr\/wp-content\/uploads\/2018\/01\/GOTOVO-MU-10-s-ukaldama-5.jpg\",\"datePublished\":\"2018-01-17T18:17:30+00:00\",\"dateModified\":\"2018-01-18T14:56:24+00:00\",\"breadcrumb\":{\"@id\":\"https:\/\/beta.mmm-vukelic.hr\/de\/produkt\/tischlerei\/turen\/massive-turen\/mu-10\/#breadcrumb\"},\"inLanguage\":\"de\",\"potentialAction\":[{\"@type\":\"ReadAction\",\"target\":[\"https:\/\/beta.mmm-vukelic.hr\/de\/produkt\/tischlerei\/turen\/massive-turen\/mu-10\/\"]}]},{\"@type\":\"ImageObject\",\"inLanguage\":\"de\",\"@id\":\"https:\/\/beta.mmm-vukelic.hr\/de\/produkt\/tischlerei\/turen\/massive-turen\/mu-10\/#primaryimage\",\"url\":\"https:\/\/beta.mmm-vukelic.hr\/wp-content\/uploads\/2018\/01\/GOTOVO-MU-10-s-ukaldama-5.jpg\",\"contentUrl\":\"https:\/\/beta.mmm-vukelic.hr\/wp-content\/uploads\/2018\/01\/GOTOVO-MU-10-s-ukaldama-5.jpg\",\"width\":424,\"height\":1000},{\"@type\":\"BreadcrumbList\",\"@id\":\"https:\/\/beta.mmm-vukelic.hr\/de\/produkt\/tischlerei\/turen\/massive-turen\/mu-10\/#breadcrumb\",\"itemListElement\":[{\"@type\":\"ListItem\",\"position\":1,\"name\":\"MMM-Vukeli\u0107\",\"item\":\"https:\/\/beta.mmm-vukelic.hr\/de\/\"},{\"@type\":\"ListItem\",\"position\":2,\"name\":\"Sortiment\",\"item\":\"https:\/\/beta.mmm-vukelic.hr\/de\/sortiment\/\"},{\"@type\":\"ListItem\",\"position\":3,\"name\":\"MU-10\"}]},{\"@type\":\"WebSite\",\"@id\":\"https:\/\/beta.mmm-vukelic.hr\/#website\",\"url\":\"https:\/\/beta.mmm-vukelic.hr\/\",\"name\":\"MMM-Vukeli\u0107\",\"description\":\"Drvna industrija\",\"potentialAction\":[{\"@type\":\"SearchAction\",\"target\":{\"@type\":\"EntryPoint\",\"urlTemplate\":\"https:\/\/beta.mmm-vukelic.hr\/?s={search_term_string}\"},\"query-input\":{\"@type\":\"PropertyValueSpecification\",\"valueRequired\":true,\"valueName\":\"search_term_string\"}}],\"inLanguage\":\"de\"}]}<\/script>\n<!-- \/ Yoast SEO plugin. -->","yoast_head_json":{"title":"MU-10 - MMM-Vukeli\u0107","robots":{"index":"noindex","follow":"follow","max-snippet":"max-snippet:-1","max-image-preview":"max-image-preview:large","max-video-preview":"max-video-preview:-1"},"og_locale":"de_DE","og_type":"article","og_title":"MU-10 - MMM-Vukeli\u0107","og_description":"MASSIVE ZIMMERT\u00dcR Hergestellt aus massiver Eiche Eingefasst mit zylindrischen oder versteckten B\u00e4ndersicherungen nach Kundenwahl Wahlweise Verglasung statt Kasette Endverarbeitung gebeizt, transparenter PU Lack &nbsp; T\u00dcRSTOCK EMPFEHLUNG Hergestellt aus massiver Eiche, verst\u00e4rkt mit MDF 4mm beidseitig, furniert mit Eichenfurnier oder anderer Art Furnier im T\u00fcrstock werden Schlie\u00dfblech und T\u00fcrbender angebracht T\u00fcrstock Modell Marko mit abgerundeter Falzbekleidung [&hellip;]","og_url":"https:\/\/beta.mmm-vukelic.hr\/de\/produkt\/tischlerei\/turen\/massive-turen\/mu-10\/","og_site_name":"MMM-Vukeli\u0107","article_modified_time":"2018-01-18T14:56:24+00:00","og_image":[{"width":424,"height":1000,"url":"https:\/\/beta.mmm-vukelic.hr\/wp-content\/uploads\/2018\/01\/GOTOVO-MU-10-s-ukaldama-5.jpg","type":"image\/jpeg"}],"twitter_card":"summary_large_image","schema":{"@context":"https:\/\/schema.org","@graph":[{"@type":"WebPage","@id":"https:\/\/beta.mmm-vukelic.hr\/de\/produkt\/tischlerei\/turen\/massive-turen\/mu-10\/","url":"https:\/\/beta.mmm-vukelic.hr\/de\/produkt\/tischlerei\/turen\/massive-turen\/mu-10\/","name":"MU-10 - MMM-Vukeli\u0107","isPartOf":{"@id":"https:\/\/beta.mmm-vukelic.hr\/#website"},"primaryImageOfPage":{"@id":"https:\/\/beta.mmm-vukelic.hr\/de\/produkt\/tischlerei\/turen\/massive-turen\/mu-10\/#primaryimage"},"image":{"@id":"https:\/\/beta.mmm-vukelic.hr\/de\/produkt\/tischlerei\/turen\/massive-turen\/mu-10\/#primaryimage"},"thumbnailUrl":"https:\/\/beta.mmm-vukelic.hr\/wp-content\/uploads\/2018\/01\/GOTOVO-MU-10-s-ukaldama-5.jpg","datePublished":"2018-01-17T18:17:30+00:00","dateModified":"2018-01-18T14:56:24+00:00","breadcrumb":{"@id":"https:\/\/beta.mmm-vukelic.hr\/de\/produkt\/tischlerei\/turen\/massive-turen\/mu-10\/#breadcrumb"},"inLanguage":"de","potentialAction":[{"@type":"ReadAction","target":["https:\/\/beta.mmm-vukelic.hr\/de\/produkt\/tischlerei\/turen\/massive-turen\/mu-10\/"]}]},{"@type":"ImageObject","inLanguage":"de","@id":"https:\/\/beta.mmm-vukelic.hr\/de\/produkt\/tischlerei\/turen\/massive-turen\/mu-10\/#primaryimage","url":"https:\/\/beta.mmm-vukelic.hr\/wp-content\/uploads\/2018\/01\/GOTOVO-MU-10-s-ukaldama-5.jpg","contentUrl":"https:\/\/beta.mmm-vukelic.hr\/wp-content\/uploads\/2018\/01\/GOTOVO-MU-10-s-ukaldama-5.jpg","width":424,"height":1000},{"@type":"BreadcrumbList","@id":"https:\/\/beta.mmm-vukelic.hr\/de\/produkt\/tischlerei\/turen\/massive-turen\/mu-10\/#breadcrumb","itemListElement":[{"@type":"ListItem","position":1,"name":"MMM-Vukeli\u0107","item":"https:\/\/beta.mmm-vukelic.hr\/de\/"},{"@type":"ListItem","position":2,"name":"Sortiment","item":"https:\/\/beta.mmm-vukelic.hr\/de\/sortiment\/"},{"@type":"ListItem","position":3,"name":"MU-10"}]},{"@type":"WebSite","@id":"https:\/\/beta.mmm-vukelic.hr\/#website","url":"https:\/\/beta.mmm-vukelic.hr\/","name":"MMM-Vukeli\u0107","description":"Drvna industrija","potentialAction":[{"@type":"SearchAction","target":{"@type":"EntryPoint","urlTemplate":"https:\/\/beta.mmm-vukelic.hr\/?s={search_term_string}"},"query-input":{"@type":"PropertyValueSpecification","valueRequired":true,"valueName":"search_term_string"}}],"inLanguage":"de"}]}},"_links":{"self":[{"href":"https:\/\/beta.mmm-vukelic.hr\/de\/wp-json\/wp\/v2\/product\/1162","targetHints":{"allow":["GET"]}}],"collection":[{"href":"https:\/\/beta.mmm-vukelic.hr\/de\/wp-json\/wp\/v2\/product"}],"about":[{"href":"https:\/\/beta.mmm-vukelic.hr\/de\/wp-json\/wp\/v2\/types\/product"}],"wp:featuredmedia":[{"embeddable":true,"href":"https:\/\/beta.mmm-vukelic.hr\/de\/wp-json\/wp\/v2\/media\/6730"}],"wp:attachment":[{"href":"https:\/\/beta.mmm-vukelic.hr\/de\/wp-json\/wp\/v2\/media?parent=1162"}],"wp:term":[{"taxonomy":"product_brand","embeddable":true,"href":"https:\/\/beta.mmm-vukelic.hr\/de\/wp-json\/wp\/v2\/product_brand?post=1162"},{"taxonomy":"product_cat","embeddable":true,"href":"https:\/\/beta.mmm-vukelic.hr\/de\/wp-json\/wp\/v2\/product_cat?post=1162"},{"taxonomy":"product_tag","embeddable":true,"href":"https:\/\/beta.mmm-vukelic.hr\/de\/wp-json\/wp\/v2\/product_tag?post=1162"}],"curies":[{"name":"wp","href":"https:\/\/api.w.org\/{rel}","templated":true}]}}