{"id":11846,"date":"2022-06-30T10:33:39","date_gmt":"2022-06-30T10:33:39","guid":{"rendered":"https:\/\/beta.mmm-vukelic.hr\/proizvod\/unkategorisiert\/f-22\/"},"modified":"2025-08-13T07:45:26","modified_gmt":"2025-08-13T07:45:26","slug":"f-22","status":"publish","type":"product","link":"https:\/\/beta.mmm-vukelic.hr\/de\/produkt\/tischlerei\/turen\/furnierte-turen\/f-22\/","title":{"rendered":"F-22"},"content":{"rendered":"<div class=\"post-content\">\n<div class=\"post-content\">\n<p>FURNIRANO VRATNO KRILO:<\/p>\n<ul>\n<li>Krilo je izra\u0111eno od masivnog hrastovog okvira, ispunjeno je papirnatim sa\u0107em ili okal-ivericom po izboru, furnirana furnirom hrasta, jasena, oraha, javora i ostalih vrsta po izboru<\/li>\n<li>U krilo se ugra\u0111uju brave za klju\u010d, cilindar ili WC, ugra\u0111uju se cilindri\u010dne ili skrivene spojnice<\/li>\n<li>Zavr\u0161na obrada je transparentni PU lak, bajc u paletama boja po izboru, ulje-vosak<\/li>\n<\/ul>\n<p>&nbsp;<\/p>\n<p>PREPORU\u010cAMO DOVRATNIKE ZA VRATA:<\/p>\n<ul>\n<li>Dovratnik je izra\u0111en od masiva hrasta, u\u010dvr\u0161\u0107uje se MDF-om 4mm obostrano, furnira se hrastovim ili nekim drugim furnirom<\/li>\n<li>U dovratnik se ugra\u0111uje prihvatnik brave i spojnice<\/li>\n<li>Model dovratnika je Marko s zaobljenim lajsnama ili Sara s ravnim lajsnama po izboru investitora<\/li>\n<li>Zavr\u0161na obrada je transparentni PU lak, bajc i sl.<\/li>\n<\/ul>\n<\/div>\n<\/div>\n","protected":false},"excerpt":{"rendered":"<p>FURNIRANO VRATNO KRILO: Krilo je izra\u0111eno od masivnog hrastovog okvira, ispunjeno je papirnatim sa\u0107em ili okal-ivericom po izboru, furnirana furnirom hrasta, jasena, oraha, javora i ostalih vrsta po izboru U krilo se ugra\u0111uju brave za klju\u010d, cilindar ili WC, ugra\u0111uju se cilindri\u010dne ili skrivene spojnice Zavr\u0161na obrada je transparentni PU lak, bajc u paletama boja [&hellip;]<\/p>\n","protected":false},"featured_media":11844,"template":"","meta":{"_acf_changed":false},"product_brand":[],"product_cat":[253,257],"product_tag":[],"class_list":{"0":"post-11846","1":"product","2":"type-product","3":"status-publish","4":"has-post-thumbnail","6":"product_cat-turen","7":"product_cat-furnierte-turen","9":"first","10":"instock","11":"shipping-taxable","12":"product-type-simple"},"acf":[],"yoast_head":"<!-- This site is optimized with the Yoast SEO plugin v27.0 - https:\/\/yoast.com\/product\/yoast-seo-wordpress\/ -->\n<title>F-22 - MMM-Vukeli\u0107<\/title>\n<meta name=\"robots\" content=\"noindex, follow, max-snippet:-1, max-image-preview:large, max-video-preview:-1\" \/>\n<meta property=\"og:locale\" content=\"de_DE\" \/>\n<meta property=\"og:type\" content=\"article\" \/>\n<meta property=\"og:title\" content=\"F-22 - MMM-Vukeli\u0107\" \/>\n<meta property=\"og:description\" content=\"FURNIRANO VRATNO KRILO: Krilo je izra\u0111eno od masivnog hrastovog okvira, ispunjeno je papirnatim sa\u0107em ili okal-ivericom po izboru, furnirana furnirom hrasta, jasena, oraha, javora i ostalih vrsta po izboru U krilo se ugra\u0111uju brave za klju\u010d, cilindar ili WC, ugra\u0111uju se cilindri\u010dne ili skrivene spojnice Zavr\u0161na obrada je transparentni PU lak, bajc u paletama boja [&hellip;]\" \/>\n<meta property=\"og:url\" content=\"https:\/\/beta.mmm-vukelic.hr\/de\/produkt\/tischlerei\/turen\/furnierte-turen\/f-22\/\" \/>\n<meta property=\"og:site_name\" content=\"MMM-Vukeli\u0107\" \/>\n<meta property=\"article:modified_time\" content=\"2025-08-13T07:45:26+00:00\" \/>\n<meta property=\"og:image\" content=\"https:\/\/beta.mmm-vukelic.hr\/wp-content\/uploads\/2022\/06\/vratno-krilo-F-22-kat-br.-1930.jpg\" \/>\n\t<meta property=\"og:image:width\" content=\"392\" \/>\n\t<meta property=\"og:image:height\" content=\"1000\" \/>\n\t<meta property=\"og:image:type\" content=\"image\/jpeg\" \/>\n<meta name=\"twitter:card\" content=\"summary_large_image\" \/>\n<meta name=\"twitter:label1\" content=\"Gesch\u00e4tzte Lesezeit\" \/>\n\t<meta name=\"twitter:data1\" content=\"1\u00a0Minute\" \/>\n<script type=\"application\/ld+json\" class=\"yoast-schema-graph\">{\"@context\":\"https:\/\/schema.org\",\"@graph\":[{\"@type\":\"WebPage\",\"@id\":\"https:\/\/beta.mmm-vukelic.hr\/de\/produkt\/tischlerei\/turen\/furnierte-turen\/f-22\/\",\"url\":\"https:\/\/beta.mmm-vukelic.hr\/de\/produkt\/tischlerei\/turen\/furnierte-turen\/f-22\/\",\"name\":\"F-22 - MMM-Vukeli\u0107\",\"isPartOf\":{\"@id\":\"https:\/\/beta.mmm-vukelic.hr\/#website\"},\"primaryImageOfPage\":{\"@id\":\"https:\/\/beta.mmm-vukelic.hr\/de\/produkt\/tischlerei\/turen\/furnierte-turen\/f-22\/#primaryimage\"},\"image\":{\"@id\":\"https:\/\/beta.mmm-vukelic.hr\/de\/produkt\/tischlerei\/turen\/furnierte-turen\/f-22\/#primaryimage\"},\"thumbnailUrl\":\"https:\/\/beta.mmm-vukelic.hr\/wp-content\/uploads\/2022\/06\/vratno-krilo-F-22-kat-br.-1930.jpg\",\"datePublished\":\"2022-06-30T10:33:39+00:00\",\"dateModified\":\"2025-08-13T07:45:26+00:00\",\"breadcrumb\":{\"@id\":\"https:\/\/beta.mmm-vukelic.hr\/de\/produkt\/tischlerei\/turen\/furnierte-turen\/f-22\/#breadcrumb\"},\"inLanguage\":\"de\",\"potentialAction\":[{\"@type\":\"ReadAction\",\"target\":[\"https:\/\/beta.mmm-vukelic.hr\/de\/produkt\/tischlerei\/turen\/furnierte-turen\/f-22\/\"]}]},{\"@type\":\"ImageObject\",\"inLanguage\":\"de\",\"@id\":\"https:\/\/beta.mmm-vukelic.hr\/de\/produkt\/tischlerei\/turen\/furnierte-turen\/f-22\/#primaryimage\",\"url\":\"https:\/\/beta.mmm-vukelic.hr\/wp-content\/uploads\/2022\/06\/vratno-krilo-F-22-kat-br.-1930.jpg\",\"contentUrl\":\"https:\/\/beta.mmm-vukelic.hr\/wp-content\/uploads\/2022\/06\/vratno-krilo-F-22-kat-br.-1930.jpg\",\"width\":392,\"height\":1000},{\"@type\":\"BreadcrumbList\",\"@id\":\"https:\/\/beta.mmm-vukelic.hr\/de\/produkt\/tischlerei\/turen\/furnierte-turen\/f-22\/#breadcrumb\",\"itemListElement\":[{\"@type\":\"ListItem\",\"position\":1,\"name\":\"MMM-Vukeli\u0107\",\"item\":\"https:\/\/beta.mmm-vukelic.hr\/de\/\"},{\"@type\":\"ListItem\",\"position\":2,\"name\":\"Sortiment\",\"item\":\"https:\/\/beta.mmm-vukelic.hr\/de\/sortiment\/\"},{\"@type\":\"ListItem\",\"position\":3,\"name\":\"F-22\"}]},{\"@type\":\"WebSite\",\"@id\":\"https:\/\/beta.mmm-vukelic.hr\/#website\",\"url\":\"https:\/\/beta.mmm-vukelic.hr\/\",\"name\":\"MMM-Vukeli\u0107\",\"description\":\"Drvna industrija\",\"potentialAction\":[{\"@type\":\"SearchAction\",\"target\":{\"@type\":\"EntryPoint\",\"urlTemplate\":\"https:\/\/beta.mmm-vukelic.hr\/?s={search_term_string}\"},\"query-input\":{\"@type\":\"PropertyValueSpecification\",\"valueRequired\":true,\"valueName\":\"search_term_string\"}}],\"inLanguage\":\"de\"}]}<\/script>\n<!-- \/ Yoast SEO plugin. -->","yoast_head_json":{"title":"F-22 - MMM-Vukeli\u0107","robots":{"index":"noindex","follow":"follow","max-snippet":"max-snippet:-1","max-image-preview":"max-image-preview:large","max-video-preview":"max-video-preview:-1"},"og_locale":"de_DE","og_type":"article","og_title":"F-22 - MMM-Vukeli\u0107","og_description":"FURNIRANO VRATNO KRILO: Krilo je izra\u0111eno od masivnog hrastovog okvira, ispunjeno je papirnatim sa\u0107em ili okal-ivericom po izboru, furnirana furnirom hrasta, jasena, oraha, javora i ostalih vrsta po izboru U krilo se ugra\u0111uju brave za klju\u010d, cilindar ili WC, ugra\u0111uju se cilindri\u010dne ili skrivene spojnice Zavr\u0161na obrada je transparentni PU lak, bajc u paletama boja [&hellip;]","og_url":"https:\/\/beta.mmm-vukelic.hr\/de\/produkt\/tischlerei\/turen\/furnierte-turen\/f-22\/","og_site_name":"MMM-Vukeli\u0107","article_modified_time":"2025-08-13T07:45:26+00:00","og_image":[{"width":392,"height":1000,"url":"https:\/\/beta.mmm-vukelic.hr\/wp-content\/uploads\/2022\/06\/vratno-krilo-F-22-kat-br.-1930.jpg","type":"image\/jpeg"}],"twitter_card":"summary_large_image","twitter_misc":{"Gesch\u00e4tzte Lesezeit":"1\u00a0Minute"},"schema":{"@context":"https:\/\/schema.org","@graph":[{"@type":"WebPage","@id":"https:\/\/beta.mmm-vukelic.hr\/de\/produkt\/tischlerei\/turen\/furnierte-turen\/f-22\/","url":"https:\/\/beta.mmm-vukelic.hr\/de\/produkt\/tischlerei\/turen\/furnierte-turen\/f-22\/","name":"F-22 - MMM-Vukeli\u0107","isPartOf":{"@id":"https:\/\/beta.mmm-vukelic.hr\/#website"},"primaryImageOfPage":{"@id":"https:\/\/beta.mmm-vukelic.hr\/de\/produkt\/tischlerei\/turen\/furnierte-turen\/f-22\/#primaryimage"},"image":{"@id":"https:\/\/beta.mmm-vukelic.hr\/de\/produkt\/tischlerei\/turen\/furnierte-turen\/f-22\/#primaryimage"},"thumbnailUrl":"https:\/\/beta.mmm-vukelic.hr\/wp-content\/uploads\/2022\/06\/vratno-krilo-F-22-kat-br.-1930.jpg","datePublished":"2022-06-30T10:33:39+00:00","dateModified":"2025-08-13T07:45:26+00:00","breadcrumb":{"@id":"https:\/\/beta.mmm-vukelic.hr\/de\/produkt\/tischlerei\/turen\/furnierte-turen\/f-22\/#breadcrumb"},"inLanguage":"de","potentialAction":[{"@type":"ReadAction","target":["https:\/\/beta.mmm-vukelic.hr\/de\/produkt\/tischlerei\/turen\/furnierte-turen\/f-22\/"]}]},{"@type":"ImageObject","inLanguage":"de","@id":"https:\/\/beta.mmm-vukelic.hr\/de\/produkt\/tischlerei\/turen\/furnierte-turen\/f-22\/#primaryimage","url":"https:\/\/beta.mmm-vukelic.hr\/wp-content\/uploads\/2022\/06\/vratno-krilo-F-22-kat-br.-1930.jpg","contentUrl":"https:\/\/beta.mmm-vukelic.hr\/wp-content\/uploads\/2022\/06\/vratno-krilo-F-22-kat-br.-1930.jpg","width":392,"height":1000},{"@type":"BreadcrumbList","@id":"https:\/\/beta.mmm-vukelic.hr\/de\/produkt\/tischlerei\/turen\/furnierte-turen\/f-22\/#breadcrumb","itemListElement":[{"@type":"ListItem","position":1,"name":"MMM-Vukeli\u0107","item":"https:\/\/beta.mmm-vukelic.hr\/de\/"},{"@type":"ListItem","position":2,"name":"Sortiment","item":"https:\/\/beta.mmm-vukelic.hr\/de\/sortiment\/"},{"@type":"ListItem","position":3,"name":"F-22"}]},{"@type":"WebSite","@id":"https:\/\/beta.mmm-vukelic.hr\/#website","url":"https:\/\/beta.mmm-vukelic.hr\/","name":"MMM-Vukeli\u0107","description":"Drvna industrija","potentialAction":[{"@type":"SearchAction","target":{"@type":"EntryPoint","urlTemplate":"https:\/\/beta.mmm-vukelic.hr\/?s={search_term_string}"},"query-input":{"@type":"PropertyValueSpecification","valueRequired":true,"valueName":"search_term_string"}}],"inLanguage":"de"}]}},"_links":{"self":[{"href":"https:\/\/beta.mmm-vukelic.hr\/de\/wp-json\/wp\/v2\/product\/11846","targetHints":{"allow":["GET"]}}],"collection":[{"href":"https:\/\/beta.mmm-vukelic.hr\/de\/wp-json\/wp\/v2\/product"}],"about":[{"href":"https:\/\/beta.mmm-vukelic.hr\/de\/wp-json\/wp\/v2\/types\/product"}],"wp:featuredmedia":[{"embeddable":true,"href":"https:\/\/beta.mmm-vukelic.hr\/de\/wp-json\/wp\/v2\/media\/11844"}],"wp:attachment":[{"href":"https:\/\/beta.mmm-vukelic.hr\/de\/wp-json\/wp\/v2\/media?parent=11846"}],"wp:term":[{"taxonomy":"product_brand","embeddable":true,"href":"https:\/\/beta.mmm-vukelic.hr\/de\/wp-json\/wp\/v2\/product_brand?post=11846"},{"taxonomy":"product_cat","embeddable":true,"href":"https:\/\/beta.mmm-vukelic.hr\/de\/wp-json\/wp\/v2\/product_cat?post=11846"},{"taxonomy":"product_tag","embeddable":true,"href":"https:\/\/beta.mmm-vukelic.hr\/de\/wp-json\/wp\/v2\/product_tag?post=11846"}],"curies":[{"name":"wp","href":"https:\/\/api.w.org\/{rel}","templated":true}]}}