{"id":1234,"date":"2018-01-17T19:03:15","date_gmt":"2018-01-17T19:03:15","guid":{"rendered":"https:\/\/beta.mmm-vukelic.hr\/product\/u-3\/"},"modified":"2018-01-18T15:05:41","modified_gmt":"2018-01-18T15:05:41","slug":"u-3","status":"publish","type":"product","link":"https:\/\/beta.mmm-vukelic.hr\/de\/produkt\/tischlerei\/turen\/massive-eingangsturen\/u-3\/","title":{"rendered":"U-3"},"content":{"rendered":"<p>MASSIVE EINGANGST\u00dcR<\/p>\n<ul>\n<li>Hergestellt aus massiver Eiche, L\u00e4rche oder Fichte<\/li>\n<li>Eingefasst mit standarden oder einbruchsicheren Beschl\u00e4gen nach Kundenwahl<\/li>\n<li>Wahlweise T\u00fcrspion, fallende Dichtungen, versteckte B\u00e4ndersicherung, metalisiertes Glas<\/li>\n<li>Endverarbeitung gebeizt, transparenter PU Lack, mehrlagige Lasur mit UV Schutz (Sonnenschutz)<\/li>\n<\/ul>\n","protected":false},"excerpt":{"rendered":"<p>MASSIVE EINGANGST\u00dcR Hergestellt aus massiver Eiche, L\u00e4rche oder Fichte Eingefasst mit standarden oder einbruchsicheren Beschl\u00e4gen nach Kundenwahl Wahlweise T\u00fcrspion, fallende Dichtungen, versteckte B\u00e4ndersicherung, metalisiertes Glas Endverarbeitung gebeizt, transparenter PU Lack, mehrlagige Lasur mit UV Schutz (Sonnenschutz)<\/p>\n","protected":false},"featured_media":6799,"template":"","meta":{"_acf_changed":false},"product_brand":[],"product_cat":[253,261],"product_tag":[],"class_list":{"0":"post-1234","1":"product","2":"type-product","3":"status-publish","4":"has-post-thumbnail","6":"product_cat-turen","7":"product_cat-massive-eingangsturen","9":"first","10":"instock","11":"shipping-taxable","12":"product-type-simple"},"acf":[],"yoast_head":"<!-- This site is optimized with the Yoast SEO plugin v27.0 - https:\/\/yoast.com\/product\/yoast-seo-wordpress\/ -->\n<title>U-3 - MMM-Vukeli\u0107<\/title>\n<meta name=\"robots\" content=\"noindex, follow, max-snippet:-1, max-image-preview:large, max-video-preview:-1\" \/>\n<meta property=\"og:locale\" content=\"de_DE\" \/>\n<meta property=\"og:type\" content=\"article\" \/>\n<meta property=\"og:title\" content=\"U-3 - MMM-Vukeli\u0107\" \/>\n<meta property=\"og:description\" content=\"MASSIVE EINGANGST\u00dcR Hergestellt aus massiver Eiche, L\u00e4rche oder Fichte Eingefasst mit standarden oder einbruchsicheren Beschl\u00e4gen nach Kundenwahl Wahlweise T\u00fcrspion, fallende Dichtungen, versteckte B\u00e4ndersicherung, metalisiertes Glas Endverarbeitung gebeizt, transparenter PU Lack, mehrlagige Lasur mit UV Schutz (Sonnenschutz)\" \/>\n<meta property=\"og:url\" content=\"https:\/\/beta.mmm-vukelic.hr\/de\/produkt\/tischlerei\/turen\/massive-eingangsturen\/u-3\/\" \/>\n<meta property=\"og:site_name\" content=\"MMM-Vukeli\u0107\" \/>\n<meta property=\"article:modified_time\" content=\"2018-01-18T15:05:41+00:00\" \/>\n<meta property=\"og:image\" content=\"https:\/\/beta.mmm-vukelic.hr\/wp-content\/uploads\/2018\/01\/GOTOVO-U-3-4.jpg\" \/>\n\t<meta property=\"og:image:width\" content=\"423\" \/>\n\t<meta property=\"og:image:height\" content=\"900\" \/>\n\t<meta property=\"og:image:type\" content=\"image\/jpeg\" \/>\n<meta name=\"twitter:card\" content=\"summary_large_image\" \/>\n<script type=\"application\/ld+json\" class=\"yoast-schema-graph\">{\"@context\":\"https:\/\/schema.org\",\"@graph\":[{\"@type\":\"WebPage\",\"@id\":\"https:\/\/beta.mmm-vukelic.hr\/de\/produkt\/tischlerei\/turen\/massive-eingangsturen\/u-3\/\",\"url\":\"https:\/\/beta.mmm-vukelic.hr\/de\/produkt\/tischlerei\/turen\/massive-eingangsturen\/u-3\/\",\"name\":\"U-3 - MMM-Vukeli\u0107\",\"isPartOf\":{\"@id\":\"https:\/\/beta.mmm-vukelic.hr\/#website\"},\"primaryImageOfPage\":{\"@id\":\"https:\/\/beta.mmm-vukelic.hr\/de\/produkt\/tischlerei\/turen\/massive-eingangsturen\/u-3\/#primaryimage\"},\"image\":{\"@id\":\"https:\/\/beta.mmm-vukelic.hr\/de\/produkt\/tischlerei\/turen\/massive-eingangsturen\/u-3\/#primaryimage\"},\"thumbnailUrl\":\"https:\/\/beta.mmm-vukelic.hr\/wp-content\/uploads\/2018\/01\/GOTOVO-U-3-4.jpg\",\"datePublished\":\"2018-01-17T19:03:15+00:00\",\"dateModified\":\"2018-01-18T15:05:41+00:00\",\"breadcrumb\":{\"@id\":\"https:\/\/beta.mmm-vukelic.hr\/de\/produkt\/tischlerei\/turen\/massive-eingangsturen\/u-3\/#breadcrumb\"},\"inLanguage\":\"de\",\"potentialAction\":[{\"@type\":\"ReadAction\",\"target\":[\"https:\/\/beta.mmm-vukelic.hr\/de\/produkt\/tischlerei\/turen\/massive-eingangsturen\/u-3\/\"]}]},{\"@type\":\"ImageObject\",\"inLanguage\":\"de\",\"@id\":\"https:\/\/beta.mmm-vukelic.hr\/de\/produkt\/tischlerei\/turen\/massive-eingangsturen\/u-3\/#primaryimage\",\"url\":\"https:\/\/beta.mmm-vukelic.hr\/wp-content\/uploads\/2018\/01\/GOTOVO-U-3-4.jpg\",\"contentUrl\":\"https:\/\/beta.mmm-vukelic.hr\/wp-content\/uploads\/2018\/01\/GOTOVO-U-3-4.jpg\",\"width\":423,\"height\":900},{\"@type\":\"BreadcrumbList\",\"@id\":\"https:\/\/beta.mmm-vukelic.hr\/de\/produkt\/tischlerei\/turen\/massive-eingangsturen\/u-3\/#breadcrumb\",\"itemListElement\":[{\"@type\":\"ListItem\",\"position\":1,\"name\":\"MMM-Vukeli\u0107\",\"item\":\"https:\/\/beta.mmm-vukelic.hr\/de\/\"},{\"@type\":\"ListItem\",\"position\":2,\"name\":\"Sortiment\",\"item\":\"https:\/\/beta.mmm-vukelic.hr\/de\/sortiment\/\"},{\"@type\":\"ListItem\",\"position\":3,\"name\":\"U-3\"}]},{\"@type\":\"WebSite\",\"@id\":\"https:\/\/beta.mmm-vukelic.hr\/#website\",\"url\":\"https:\/\/beta.mmm-vukelic.hr\/\",\"name\":\"MMM-Vukeli\u0107\",\"description\":\"Drvna industrija\",\"potentialAction\":[{\"@type\":\"SearchAction\",\"target\":{\"@type\":\"EntryPoint\",\"urlTemplate\":\"https:\/\/beta.mmm-vukelic.hr\/?s={search_term_string}\"},\"query-input\":{\"@type\":\"PropertyValueSpecification\",\"valueRequired\":true,\"valueName\":\"search_term_string\"}}],\"inLanguage\":\"de\"}]}<\/script>\n<!-- \/ Yoast SEO plugin. -->","yoast_head_json":{"title":"U-3 - MMM-Vukeli\u0107","robots":{"index":"noindex","follow":"follow","max-snippet":"max-snippet:-1","max-image-preview":"max-image-preview:large","max-video-preview":"max-video-preview:-1"},"og_locale":"de_DE","og_type":"article","og_title":"U-3 - MMM-Vukeli\u0107","og_description":"MASSIVE EINGANGST\u00dcR Hergestellt aus massiver Eiche, L\u00e4rche oder Fichte Eingefasst mit standarden oder einbruchsicheren Beschl\u00e4gen nach Kundenwahl Wahlweise T\u00fcrspion, fallende Dichtungen, versteckte B\u00e4ndersicherung, metalisiertes Glas Endverarbeitung gebeizt, transparenter PU Lack, mehrlagige Lasur mit UV Schutz (Sonnenschutz)","og_url":"https:\/\/beta.mmm-vukelic.hr\/de\/produkt\/tischlerei\/turen\/massive-eingangsturen\/u-3\/","og_site_name":"MMM-Vukeli\u0107","article_modified_time":"2018-01-18T15:05:41+00:00","og_image":[{"width":423,"height":900,"url":"https:\/\/beta.mmm-vukelic.hr\/wp-content\/uploads\/2018\/01\/GOTOVO-U-3-4.jpg","type":"image\/jpeg"}],"twitter_card":"summary_large_image","schema":{"@context":"https:\/\/schema.org","@graph":[{"@type":"WebPage","@id":"https:\/\/beta.mmm-vukelic.hr\/de\/produkt\/tischlerei\/turen\/massive-eingangsturen\/u-3\/","url":"https:\/\/beta.mmm-vukelic.hr\/de\/produkt\/tischlerei\/turen\/massive-eingangsturen\/u-3\/","name":"U-3 - MMM-Vukeli\u0107","isPartOf":{"@id":"https:\/\/beta.mmm-vukelic.hr\/#website"},"primaryImageOfPage":{"@id":"https:\/\/beta.mmm-vukelic.hr\/de\/produkt\/tischlerei\/turen\/massive-eingangsturen\/u-3\/#primaryimage"},"image":{"@id":"https:\/\/beta.mmm-vukelic.hr\/de\/produkt\/tischlerei\/turen\/massive-eingangsturen\/u-3\/#primaryimage"},"thumbnailUrl":"https:\/\/beta.mmm-vukelic.hr\/wp-content\/uploads\/2018\/01\/GOTOVO-U-3-4.jpg","datePublished":"2018-01-17T19:03:15+00:00","dateModified":"2018-01-18T15:05:41+00:00","breadcrumb":{"@id":"https:\/\/beta.mmm-vukelic.hr\/de\/produkt\/tischlerei\/turen\/massive-eingangsturen\/u-3\/#breadcrumb"},"inLanguage":"de","potentialAction":[{"@type":"ReadAction","target":["https:\/\/beta.mmm-vukelic.hr\/de\/produkt\/tischlerei\/turen\/massive-eingangsturen\/u-3\/"]}]},{"@type":"ImageObject","inLanguage":"de","@id":"https:\/\/beta.mmm-vukelic.hr\/de\/produkt\/tischlerei\/turen\/massive-eingangsturen\/u-3\/#primaryimage","url":"https:\/\/beta.mmm-vukelic.hr\/wp-content\/uploads\/2018\/01\/GOTOVO-U-3-4.jpg","contentUrl":"https:\/\/beta.mmm-vukelic.hr\/wp-content\/uploads\/2018\/01\/GOTOVO-U-3-4.jpg","width":423,"height":900},{"@type":"BreadcrumbList","@id":"https:\/\/beta.mmm-vukelic.hr\/de\/produkt\/tischlerei\/turen\/massive-eingangsturen\/u-3\/#breadcrumb","itemListElement":[{"@type":"ListItem","position":1,"name":"MMM-Vukeli\u0107","item":"https:\/\/beta.mmm-vukelic.hr\/de\/"},{"@type":"ListItem","position":2,"name":"Sortiment","item":"https:\/\/beta.mmm-vukelic.hr\/de\/sortiment\/"},{"@type":"ListItem","position":3,"name":"U-3"}]},{"@type":"WebSite","@id":"https:\/\/beta.mmm-vukelic.hr\/#website","url":"https:\/\/beta.mmm-vukelic.hr\/","name":"MMM-Vukeli\u0107","description":"Drvna industrija","potentialAction":[{"@type":"SearchAction","target":{"@type":"EntryPoint","urlTemplate":"https:\/\/beta.mmm-vukelic.hr\/?s={search_term_string}"},"query-input":{"@type":"PropertyValueSpecification","valueRequired":true,"valueName":"search_term_string"}}],"inLanguage":"de"}]}},"_links":{"self":[{"href":"https:\/\/beta.mmm-vukelic.hr\/de\/wp-json\/wp\/v2\/product\/1234","targetHints":{"allow":["GET"]}}],"collection":[{"href":"https:\/\/beta.mmm-vukelic.hr\/de\/wp-json\/wp\/v2\/product"}],"about":[{"href":"https:\/\/beta.mmm-vukelic.hr\/de\/wp-json\/wp\/v2\/types\/product"}],"wp:featuredmedia":[{"embeddable":true,"href":"https:\/\/beta.mmm-vukelic.hr\/de\/wp-json\/wp\/v2\/media\/6799"}],"wp:attachment":[{"href":"https:\/\/beta.mmm-vukelic.hr\/de\/wp-json\/wp\/v2\/media?parent=1234"}],"wp:term":[{"taxonomy":"product_brand","embeddable":true,"href":"https:\/\/beta.mmm-vukelic.hr\/de\/wp-json\/wp\/v2\/product_brand?post=1234"},{"taxonomy":"product_cat","embeddable":true,"href":"https:\/\/beta.mmm-vukelic.hr\/de\/wp-json\/wp\/v2\/product_cat?post=1234"},{"taxonomy":"product_tag","embeddable":true,"href":"https:\/\/beta.mmm-vukelic.hr\/de\/wp-json\/wp\/v2\/product_tag?post=1234"}],"curies":[{"name":"wp","href":"https:\/\/api.w.org\/{rel}","templated":true}]}}