{"id":2192,"date":"2018-01-21T11:38:52","date_gmt":"2018-01-21T11:38:52","guid":{"rendered":"https:\/\/beta.mmm-vukelic.hr\/product\/ms-6\/"},"modified":"2018-01-21T11:40:35","modified_gmt":"2018-01-21T11:40:35","slug":"ms-6","status":"publish","type":"product","link":"https:\/\/beta.mmm-vukelic.hr\/de\/produkt\/tischlerei\/turen\/massive-turen\/ms-6\/","title":{"rendered":"MS-6"},"content":{"rendered":"<p>MASSIVE ZIMMERT\u00dcR<\/p>\n<ul>\n<li>Mit Glass<\/li>\n<li>Hergestellt aus massiver Eiche<\/li>\n<li>Eingefasst mit zylindrischen oder versteckten B\u00e4ndersicherungen nach Kundenwahl<\/li>\n<li>Wahlweise Verglasung statt Kasette<\/li>\n<li>Endverarbeitung gebeizt, transparenter PU Lack<\/li>\n<\/ul>\n<p>&nbsp;<\/p>\n<p>T\u00dcRSTOCK EMPFEHLUNG<\/p>\n<ul>\n<li>Hergestellt aus massiver Eiche, verst\u00e4rkt mit MDF 4mm beidseitig, furniert mit Eichenfurnier oder anderer Art Furnier<\/li>\n<li>im T\u00fcrstock werden Schlie\u00dfblech und T\u00fcrbender angebracht<\/li>\n<li>T\u00fcrstock Modell Marko mit abgerundeter Falzbekleidung und Sara mit geraden Leisten nach Wahl des Investors<\/li>\n<li>Endverarbeitung mit transparentem PU Lck, Beiz, u.a.<\/li>\n<\/ul>\n","protected":false},"excerpt":{"rendered":"<p>MASSIVE ZIMMERT\u00dcR Mit Glass Hergestellt aus massiver Eiche Eingefasst mit zylindrischen oder versteckten B\u00e4ndersicherungen nach Kundenwahl Wahlweise Verglasung statt Kasette Endverarbeitung gebeizt, transparenter PU Lack &nbsp; T\u00dcRSTOCK EMPFEHLUNG Hergestellt aus massiver Eiche, verst\u00e4rkt mit MDF 4mm beidseitig, furniert mit Eichenfurnier oder anderer Art Furnier im T\u00fcrstock werden Schlie\u00dfblech und T\u00fcrbender angebracht T\u00fcrstock Modell Marko mit [&hellip;]<\/p>\n","protected":false},"featured_media":10531,"template":"","meta":{"_acf_changed":false},"product_brand":[],"product_cat":[253,259],"product_tag":[],"class_list":{"0":"post-2192","1":"product","2":"type-product","3":"status-publish","4":"has-post-thumbnail","6":"product_cat-turen","7":"product_cat-massive-turen","9":"first","10":"instock","11":"shipping-taxable","12":"product-type-simple"},"acf":[],"yoast_head":"<!-- This site is optimized with the Yoast SEO plugin v27.0 - https:\/\/yoast.com\/product\/yoast-seo-wordpress\/ -->\n<title>MS-6 - MMM-Vukeli\u0107<\/title>\n<meta name=\"robots\" content=\"noindex, follow, max-snippet:-1, max-image-preview:large, max-video-preview:-1\" \/>\n<meta property=\"og:locale\" content=\"de_DE\" \/>\n<meta property=\"og:type\" content=\"article\" \/>\n<meta property=\"og:title\" content=\"MS-6 - MMM-Vukeli\u0107\" \/>\n<meta property=\"og:description\" content=\"MASSIVE ZIMMERT\u00dcR Mit Glass Hergestellt aus massiver Eiche Eingefasst mit zylindrischen oder versteckten B\u00e4ndersicherungen nach Kundenwahl Wahlweise Verglasung statt Kasette Endverarbeitung gebeizt, transparenter PU Lack &nbsp; T\u00dcRSTOCK EMPFEHLUNG Hergestellt aus massiver Eiche, verst\u00e4rkt mit MDF 4mm beidseitig, furniert mit Eichenfurnier oder anderer Art Furnier im T\u00fcrstock werden Schlie\u00dfblech und T\u00fcrbender angebracht T\u00fcrstock Modell Marko mit [&hellip;]\" \/>\n<meta property=\"og:url\" content=\"https:\/\/beta.mmm-vukelic.hr\/de\/produkt\/tischlerei\/turen\/massive-turen\/ms-6\/\" \/>\n<meta property=\"og:site_name\" content=\"MMM-Vukeli\u0107\" \/>\n<meta property=\"article:modified_time\" content=\"2018-01-21T11:40:35+00:00\" \/>\n<meta property=\"og:image\" content=\"https:\/\/beta.mmm-vukelic.hr\/wp-content\/uploads\/2018\/01\/Masivna-klizna-vrata-cream-Ms-6.jpg\" \/>\n\t<meta property=\"og:image:width\" content=\"630\" \/>\n\t<meta property=\"og:image:height\" content=\"1000\" \/>\n\t<meta property=\"og:image:type\" content=\"image\/jpeg\" \/>\n<meta name=\"twitter:card\" content=\"summary_large_image\" \/>\n<script type=\"application\/ld+json\" class=\"yoast-schema-graph\">{\"@context\":\"https:\/\/schema.org\",\"@graph\":[{\"@type\":\"WebPage\",\"@id\":\"https:\/\/beta.mmm-vukelic.hr\/de\/produkt\/tischlerei\/turen\/massive-turen\/ms-6\/\",\"url\":\"https:\/\/beta.mmm-vukelic.hr\/de\/produkt\/tischlerei\/turen\/massive-turen\/ms-6\/\",\"name\":\"MS-6 - MMM-Vukeli\u0107\",\"isPartOf\":{\"@id\":\"https:\/\/beta.mmm-vukelic.hr\/#website\"},\"primaryImageOfPage\":{\"@id\":\"https:\/\/beta.mmm-vukelic.hr\/de\/produkt\/tischlerei\/turen\/massive-turen\/ms-6\/#primaryimage\"},\"image\":{\"@id\":\"https:\/\/beta.mmm-vukelic.hr\/de\/produkt\/tischlerei\/turen\/massive-turen\/ms-6\/#primaryimage\"},\"thumbnailUrl\":\"https:\/\/beta.mmm-vukelic.hr\/wp-content\/uploads\/2018\/01\/Masivna-klizna-vrata-cream-Ms-6.jpg\",\"datePublished\":\"2018-01-21T11:38:52+00:00\",\"dateModified\":\"2018-01-21T11:40:35+00:00\",\"breadcrumb\":{\"@id\":\"https:\/\/beta.mmm-vukelic.hr\/de\/produkt\/tischlerei\/turen\/massive-turen\/ms-6\/#breadcrumb\"},\"inLanguage\":\"de\",\"potentialAction\":[{\"@type\":\"ReadAction\",\"target\":[\"https:\/\/beta.mmm-vukelic.hr\/de\/produkt\/tischlerei\/turen\/massive-turen\/ms-6\/\"]}]},{\"@type\":\"ImageObject\",\"inLanguage\":\"de\",\"@id\":\"https:\/\/beta.mmm-vukelic.hr\/de\/produkt\/tischlerei\/turen\/massive-turen\/ms-6\/#primaryimage\",\"url\":\"https:\/\/beta.mmm-vukelic.hr\/wp-content\/uploads\/2018\/01\/Masivna-klizna-vrata-cream-Ms-6.jpg\",\"contentUrl\":\"https:\/\/beta.mmm-vukelic.hr\/wp-content\/uploads\/2018\/01\/Masivna-klizna-vrata-cream-Ms-6.jpg\",\"width\":630,\"height\":1000},{\"@type\":\"BreadcrumbList\",\"@id\":\"https:\/\/beta.mmm-vukelic.hr\/de\/produkt\/tischlerei\/turen\/massive-turen\/ms-6\/#breadcrumb\",\"itemListElement\":[{\"@type\":\"ListItem\",\"position\":1,\"name\":\"MMM-Vukeli\u0107\",\"item\":\"https:\/\/beta.mmm-vukelic.hr\/de\/\"},{\"@type\":\"ListItem\",\"position\":2,\"name\":\"Sortiment\",\"item\":\"https:\/\/beta.mmm-vukelic.hr\/de\/sortiment\/\"},{\"@type\":\"ListItem\",\"position\":3,\"name\":\"MS-6\"}]},{\"@type\":\"WebSite\",\"@id\":\"https:\/\/beta.mmm-vukelic.hr\/#website\",\"url\":\"https:\/\/beta.mmm-vukelic.hr\/\",\"name\":\"MMM-Vukeli\u0107\",\"description\":\"Drvna industrija\",\"potentialAction\":[{\"@type\":\"SearchAction\",\"target\":{\"@type\":\"EntryPoint\",\"urlTemplate\":\"https:\/\/beta.mmm-vukelic.hr\/?s={search_term_string}\"},\"query-input\":{\"@type\":\"PropertyValueSpecification\",\"valueRequired\":true,\"valueName\":\"search_term_string\"}}],\"inLanguage\":\"de\"}]}<\/script>\n<!-- \/ Yoast SEO plugin. -->","yoast_head_json":{"title":"MS-6 - MMM-Vukeli\u0107","robots":{"index":"noindex","follow":"follow","max-snippet":"max-snippet:-1","max-image-preview":"max-image-preview:large","max-video-preview":"max-video-preview:-1"},"og_locale":"de_DE","og_type":"article","og_title":"MS-6 - MMM-Vukeli\u0107","og_description":"MASSIVE ZIMMERT\u00dcR Mit Glass Hergestellt aus massiver Eiche Eingefasst mit zylindrischen oder versteckten B\u00e4ndersicherungen nach Kundenwahl Wahlweise Verglasung statt Kasette Endverarbeitung gebeizt, transparenter PU Lack &nbsp; T\u00dcRSTOCK EMPFEHLUNG Hergestellt aus massiver Eiche, verst\u00e4rkt mit MDF 4mm beidseitig, furniert mit Eichenfurnier oder anderer Art Furnier im T\u00fcrstock werden Schlie\u00dfblech und T\u00fcrbender angebracht T\u00fcrstock Modell Marko mit [&hellip;]","og_url":"https:\/\/beta.mmm-vukelic.hr\/de\/produkt\/tischlerei\/turen\/massive-turen\/ms-6\/","og_site_name":"MMM-Vukeli\u0107","article_modified_time":"2018-01-21T11:40:35+00:00","og_image":[{"width":630,"height":1000,"url":"https:\/\/beta.mmm-vukelic.hr\/wp-content\/uploads\/2018\/01\/Masivna-klizna-vrata-cream-Ms-6.jpg","type":"image\/jpeg"}],"twitter_card":"summary_large_image","schema":{"@context":"https:\/\/schema.org","@graph":[{"@type":"WebPage","@id":"https:\/\/beta.mmm-vukelic.hr\/de\/produkt\/tischlerei\/turen\/massive-turen\/ms-6\/","url":"https:\/\/beta.mmm-vukelic.hr\/de\/produkt\/tischlerei\/turen\/massive-turen\/ms-6\/","name":"MS-6 - MMM-Vukeli\u0107","isPartOf":{"@id":"https:\/\/beta.mmm-vukelic.hr\/#website"},"primaryImageOfPage":{"@id":"https:\/\/beta.mmm-vukelic.hr\/de\/produkt\/tischlerei\/turen\/massive-turen\/ms-6\/#primaryimage"},"image":{"@id":"https:\/\/beta.mmm-vukelic.hr\/de\/produkt\/tischlerei\/turen\/massive-turen\/ms-6\/#primaryimage"},"thumbnailUrl":"https:\/\/beta.mmm-vukelic.hr\/wp-content\/uploads\/2018\/01\/Masivna-klizna-vrata-cream-Ms-6.jpg","datePublished":"2018-01-21T11:38:52+00:00","dateModified":"2018-01-21T11:40:35+00:00","breadcrumb":{"@id":"https:\/\/beta.mmm-vukelic.hr\/de\/produkt\/tischlerei\/turen\/massive-turen\/ms-6\/#breadcrumb"},"inLanguage":"de","potentialAction":[{"@type":"ReadAction","target":["https:\/\/beta.mmm-vukelic.hr\/de\/produkt\/tischlerei\/turen\/massive-turen\/ms-6\/"]}]},{"@type":"ImageObject","inLanguage":"de","@id":"https:\/\/beta.mmm-vukelic.hr\/de\/produkt\/tischlerei\/turen\/massive-turen\/ms-6\/#primaryimage","url":"https:\/\/beta.mmm-vukelic.hr\/wp-content\/uploads\/2018\/01\/Masivna-klizna-vrata-cream-Ms-6.jpg","contentUrl":"https:\/\/beta.mmm-vukelic.hr\/wp-content\/uploads\/2018\/01\/Masivna-klizna-vrata-cream-Ms-6.jpg","width":630,"height":1000},{"@type":"BreadcrumbList","@id":"https:\/\/beta.mmm-vukelic.hr\/de\/produkt\/tischlerei\/turen\/massive-turen\/ms-6\/#breadcrumb","itemListElement":[{"@type":"ListItem","position":1,"name":"MMM-Vukeli\u0107","item":"https:\/\/beta.mmm-vukelic.hr\/de\/"},{"@type":"ListItem","position":2,"name":"Sortiment","item":"https:\/\/beta.mmm-vukelic.hr\/de\/sortiment\/"},{"@type":"ListItem","position":3,"name":"MS-6"}]},{"@type":"WebSite","@id":"https:\/\/beta.mmm-vukelic.hr\/#website","url":"https:\/\/beta.mmm-vukelic.hr\/","name":"MMM-Vukeli\u0107","description":"Drvna industrija","potentialAction":[{"@type":"SearchAction","target":{"@type":"EntryPoint","urlTemplate":"https:\/\/beta.mmm-vukelic.hr\/?s={search_term_string}"},"query-input":{"@type":"PropertyValueSpecification","valueRequired":true,"valueName":"search_term_string"}}],"inLanguage":"de"}]}},"_links":{"self":[{"href":"https:\/\/beta.mmm-vukelic.hr\/de\/wp-json\/wp\/v2\/product\/2192","targetHints":{"allow":["GET"]}}],"collection":[{"href":"https:\/\/beta.mmm-vukelic.hr\/de\/wp-json\/wp\/v2\/product"}],"about":[{"href":"https:\/\/beta.mmm-vukelic.hr\/de\/wp-json\/wp\/v2\/types\/product"}],"wp:featuredmedia":[{"embeddable":true,"href":"https:\/\/beta.mmm-vukelic.hr\/de\/wp-json\/wp\/v2\/media\/10531"}],"wp:attachment":[{"href":"https:\/\/beta.mmm-vukelic.hr\/de\/wp-json\/wp\/v2\/media?parent=2192"}],"wp:term":[{"taxonomy":"product_brand","embeddable":true,"href":"https:\/\/beta.mmm-vukelic.hr\/de\/wp-json\/wp\/v2\/product_brand?post=2192"},{"taxonomy":"product_cat","embeddable":true,"href":"https:\/\/beta.mmm-vukelic.hr\/de\/wp-json\/wp\/v2\/product_cat?post=2192"},{"taxonomy":"product_tag","embeddable":true,"href":"https:\/\/beta.mmm-vukelic.hr\/de\/wp-json\/wp\/v2\/product_tag?post=2192"}],"curies":[{"name":"wp","href":"https:\/\/api.w.org\/{rel}","templated":true}]}}