{"id":2932,"date":"2018-01-21T17:55:16","date_gmt":"2018-01-21T17:55:16","guid":{"rendered":"https:\/\/beta.mmm-vukelic.hr\/product\/md-2\/"},"modified":"2018-01-27T08:45:22","modified_gmt":"2018-01-27T08:45:22","slug":"md-2","status":"publish","type":"product","link":"https:\/\/beta.mmm-vukelic.hr\/de\/produkt\/tischlerei\/turen\/md-2\/","title":{"rendered":"MD-2"},"content":{"rendered":"<div>MASKEN &#8211; LEISTEN \u00dcBER DEM T\u00dcRSTOCK<\/div>\n<div><\/div>\n<div><\/div>\n<ul>\n<li>Masken \u00fcber T\u00fcrst\u00f6cken und Fenstern werden aus Massivholz hergestellt.<\/li>\n<li>Endverarbeitung Beiz, transparenter PU Lack<\/li>\n<\/ul>\n<p>&nbsp;<\/p>\n<p>&nbsp;<\/p>\n","protected":false},"excerpt":{"rendered":"<p>MASKEN &#8211; LEISTEN \u00dcBER DEM T\u00dcRSTOCK Masken \u00fcber T\u00fcrst\u00f6cken und Fenstern werden aus Massivholz hergestellt. Endverarbeitung Beiz, transparenter PU Lack &nbsp; &nbsp;<\/p>\n","protected":false},"featured_media":2915,"template":"","meta":{"_acf_changed":false},"product_brand":[],"product_cat":[253,255],"product_tag":[],"class_list":{"0":"post-2932","1":"product","2":"type-product","3":"status-publish","4":"has-post-thumbnail","6":"product_cat-turen","7":"product_cat-turpfosten","9":"first","10":"onbackorder","11":"shipping-taxable","12":"product-type-simple"},"acf":[],"yoast_head":"<!-- This site is optimized with the Yoast SEO plugin v27.0 - https:\/\/yoast.com\/product\/yoast-seo-wordpress\/ -->\n<title>MD-2 - MMM-Vukeli\u0107<\/title>\n<meta name=\"robots\" content=\"noindex, follow, max-snippet:-1, max-image-preview:large, max-video-preview:-1\" \/>\n<meta property=\"og:locale\" content=\"de_DE\" \/>\n<meta property=\"og:type\" content=\"article\" \/>\n<meta property=\"og:title\" content=\"MD-2 - MMM-Vukeli\u0107\" \/>\n<meta property=\"og:description\" content=\"MASKEN &#8211; LEISTEN \u00dcBER DEM T\u00dcRSTOCK Masken \u00fcber T\u00fcrst\u00f6cken und Fenstern werden aus Massivholz hergestellt. Endverarbeitung Beiz, transparenter PU Lack &nbsp; &nbsp;\" \/>\n<meta property=\"og:url\" content=\"https:\/\/beta.mmm-vukelic.hr\/de\/produkt\/tischlerei\/turen\/turpfosten\/md-2\/\" \/>\n<meta property=\"og:site_name\" content=\"MMM-Vukeli\u0107\" \/>\n<meta property=\"article:modified_time\" content=\"2018-01-27T08:45:22+00:00\" \/>\n<meta property=\"og:image\" content=\"https:\/\/beta.mmm-vukelic.hr\/wp-content\/uploads\/2018\/01\/maska-5.jpg\" \/>\n\t<meta property=\"og:image:width\" content=\"800\" \/>\n\t<meta property=\"og:image:height\" content=\"600\" \/>\n\t<meta property=\"og:image:type\" content=\"image\/jpeg\" \/>\n<meta name=\"twitter:card\" content=\"summary_large_image\" \/>\n<script type=\"application\/ld+json\" class=\"yoast-schema-graph\">{\"@context\":\"https:\/\/schema.org\",\"@graph\":[{\"@type\":\"WebPage\",\"@id\":\"https:\/\/beta.mmm-vukelic.hr\/de\/produkt\/tischlerei\/turen\/turpfosten\/md-2\/\",\"url\":\"https:\/\/beta.mmm-vukelic.hr\/de\/produkt\/tischlerei\/turen\/turpfosten\/md-2\/\",\"name\":\"MD-2 - MMM-Vukeli\u0107\",\"isPartOf\":{\"@id\":\"https:\/\/beta.mmm-vukelic.hr\/#website\"},\"primaryImageOfPage\":{\"@id\":\"https:\/\/beta.mmm-vukelic.hr\/de\/produkt\/tischlerei\/turen\/turpfosten\/md-2\/#primaryimage\"},\"image\":{\"@id\":\"https:\/\/beta.mmm-vukelic.hr\/de\/produkt\/tischlerei\/turen\/turpfosten\/md-2\/#primaryimage\"},\"thumbnailUrl\":\"https:\/\/beta.mmm-vukelic.hr\/wp-content\/uploads\/2018\/01\/maska-5.jpg\",\"datePublished\":\"2018-01-21T17:55:16+00:00\",\"dateModified\":\"2018-01-27T08:45:22+00:00\",\"breadcrumb\":{\"@id\":\"https:\/\/beta.mmm-vukelic.hr\/de\/produkt\/tischlerei\/turen\/turpfosten\/md-2\/#breadcrumb\"},\"inLanguage\":\"de\",\"potentialAction\":[{\"@type\":\"ReadAction\",\"target\":[\"https:\/\/beta.mmm-vukelic.hr\/de\/produkt\/tischlerei\/turen\/turpfosten\/md-2\/\"]}]},{\"@type\":\"ImageObject\",\"inLanguage\":\"de\",\"@id\":\"https:\/\/beta.mmm-vukelic.hr\/de\/produkt\/tischlerei\/turen\/turpfosten\/md-2\/#primaryimage\",\"url\":\"https:\/\/beta.mmm-vukelic.hr\/wp-content\/uploads\/2018\/01\/maska-5.jpg\",\"contentUrl\":\"https:\/\/beta.mmm-vukelic.hr\/wp-content\/uploads\/2018\/01\/maska-5.jpg\",\"width\":800,\"height\":600},{\"@type\":\"BreadcrumbList\",\"@id\":\"https:\/\/beta.mmm-vukelic.hr\/de\/produkt\/tischlerei\/turen\/turpfosten\/md-2\/#breadcrumb\",\"itemListElement\":[{\"@type\":\"ListItem\",\"position\":1,\"name\":\"MMM-Vukeli\u0107\",\"item\":\"https:\/\/beta.mmm-vukelic.hr\/de\/\"},{\"@type\":\"ListItem\",\"position\":2,\"name\":\"Sortiment\",\"item\":\"https:\/\/beta.mmm-vukelic.hr\/de\/sortiment\/\"},{\"@type\":\"ListItem\",\"position\":3,\"name\":\"MD-2\"}]},{\"@type\":\"WebSite\",\"@id\":\"https:\/\/beta.mmm-vukelic.hr\/#website\",\"url\":\"https:\/\/beta.mmm-vukelic.hr\/\",\"name\":\"MMM-Vukeli\u0107\",\"description\":\"Drvna industrija\",\"potentialAction\":[{\"@type\":\"SearchAction\",\"target\":{\"@type\":\"EntryPoint\",\"urlTemplate\":\"https:\/\/beta.mmm-vukelic.hr\/?s={search_term_string}\"},\"query-input\":{\"@type\":\"PropertyValueSpecification\",\"valueRequired\":true,\"valueName\":\"search_term_string\"}}],\"inLanguage\":\"de\"}]}<\/script>\n<!-- \/ Yoast SEO plugin. -->","yoast_head_json":{"title":"MD-2 - MMM-Vukeli\u0107","robots":{"index":"noindex","follow":"follow","max-snippet":"max-snippet:-1","max-image-preview":"max-image-preview:large","max-video-preview":"max-video-preview:-1"},"og_locale":"de_DE","og_type":"article","og_title":"MD-2 - MMM-Vukeli\u0107","og_description":"MASKEN &#8211; LEISTEN \u00dcBER DEM T\u00dcRSTOCK Masken \u00fcber T\u00fcrst\u00f6cken und Fenstern werden aus Massivholz hergestellt. Endverarbeitung Beiz, transparenter PU Lack &nbsp; &nbsp;","og_url":"https:\/\/beta.mmm-vukelic.hr\/de\/produkt\/tischlerei\/turen\/turpfosten\/md-2\/","og_site_name":"MMM-Vukeli\u0107","article_modified_time":"2018-01-27T08:45:22+00:00","og_image":[{"width":800,"height":600,"url":"https:\/\/beta.mmm-vukelic.hr\/wp-content\/uploads\/2018\/01\/maska-5.jpg","type":"image\/jpeg"}],"twitter_card":"summary_large_image","schema":{"@context":"https:\/\/schema.org","@graph":[{"@type":"WebPage","@id":"https:\/\/beta.mmm-vukelic.hr\/de\/produkt\/tischlerei\/turen\/turpfosten\/md-2\/","url":"https:\/\/beta.mmm-vukelic.hr\/de\/produkt\/tischlerei\/turen\/turpfosten\/md-2\/","name":"MD-2 - MMM-Vukeli\u0107","isPartOf":{"@id":"https:\/\/beta.mmm-vukelic.hr\/#website"},"primaryImageOfPage":{"@id":"https:\/\/beta.mmm-vukelic.hr\/de\/produkt\/tischlerei\/turen\/turpfosten\/md-2\/#primaryimage"},"image":{"@id":"https:\/\/beta.mmm-vukelic.hr\/de\/produkt\/tischlerei\/turen\/turpfosten\/md-2\/#primaryimage"},"thumbnailUrl":"https:\/\/beta.mmm-vukelic.hr\/wp-content\/uploads\/2018\/01\/maska-5.jpg","datePublished":"2018-01-21T17:55:16+00:00","dateModified":"2018-01-27T08:45:22+00:00","breadcrumb":{"@id":"https:\/\/beta.mmm-vukelic.hr\/de\/produkt\/tischlerei\/turen\/turpfosten\/md-2\/#breadcrumb"},"inLanguage":"de","potentialAction":[{"@type":"ReadAction","target":["https:\/\/beta.mmm-vukelic.hr\/de\/produkt\/tischlerei\/turen\/turpfosten\/md-2\/"]}]},{"@type":"ImageObject","inLanguage":"de","@id":"https:\/\/beta.mmm-vukelic.hr\/de\/produkt\/tischlerei\/turen\/turpfosten\/md-2\/#primaryimage","url":"https:\/\/beta.mmm-vukelic.hr\/wp-content\/uploads\/2018\/01\/maska-5.jpg","contentUrl":"https:\/\/beta.mmm-vukelic.hr\/wp-content\/uploads\/2018\/01\/maska-5.jpg","width":800,"height":600},{"@type":"BreadcrumbList","@id":"https:\/\/beta.mmm-vukelic.hr\/de\/produkt\/tischlerei\/turen\/turpfosten\/md-2\/#breadcrumb","itemListElement":[{"@type":"ListItem","position":1,"name":"MMM-Vukeli\u0107","item":"https:\/\/beta.mmm-vukelic.hr\/de\/"},{"@type":"ListItem","position":2,"name":"Sortiment","item":"https:\/\/beta.mmm-vukelic.hr\/de\/sortiment\/"},{"@type":"ListItem","position":3,"name":"MD-2"}]},{"@type":"WebSite","@id":"https:\/\/beta.mmm-vukelic.hr\/#website","url":"https:\/\/beta.mmm-vukelic.hr\/","name":"MMM-Vukeli\u0107","description":"Drvna industrija","potentialAction":[{"@type":"SearchAction","target":{"@type":"EntryPoint","urlTemplate":"https:\/\/beta.mmm-vukelic.hr\/?s={search_term_string}"},"query-input":{"@type":"PropertyValueSpecification","valueRequired":true,"valueName":"search_term_string"}}],"inLanguage":"de"}]}},"_links":{"self":[{"href":"https:\/\/beta.mmm-vukelic.hr\/de\/wp-json\/wp\/v2\/product\/2932","targetHints":{"allow":["GET"]}}],"collection":[{"href":"https:\/\/beta.mmm-vukelic.hr\/de\/wp-json\/wp\/v2\/product"}],"about":[{"href":"https:\/\/beta.mmm-vukelic.hr\/de\/wp-json\/wp\/v2\/types\/product"}],"wp:featuredmedia":[{"embeddable":true,"href":"https:\/\/beta.mmm-vukelic.hr\/de\/wp-json\/wp\/v2\/media\/2915"}],"wp:attachment":[{"href":"https:\/\/beta.mmm-vukelic.hr\/de\/wp-json\/wp\/v2\/media?parent=2932"}],"wp:term":[{"taxonomy":"product_brand","embeddable":true,"href":"https:\/\/beta.mmm-vukelic.hr\/de\/wp-json\/wp\/v2\/product_brand?post=2932"},{"taxonomy":"product_cat","embeddable":true,"href":"https:\/\/beta.mmm-vukelic.hr\/de\/wp-json\/wp\/v2\/product_cat?post=2932"},{"taxonomy":"product_tag","embeddable":true,"href":"https:\/\/beta.mmm-vukelic.hr\/de\/wp-json\/wp\/v2\/product_tag?post=2932"}],"curies":[{"name":"wp","href":"https:\/\/api.w.org\/{rel}","templated":true}]}}