{"id":5675,"date":"2018-06-02T10:22:25","date_gmt":"2018-06-02T10:22:25","guid":{"rendered":"https:\/\/beta.mmm-vukelic.hr\/product\/p-26\/"},"modified":"2018-06-02T10:22:55","modified_gmt":"2018-06-02T10:22:55","slug":"p-26","status":"publish","type":"product","link":"https:\/\/beta.mmm-vukelic.hr\/de\/produkt\/tischlerei\/fenster\/massivholz-fenster\/p-26\/","title":{"rendered":"P-26"},"content":{"rendered":"<div class=\"post-content\">\n<div class=\"post-content\">\n<p>FENSTER<\/p>\n<ul>\n<li>Massive Fenster aus Eiche, L\u00e4rche, Fichte<\/li>\n<li>Beschlagen mit standarden oder traditionellen Beschl\u00e4gen<\/li>\n<li>Endverarbeitung ist mehrlagige Lasur mit UV Schutz<\/li>\n<\/ul>\n<\/div>\n<\/div>\n","protected":false},"excerpt":{"rendered":"<p>FENSTER Massive Fenster aus Eiche, L\u00e4rche, Fichte Beschlagen mit standarden oder traditionellen Beschl\u00e4gen Endverarbeitung ist mehrlagige Lasur mit UV Schutz<\/p>\n","protected":false},"featured_media":5673,"template":"","meta":{"_acf_changed":false},"product_brand":[],"product_cat":[249,251],"product_tag":[],"class_list":{"0":"post-5675","1":"product","2":"type-product","3":"status-publish","4":"has-post-thumbnail","6":"product_cat-fenster","7":"product_cat-massivholz-fenster","9":"first","10":"instock","11":"shipping-taxable","12":"product-type-simple"},"acf":[],"yoast_head":"<!-- This site is optimized with the Yoast SEO plugin v27.0 - https:\/\/yoast.com\/product\/yoast-seo-wordpress\/ -->\n<title>P-26 - MMM-Vukeli\u0107<\/title>\n<meta name=\"robots\" content=\"noindex, follow, max-snippet:-1, max-image-preview:large, max-video-preview:-1\" \/>\n<meta property=\"og:locale\" content=\"de_DE\" \/>\n<meta property=\"og:type\" content=\"article\" \/>\n<meta property=\"og:title\" content=\"P-26 - MMM-Vukeli\u0107\" \/>\n<meta property=\"og:description\" content=\"FENSTER Massive Fenster aus Eiche, L\u00e4rche, Fichte Beschlagen mit standarden oder traditionellen Beschl\u00e4gen Endverarbeitung ist mehrlagige Lasur mit UV Schutz\" \/>\n<meta property=\"og:url\" content=\"https:\/\/beta.mmm-vukelic.hr\/de\/produkt\/tischlerei\/fenster\/massivholz-fenster\/p-26\/\" \/>\n<meta property=\"og:site_name\" content=\"MMM-Vukeli\u0107\" \/>\n<meta property=\"article:modified_time\" content=\"2018-06-02T10:22:55+00:00\" \/>\n<meta property=\"og:image\" content=\"https:\/\/beta.mmm-vukelic.hr\/wp-content\/uploads\/2018\/06\/GOTOVO-P-26-3.jpg\" \/>\n\t<meta property=\"og:image:width\" content=\"2483\" \/>\n\t<meta property=\"og:image:height\" content=\"1576\" \/>\n\t<meta property=\"og:image:type\" content=\"image\/jpeg\" \/>\n<meta name=\"twitter:card\" content=\"summary_large_image\" \/>\n<script type=\"application\/ld+json\" class=\"yoast-schema-graph\">{\"@context\":\"https:\/\/schema.org\",\"@graph\":[{\"@type\":\"WebPage\",\"@id\":\"https:\/\/beta.mmm-vukelic.hr\/de\/produkt\/tischlerei\/fenster\/massivholz-fenster\/p-26\/\",\"url\":\"https:\/\/beta.mmm-vukelic.hr\/de\/produkt\/tischlerei\/fenster\/massivholz-fenster\/p-26\/\",\"name\":\"P-26 - MMM-Vukeli\u0107\",\"isPartOf\":{\"@id\":\"https:\/\/beta.mmm-vukelic.hr\/#website\"},\"primaryImageOfPage\":{\"@id\":\"https:\/\/beta.mmm-vukelic.hr\/de\/produkt\/tischlerei\/fenster\/massivholz-fenster\/p-26\/#primaryimage\"},\"image\":{\"@id\":\"https:\/\/beta.mmm-vukelic.hr\/de\/produkt\/tischlerei\/fenster\/massivholz-fenster\/p-26\/#primaryimage\"},\"thumbnailUrl\":\"https:\/\/beta.mmm-vukelic.hr\/wp-content\/uploads\/2018\/06\/GOTOVO-P-26-3.jpg\",\"datePublished\":\"2018-06-02T10:22:25+00:00\",\"dateModified\":\"2018-06-02T10:22:55+00:00\",\"breadcrumb\":{\"@id\":\"https:\/\/beta.mmm-vukelic.hr\/de\/produkt\/tischlerei\/fenster\/massivholz-fenster\/p-26\/#breadcrumb\"},\"inLanguage\":\"de\",\"potentialAction\":[{\"@type\":\"ReadAction\",\"target\":[\"https:\/\/beta.mmm-vukelic.hr\/de\/produkt\/tischlerei\/fenster\/massivholz-fenster\/p-26\/\"]}]},{\"@type\":\"ImageObject\",\"inLanguage\":\"de\",\"@id\":\"https:\/\/beta.mmm-vukelic.hr\/de\/produkt\/tischlerei\/fenster\/massivholz-fenster\/p-26\/#primaryimage\",\"url\":\"https:\/\/beta.mmm-vukelic.hr\/wp-content\/uploads\/2018\/06\/GOTOVO-P-26-3.jpg\",\"contentUrl\":\"https:\/\/beta.mmm-vukelic.hr\/wp-content\/uploads\/2018\/06\/GOTOVO-P-26-3.jpg\",\"width\":2483,\"height\":1576},{\"@type\":\"BreadcrumbList\",\"@id\":\"https:\/\/beta.mmm-vukelic.hr\/de\/produkt\/tischlerei\/fenster\/massivholz-fenster\/p-26\/#breadcrumb\",\"itemListElement\":[{\"@type\":\"ListItem\",\"position\":1,\"name\":\"MMM-Vukeli\u0107\",\"item\":\"https:\/\/beta.mmm-vukelic.hr\/de\/\"},{\"@type\":\"ListItem\",\"position\":2,\"name\":\"Sortiment\",\"item\":\"https:\/\/beta.mmm-vukelic.hr\/de\/sortiment\/\"},{\"@type\":\"ListItem\",\"position\":3,\"name\":\"P-26\"}]},{\"@type\":\"WebSite\",\"@id\":\"https:\/\/beta.mmm-vukelic.hr\/#website\",\"url\":\"https:\/\/beta.mmm-vukelic.hr\/\",\"name\":\"MMM-Vukeli\u0107\",\"description\":\"Drvna industrija\",\"potentialAction\":[{\"@type\":\"SearchAction\",\"target\":{\"@type\":\"EntryPoint\",\"urlTemplate\":\"https:\/\/beta.mmm-vukelic.hr\/?s={search_term_string}\"},\"query-input\":{\"@type\":\"PropertyValueSpecification\",\"valueRequired\":true,\"valueName\":\"search_term_string\"}}],\"inLanguage\":\"de\"}]}<\/script>\n<!-- \/ Yoast SEO plugin. -->","yoast_head_json":{"title":"P-26 - MMM-Vukeli\u0107","robots":{"index":"noindex","follow":"follow","max-snippet":"max-snippet:-1","max-image-preview":"max-image-preview:large","max-video-preview":"max-video-preview:-1"},"og_locale":"de_DE","og_type":"article","og_title":"P-26 - MMM-Vukeli\u0107","og_description":"FENSTER Massive Fenster aus Eiche, L\u00e4rche, Fichte Beschlagen mit standarden oder traditionellen Beschl\u00e4gen Endverarbeitung ist mehrlagige Lasur mit UV Schutz","og_url":"https:\/\/beta.mmm-vukelic.hr\/de\/produkt\/tischlerei\/fenster\/massivholz-fenster\/p-26\/","og_site_name":"MMM-Vukeli\u0107","article_modified_time":"2018-06-02T10:22:55+00:00","og_image":[{"width":2483,"height":1576,"url":"https:\/\/beta.mmm-vukelic.hr\/wp-content\/uploads\/2018\/06\/GOTOVO-P-26-3.jpg","type":"image\/jpeg"}],"twitter_card":"summary_large_image","schema":{"@context":"https:\/\/schema.org","@graph":[{"@type":"WebPage","@id":"https:\/\/beta.mmm-vukelic.hr\/de\/produkt\/tischlerei\/fenster\/massivholz-fenster\/p-26\/","url":"https:\/\/beta.mmm-vukelic.hr\/de\/produkt\/tischlerei\/fenster\/massivholz-fenster\/p-26\/","name":"P-26 - MMM-Vukeli\u0107","isPartOf":{"@id":"https:\/\/beta.mmm-vukelic.hr\/#website"},"primaryImageOfPage":{"@id":"https:\/\/beta.mmm-vukelic.hr\/de\/produkt\/tischlerei\/fenster\/massivholz-fenster\/p-26\/#primaryimage"},"image":{"@id":"https:\/\/beta.mmm-vukelic.hr\/de\/produkt\/tischlerei\/fenster\/massivholz-fenster\/p-26\/#primaryimage"},"thumbnailUrl":"https:\/\/beta.mmm-vukelic.hr\/wp-content\/uploads\/2018\/06\/GOTOVO-P-26-3.jpg","datePublished":"2018-06-02T10:22:25+00:00","dateModified":"2018-06-02T10:22:55+00:00","breadcrumb":{"@id":"https:\/\/beta.mmm-vukelic.hr\/de\/produkt\/tischlerei\/fenster\/massivholz-fenster\/p-26\/#breadcrumb"},"inLanguage":"de","potentialAction":[{"@type":"ReadAction","target":["https:\/\/beta.mmm-vukelic.hr\/de\/produkt\/tischlerei\/fenster\/massivholz-fenster\/p-26\/"]}]},{"@type":"ImageObject","inLanguage":"de","@id":"https:\/\/beta.mmm-vukelic.hr\/de\/produkt\/tischlerei\/fenster\/massivholz-fenster\/p-26\/#primaryimage","url":"https:\/\/beta.mmm-vukelic.hr\/wp-content\/uploads\/2018\/06\/GOTOVO-P-26-3.jpg","contentUrl":"https:\/\/beta.mmm-vukelic.hr\/wp-content\/uploads\/2018\/06\/GOTOVO-P-26-3.jpg","width":2483,"height":1576},{"@type":"BreadcrumbList","@id":"https:\/\/beta.mmm-vukelic.hr\/de\/produkt\/tischlerei\/fenster\/massivholz-fenster\/p-26\/#breadcrumb","itemListElement":[{"@type":"ListItem","position":1,"name":"MMM-Vukeli\u0107","item":"https:\/\/beta.mmm-vukelic.hr\/de\/"},{"@type":"ListItem","position":2,"name":"Sortiment","item":"https:\/\/beta.mmm-vukelic.hr\/de\/sortiment\/"},{"@type":"ListItem","position":3,"name":"P-26"}]},{"@type":"WebSite","@id":"https:\/\/beta.mmm-vukelic.hr\/#website","url":"https:\/\/beta.mmm-vukelic.hr\/","name":"MMM-Vukeli\u0107","description":"Drvna industrija","potentialAction":[{"@type":"SearchAction","target":{"@type":"EntryPoint","urlTemplate":"https:\/\/beta.mmm-vukelic.hr\/?s={search_term_string}"},"query-input":{"@type":"PropertyValueSpecification","valueRequired":true,"valueName":"search_term_string"}}],"inLanguage":"de"}]}},"_links":{"self":[{"href":"https:\/\/beta.mmm-vukelic.hr\/de\/wp-json\/wp\/v2\/product\/5675","targetHints":{"allow":["GET"]}}],"collection":[{"href":"https:\/\/beta.mmm-vukelic.hr\/de\/wp-json\/wp\/v2\/product"}],"about":[{"href":"https:\/\/beta.mmm-vukelic.hr\/de\/wp-json\/wp\/v2\/types\/product"}],"wp:featuredmedia":[{"embeddable":true,"href":"https:\/\/beta.mmm-vukelic.hr\/de\/wp-json\/wp\/v2\/media\/5673"}],"wp:attachment":[{"href":"https:\/\/beta.mmm-vukelic.hr\/de\/wp-json\/wp\/v2\/media?parent=5675"}],"wp:term":[{"taxonomy":"product_brand","embeddable":true,"href":"https:\/\/beta.mmm-vukelic.hr\/de\/wp-json\/wp\/v2\/product_brand?post=5675"},{"taxonomy":"product_cat","embeddable":true,"href":"https:\/\/beta.mmm-vukelic.hr\/de\/wp-json\/wp\/v2\/product_cat?post=5675"},{"taxonomy":"product_tag","embeddable":true,"href":"https:\/\/beta.mmm-vukelic.hr\/de\/wp-json\/wp\/v2\/product_tag?post=5675"}],"curies":[{"name":"wp","href":"https:\/\/api.w.org\/{rel}","templated":true}]}}