{"id":9272,"date":"2019-04-08T16:37:22","date_gmt":"2019-04-08T16:37:22","guid":{"rendered":"https:\/\/beta.mmm-vukelic.hr\/proizvod\/unkategorisiert\/p-1-0\/"},"modified":"2019-07-12T12:31:59","modified_gmt":"2019-07-12T12:31:59","slug":"p-19jh","status":"publish","type":"product","link":"https:\/\/beta.mmm-vukelic.hr\/de\/produkt\/tischlerei\/fenster\/massivholz-fenster\/p-19jh\/","title":{"rendered":"P 19Jh."},"content":{"rendered":"<div class=\"post-content\">\n<p>FENSTER &#8211; <span class=\"tlid-translation translation\" lang=\"de\"><span class=\"\" title=\"\">\u00d6sterreichisch-ungarischer Stil<\/span><\/span> 19 Jh.<\/p>\n<ul>\n<li>Massive Fenster aus Eiche, L\u00e4rche, Fichte<\/li>\n<li>Beschlagen mit standarden oder traditionellen Beschl\u00e4gen<\/li>\n<li>Endverarbeitung ist mehrlagige Lasur mit UV Schutz<\/li>\n<\/ul>\n<\/div>\n<p>&nbsp;<\/p>\n<blockquote class=\"wp-embedded-content\" data-secret=\"SQWxzbpRtF\"><p><a href=\"https:\/\/beta.mmm-vukelic.hr\/de\/neuheit\/rekonstruktion-des-gebaeudes-unternehmungsinkubator-pismo\/\">Rekonstruktion des Geb\u00e4udes Unternehmungsinkubator PISMO<\/a><\/p><\/blockquote>\n<p><iframe loading=\"lazy\" class=\"wp-embedded-content\" sandbox=\"allow-scripts\" security=\"restricted\" style=\"position: absolute; visibility: hidden;\" title=\"&#8222;Rekonstruktion des Geb\u00e4udes Unternehmungsinkubator PISMO&#8220; &#8212; MMM-Vukeli\u0107\" src=\"https:\/\/beta.mmm-vukelic.hr\/de\/neuheit\/rekonstruktion-des-gebaeudes-unternehmungsinkubator-pismo\/embed\/#?secret=XO9tlbMJmd#?secret=SQWxzbpRtF\" data-secret=\"SQWxzbpRtF\" width=\"500\" height=\"282\" frameborder=\"0\" marginwidth=\"0\" marginheight=\"0\" scrolling=\"no\"><\/iframe><\/p>\n<p>&nbsp;<\/p>\n","protected":false},"excerpt":{"rendered":"<p>FENSTER &#8211; \u00d6sterreichisch-ungarischer Stil 19 Jh. Massive Fenster aus Eiche, L\u00e4rche, Fichte Beschlagen mit standarden oder traditionellen Beschl\u00e4gen Endverarbeitung ist mehrlagige Lasur mit UV Schutz &nbsp; Rekonstruktion des Geb\u00e4udes Unternehmungsinkubator PISMO &nbsp;<\/p>\n","protected":false},"featured_media":9268,"template":"","meta":{"_acf_changed":false},"product_brand":[],"product_cat":[249,251],"product_tag":[],"class_list":{"0":"post-9272","1":"product","2":"type-product","3":"status-publish","4":"has-post-thumbnail","6":"product_cat-fenster","7":"product_cat-massivholz-fenster","9":"first","10":"instock","11":"shipping-taxable","12":"product-type-simple"},"acf":[],"yoast_head":"<!-- This site is optimized with the Yoast SEO plugin v27.0 - https:\/\/yoast.com\/product\/yoast-seo-wordpress\/ -->\n<title>P 19Jh. - MMM-Vukeli\u0107<\/title>\n<meta name=\"robots\" content=\"noindex, follow, max-snippet:-1, max-image-preview:large, max-video-preview:-1\" \/>\n<meta property=\"og:locale\" content=\"de_DE\" \/>\n<meta property=\"og:type\" content=\"article\" \/>\n<meta property=\"og:title\" content=\"P 19Jh. - MMM-Vukeli\u0107\" \/>\n<meta property=\"og:description\" content=\"FENSTER &#8211; \u00d6sterreichisch-ungarischer Stil 19 Jh. Massive Fenster aus Eiche, L\u00e4rche, Fichte Beschlagen mit standarden oder traditionellen Beschl\u00e4gen Endverarbeitung ist mehrlagige Lasur mit UV Schutz &nbsp; Rekonstruktion des Geb\u00e4udes Unternehmungsinkubator PISMO &nbsp;\" \/>\n<meta property=\"og:url\" content=\"https:\/\/beta.mmm-vukelic.hr\/de\/produkt\/tischlerei\/fenster\/massivholz-fenster\/p-19jh\/\" \/>\n<meta property=\"og:site_name\" content=\"MMM-Vukeli\u0107\" \/>\n<meta property=\"article:modified_time\" content=\"2019-07-12T12:31:59+00:00\" \/>\n<meta property=\"og:image\" content=\"https:\/\/beta.mmm-vukelic.hr\/wp-content\/uploads\/2019\/04\/P1020857a.jpg\" \/>\n\t<meta property=\"og:image:width\" content=\"781\" \/>\n\t<meta property=\"og:image:height\" content=\"800\" \/>\n\t<meta property=\"og:image:type\" content=\"image\/jpeg\" \/>\n<meta name=\"twitter:card\" content=\"summary_large_image\" \/>\n<script type=\"application\/ld+json\" class=\"yoast-schema-graph\">{\"@context\":\"https:\/\/schema.org\",\"@graph\":[{\"@type\":\"WebPage\",\"@id\":\"https:\/\/beta.mmm-vukelic.hr\/de\/produkt\/tischlerei\/fenster\/massivholz-fenster\/p-19jh\/\",\"url\":\"https:\/\/beta.mmm-vukelic.hr\/de\/produkt\/tischlerei\/fenster\/massivholz-fenster\/p-19jh\/\",\"name\":\"P 19Jh. - MMM-Vukeli\u0107\",\"isPartOf\":{\"@id\":\"https:\/\/beta.mmm-vukelic.hr\/#website\"},\"primaryImageOfPage\":{\"@id\":\"https:\/\/beta.mmm-vukelic.hr\/de\/produkt\/tischlerei\/fenster\/massivholz-fenster\/p-19jh\/#primaryimage\"},\"image\":{\"@id\":\"https:\/\/beta.mmm-vukelic.hr\/de\/produkt\/tischlerei\/fenster\/massivholz-fenster\/p-19jh\/#primaryimage\"},\"thumbnailUrl\":\"https:\/\/beta.mmm-vukelic.hr\/wp-content\/uploads\/2019\/04\/P1020857a.jpg\",\"datePublished\":\"2019-04-08T16:37:22+00:00\",\"dateModified\":\"2019-07-12T12:31:59+00:00\",\"breadcrumb\":{\"@id\":\"https:\/\/beta.mmm-vukelic.hr\/de\/produkt\/tischlerei\/fenster\/massivholz-fenster\/p-19jh\/#breadcrumb\"},\"inLanguage\":\"de\",\"potentialAction\":[{\"@type\":\"ReadAction\",\"target\":[\"https:\/\/beta.mmm-vukelic.hr\/de\/produkt\/tischlerei\/fenster\/massivholz-fenster\/p-19jh\/\"]}]},{\"@type\":\"ImageObject\",\"inLanguage\":\"de\",\"@id\":\"https:\/\/beta.mmm-vukelic.hr\/de\/produkt\/tischlerei\/fenster\/massivholz-fenster\/p-19jh\/#primaryimage\",\"url\":\"https:\/\/beta.mmm-vukelic.hr\/wp-content\/uploads\/2019\/04\/P1020857a.jpg\",\"contentUrl\":\"https:\/\/beta.mmm-vukelic.hr\/wp-content\/uploads\/2019\/04\/P1020857a.jpg\",\"width\":781,\"height\":800},{\"@type\":\"BreadcrumbList\",\"@id\":\"https:\/\/beta.mmm-vukelic.hr\/de\/produkt\/tischlerei\/fenster\/massivholz-fenster\/p-19jh\/#breadcrumb\",\"itemListElement\":[{\"@type\":\"ListItem\",\"position\":1,\"name\":\"MMM-Vukeli\u0107\",\"item\":\"https:\/\/beta.mmm-vukelic.hr\/de\/\"},{\"@type\":\"ListItem\",\"position\":2,\"name\":\"Sortiment\",\"item\":\"https:\/\/beta.mmm-vukelic.hr\/de\/sortiment\/\"},{\"@type\":\"ListItem\",\"position\":3,\"name\":\"P 19Jh.\"}]},{\"@type\":\"WebSite\",\"@id\":\"https:\/\/beta.mmm-vukelic.hr\/#website\",\"url\":\"https:\/\/beta.mmm-vukelic.hr\/\",\"name\":\"MMM-Vukeli\u0107\",\"description\":\"Drvna industrija\",\"potentialAction\":[{\"@type\":\"SearchAction\",\"target\":{\"@type\":\"EntryPoint\",\"urlTemplate\":\"https:\/\/beta.mmm-vukelic.hr\/?s={search_term_string}\"},\"query-input\":{\"@type\":\"PropertyValueSpecification\",\"valueRequired\":true,\"valueName\":\"search_term_string\"}}],\"inLanguage\":\"de\"}]}<\/script>\n<!-- \/ Yoast SEO plugin. -->","yoast_head_json":{"title":"P 19Jh. - MMM-Vukeli\u0107","robots":{"index":"noindex","follow":"follow","max-snippet":"max-snippet:-1","max-image-preview":"max-image-preview:large","max-video-preview":"max-video-preview:-1"},"og_locale":"de_DE","og_type":"article","og_title":"P 19Jh. - MMM-Vukeli\u0107","og_description":"FENSTER &#8211; \u00d6sterreichisch-ungarischer Stil 19 Jh. Massive Fenster aus Eiche, L\u00e4rche, Fichte Beschlagen mit standarden oder traditionellen Beschl\u00e4gen Endverarbeitung ist mehrlagige Lasur mit UV Schutz &nbsp; Rekonstruktion des Geb\u00e4udes Unternehmungsinkubator PISMO &nbsp;","og_url":"https:\/\/beta.mmm-vukelic.hr\/de\/produkt\/tischlerei\/fenster\/massivholz-fenster\/p-19jh\/","og_site_name":"MMM-Vukeli\u0107","article_modified_time":"2019-07-12T12:31:59+00:00","og_image":[{"width":781,"height":800,"url":"https:\/\/beta.mmm-vukelic.hr\/wp-content\/uploads\/2019\/04\/P1020857a.jpg","type":"image\/jpeg"}],"twitter_card":"summary_large_image","schema":{"@context":"https:\/\/schema.org","@graph":[{"@type":"WebPage","@id":"https:\/\/beta.mmm-vukelic.hr\/de\/produkt\/tischlerei\/fenster\/massivholz-fenster\/p-19jh\/","url":"https:\/\/beta.mmm-vukelic.hr\/de\/produkt\/tischlerei\/fenster\/massivholz-fenster\/p-19jh\/","name":"P 19Jh. - MMM-Vukeli\u0107","isPartOf":{"@id":"https:\/\/beta.mmm-vukelic.hr\/#website"},"primaryImageOfPage":{"@id":"https:\/\/beta.mmm-vukelic.hr\/de\/produkt\/tischlerei\/fenster\/massivholz-fenster\/p-19jh\/#primaryimage"},"image":{"@id":"https:\/\/beta.mmm-vukelic.hr\/de\/produkt\/tischlerei\/fenster\/massivholz-fenster\/p-19jh\/#primaryimage"},"thumbnailUrl":"https:\/\/beta.mmm-vukelic.hr\/wp-content\/uploads\/2019\/04\/P1020857a.jpg","datePublished":"2019-04-08T16:37:22+00:00","dateModified":"2019-07-12T12:31:59+00:00","breadcrumb":{"@id":"https:\/\/beta.mmm-vukelic.hr\/de\/produkt\/tischlerei\/fenster\/massivholz-fenster\/p-19jh\/#breadcrumb"},"inLanguage":"de","potentialAction":[{"@type":"ReadAction","target":["https:\/\/beta.mmm-vukelic.hr\/de\/produkt\/tischlerei\/fenster\/massivholz-fenster\/p-19jh\/"]}]},{"@type":"ImageObject","inLanguage":"de","@id":"https:\/\/beta.mmm-vukelic.hr\/de\/produkt\/tischlerei\/fenster\/massivholz-fenster\/p-19jh\/#primaryimage","url":"https:\/\/beta.mmm-vukelic.hr\/wp-content\/uploads\/2019\/04\/P1020857a.jpg","contentUrl":"https:\/\/beta.mmm-vukelic.hr\/wp-content\/uploads\/2019\/04\/P1020857a.jpg","width":781,"height":800},{"@type":"BreadcrumbList","@id":"https:\/\/beta.mmm-vukelic.hr\/de\/produkt\/tischlerei\/fenster\/massivholz-fenster\/p-19jh\/#breadcrumb","itemListElement":[{"@type":"ListItem","position":1,"name":"MMM-Vukeli\u0107","item":"https:\/\/beta.mmm-vukelic.hr\/de\/"},{"@type":"ListItem","position":2,"name":"Sortiment","item":"https:\/\/beta.mmm-vukelic.hr\/de\/sortiment\/"},{"@type":"ListItem","position":3,"name":"P 19Jh."}]},{"@type":"WebSite","@id":"https:\/\/beta.mmm-vukelic.hr\/#website","url":"https:\/\/beta.mmm-vukelic.hr\/","name":"MMM-Vukeli\u0107","description":"Drvna industrija","potentialAction":[{"@type":"SearchAction","target":{"@type":"EntryPoint","urlTemplate":"https:\/\/beta.mmm-vukelic.hr\/?s={search_term_string}"},"query-input":{"@type":"PropertyValueSpecification","valueRequired":true,"valueName":"search_term_string"}}],"inLanguage":"de"}]}},"_links":{"self":[{"href":"https:\/\/beta.mmm-vukelic.hr\/de\/wp-json\/wp\/v2\/product\/9272","targetHints":{"allow":["GET"]}}],"collection":[{"href":"https:\/\/beta.mmm-vukelic.hr\/de\/wp-json\/wp\/v2\/product"}],"about":[{"href":"https:\/\/beta.mmm-vukelic.hr\/de\/wp-json\/wp\/v2\/types\/product"}],"wp:featuredmedia":[{"embeddable":true,"href":"https:\/\/beta.mmm-vukelic.hr\/de\/wp-json\/wp\/v2\/media\/9268"}],"wp:attachment":[{"href":"https:\/\/beta.mmm-vukelic.hr\/de\/wp-json\/wp\/v2\/media?parent=9272"}],"wp:term":[{"taxonomy":"product_brand","embeddable":true,"href":"https:\/\/beta.mmm-vukelic.hr\/de\/wp-json\/wp\/v2\/product_brand?post=9272"},{"taxonomy":"product_cat","embeddable":true,"href":"https:\/\/beta.mmm-vukelic.hr\/de\/wp-json\/wp\/v2\/product_cat?post=9272"},{"taxonomy":"product_tag","embeddable":true,"href":"https:\/\/beta.mmm-vukelic.hr\/de\/wp-json\/wp\/v2\/product_tag?post=9272"}],"curies":[{"name":"wp","href":"https:\/\/api.w.org\/{rel}","templated":true}]}}