{"id":9341,"date":"2019-04-08T17:29:46","date_gmt":"2019-04-08T17:29:46","guid":{"rendered":"https:\/\/beta.mmm-vukelic.hr\/proizvod\/unkategorisiert\/u-18st\/"},"modified":"2020-02-01T12:10:04","modified_gmt":"2020-02-01T12:10:04","slug":"u-19jh","status":"publish","type":"product","link":"https:\/\/beta.mmm-vukelic.hr\/de\/produkt\/tischlerei\/turen\/massive-eingangsturen\/u-19jh\/","title":{"rendered":"U 19Jh."},"content":{"rendered":"<div class=\"post-content\">\n<div class=\"post-content\">\n<p>MASSIVE EINGANGST\u00dcR &#8211; <span class=\"tlid-translation translation\" lang=\"de\"><span class=\"\" title=\"\">\u00d6sterreichisch-ungarischer Stil des 19. Jahrhunderts<\/span><\/span><\/p>\n<p>&nbsp;<\/p>\n<ul>\n<li>Handarbeit auf Holz<\/li>\n<li>Hergestellt aus massiver Eiche, L\u00e4rche oder Fichte<\/li>\n<li>Eingefasst mit standarden oder einbruchsicheren Beschl\u00e4gen nach Kundenwahl<\/li>\n<li>Wahlweise T\u00fcrspion, fallende Dichtungen, versteckte B\u00e4ndersicherung, metalisiertes Glas<\/li>\n<li>Endverarbeitung gebeizt, transparenter PU Lack, mehrlagige Lasur mit UV Schutz (Sonnenschutz)<\/li>\n<\/ul>\n<p>&nbsp;<\/p>\n<p>Weiterlesen:<\/p>\n<\/div>\n<blockquote class=\"wp-embedded-content\" data-secret=\"zclVIHZYgw\"><p><a href=\"https:\/\/beta.mmm-vukelic.hr\/de\/neuheit\/rekonstruktion-des-gebaeudes-unternehmungsinkubator-pismo\/\">Rekonstruktion des Geb\u00e4udes Unternehmungsinkubator PISMO<\/a><\/p><\/blockquote>\n<p><iframe loading=\"lazy\" class=\"wp-embedded-content\" sandbox=\"allow-scripts\" security=\"restricted\" style=\"position: absolute; visibility: hidden;\" title=\"&#8222;Rekonstruktion des Geb\u00e4udes Unternehmungsinkubator PISMO&#8220; &#8212; MMM-Vukeli\u0107\" src=\"https:\/\/beta.mmm-vukelic.hr\/de\/neuheit\/rekonstruktion-des-gebaeudes-unternehmungsinkubator-pismo\/embed\/#?secret=vEe26mXtmx#?secret=zclVIHZYgw\" data-secret=\"zclVIHZYgw\" width=\"500\" height=\"282\" frameborder=\"0\" marginwidth=\"0\" marginheight=\"0\" scrolling=\"no\"><\/iframe><\/p>\n<\/div>\n","protected":false},"excerpt":{"rendered":"<p>MASSIVE EINGANGST\u00dcR &#8211; \u00d6sterreichisch-ungarischer Stil des 19. Jahrhunderts &nbsp; Handarbeit auf Holz Hergestellt aus massiver Eiche, L\u00e4rche oder Fichte Eingefasst mit standarden oder einbruchsicheren Beschl\u00e4gen nach Kundenwahl Wahlweise T\u00fcrspion, fallende Dichtungen, versteckte B\u00e4ndersicherung, metalisiertes Glas Endverarbeitung gebeizt, transparenter PU Lack, mehrlagige Lasur mit UV Schutz (Sonnenschutz) &nbsp; Weiterlesen: Rekonstruktion des Geb\u00e4udes Unternehmungsinkubator PISMO<\/p>\n","protected":false},"featured_media":9314,"template":"","meta":{"_acf_changed":false},"product_brand":[],"product_cat":[253,261],"product_tag":[],"class_list":{"0":"post-9341","1":"product","2":"type-product","3":"status-publish","4":"has-post-thumbnail","6":"product_cat-turen","7":"product_cat-massive-eingangsturen","9":"first","10":"onbackorder","11":"shipping-taxable","12":"product-type-simple"},"acf":[],"yoast_head":"<!-- This site is optimized with the Yoast SEO plugin v27.0 - https:\/\/yoast.com\/product\/yoast-seo-wordpress\/ -->\n<title>U 19Jh. - MMM-Vukeli\u0107<\/title>\n<meta name=\"robots\" content=\"noindex, follow, max-snippet:-1, max-image-preview:large, max-video-preview:-1\" \/>\n<meta property=\"og:locale\" content=\"de_DE\" \/>\n<meta property=\"og:type\" content=\"article\" \/>\n<meta property=\"og:title\" content=\"U 19Jh. - MMM-Vukeli\u0107\" \/>\n<meta property=\"og:description\" content=\"MASSIVE EINGANGST\u00dcR &#8211; \u00d6sterreichisch-ungarischer Stil des 19. Jahrhunderts &nbsp; Handarbeit auf Holz Hergestellt aus massiver Eiche, L\u00e4rche oder Fichte Eingefasst mit standarden oder einbruchsicheren Beschl\u00e4gen nach Kundenwahl Wahlweise T\u00fcrspion, fallende Dichtungen, versteckte B\u00e4ndersicherung, metalisiertes Glas Endverarbeitung gebeizt, transparenter PU Lack, mehrlagige Lasur mit UV Schutz (Sonnenschutz) &nbsp; Weiterlesen: Rekonstruktion des Geb\u00e4udes Unternehmungsinkubator PISMO\" \/>\n<meta property=\"og:url\" content=\"https:\/\/beta.mmm-vukelic.hr\/de\/produkt\/tischlerei\/turen\/massive-eingangsturen\/u-19jh\/\" \/>\n<meta property=\"og:site_name\" content=\"MMM-Vukeli\u0107\" \/>\n<meta property=\"article:modified_time\" content=\"2020-02-01T12:10:04+00:00\" \/>\n<meta property=\"og:image\" content=\"https:\/\/beta.mmm-vukelic.hr\/wp-content\/uploads\/2019\/04\/P1020716-save.jpg\" \/>\n\t<meta property=\"og:image:width\" content=\"478\" \/>\n\t<meta property=\"og:image:height\" content=\"1000\" \/>\n\t<meta property=\"og:image:type\" content=\"image\/jpeg\" \/>\n<meta name=\"twitter:card\" content=\"summary_large_image\" \/>\n<script type=\"application\/ld+json\" class=\"yoast-schema-graph\">{\"@context\":\"https:\/\/schema.org\",\"@graph\":[{\"@type\":\"WebPage\",\"@id\":\"https:\/\/beta.mmm-vukelic.hr\/de\/produkt\/tischlerei\/turen\/massive-eingangsturen\/u-19jh\/\",\"url\":\"https:\/\/beta.mmm-vukelic.hr\/de\/produkt\/tischlerei\/turen\/massive-eingangsturen\/u-19jh\/\",\"name\":\"U 19Jh. - MMM-Vukeli\u0107\",\"isPartOf\":{\"@id\":\"https:\/\/beta.mmm-vukelic.hr\/#website\"},\"primaryImageOfPage\":{\"@id\":\"https:\/\/beta.mmm-vukelic.hr\/de\/produkt\/tischlerei\/turen\/massive-eingangsturen\/u-19jh\/#primaryimage\"},\"image\":{\"@id\":\"https:\/\/beta.mmm-vukelic.hr\/de\/produkt\/tischlerei\/turen\/massive-eingangsturen\/u-19jh\/#primaryimage\"},\"thumbnailUrl\":\"https:\/\/beta.mmm-vukelic.hr\/wp-content\/uploads\/2019\/04\/P1020716-save.jpg\",\"datePublished\":\"2019-04-08T17:29:46+00:00\",\"dateModified\":\"2020-02-01T12:10:04+00:00\",\"breadcrumb\":{\"@id\":\"https:\/\/beta.mmm-vukelic.hr\/de\/produkt\/tischlerei\/turen\/massive-eingangsturen\/u-19jh\/#breadcrumb\"},\"inLanguage\":\"de\",\"potentialAction\":[{\"@type\":\"ReadAction\",\"target\":[\"https:\/\/beta.mmm-vukelic.hr\/de\/produkt\/tischlerei\/turen\/massive-eingangsturen\/u-19jh\/\"]}]},{\"@type\":\"ImageObject\",\"inLanguage\":\"de\",\"@id\":\"https:\/\/beta.mmm-vukelic.hr\/de\/produkt\/tischlerei\/turen\/massive-eingangsturen\/u-19jh\/#primaryimage\",\"url\":\"https:\/\/beta.mmm-vukelic.hr\/wp-content\/uploads\/2019\/04\/P1020716-save.jpg\",\"contentUrl\":\"https:\/\/beta.mmm-vukelic.hr\/wp-content\/uploads\/2019\/04\/P1020716-save.jpg\",\"width\":478,\"height\":1000},{\"@type\":\"BreadcrumbList\",\"@id\":\"https:\/\/beta.mmm-vukelic.hr\/de\/produkt\/tischlerei\/turen\/massive-eingangsturen\/u-19jh\/#breadcrumb\",\"itemListElement\":[{\"@type\":\"ListItem\",\"position\":1,\"name\":\"MMM-Vukeli\u0107\",\"item\":\"https:\/\/beta.mmm-vukelic.hr\/de\/\"},{\"@type\":\"ListItem\",\"position\":2,\"name\":\"Sortiment\",\"item\":\"https:\/\/beta.mmm-vukelic.hr\/de\/sortiment\/\"},{\"@type\":\"ListItem\",\"position\":3,\"name\":\"U 19Jh.\"}]},{\"@type\":\"WebSite\",\"@id\":\"https:\/\/beta.mmm-vukelic.hr\/#website\",\"url\":\"https:\/\/beta.mmm-vukelic.hr\/\",\"name\":\"MMM-Vukeli\u0107\",\"description\":\"Drvna industrija\",\"potentialAction\":[{\"@type\":\"SearchAction\",\"target\":{\"@type\":\"EntryPoint\",\"urlTemplate\":\"https:\/\/beta.mmm-vukelic.hr\/?s={search_term_string}\"},\"query-input\":{\"@type\":\"PropertyValueSpecification\",\"valueRequired\":true,\"valueName\":\"search_term_string\"}}],\"inLanguage\":\"de\"}]}<\/script>\n<!-- \/ Yoast SEO plugin. -->","yoast_head_json":{"title":"U 19Jh. - MMM-Vukeli\u0107","robots":{"index":"noindex","follow":"follow","max-snippet":"max-snippet:-1","max-image-preview":"max-image-preview:large","max-video-preview":"max-video-preview:-1"},"og_locale":"de_DE","og_type":"article","og_title":"U 19Jh. - MMM-Vukeli\u0107","og_description":"MASSIVE EINGANGST\u00dcR &#8211; \u00d6sterreichisch-ungarischer Stil des 19. Jahrhunderts &nbsp; Handarbeit auf Holz Hergestellt aus massiver Eiche, L\u00e4rche oder Fichte Eingefasst mit standarden oder einbruchsicheren Beschl\u00e4gen nach Kundenwahl Wahlweise T\u00fcrspion, fallende Dichtungen, versteckte B\u00e4ndersicherung, metalisiertes Glas Endverarbeitung gebeizt, transparenter PU Lack, mehrlagige Lasur mit UV Schutz (Sonnenschutz) &nbsp; Weiterlesen: Rekonstruktion des Geb\u00e4udes Unternehmungsinkubator PISMO","og_url":"https:\/\/beta.mmm-vukelic.hr\/de\/produkt\/tischlerei\/turen\/massive-eingangsturen\/u-19jh\/","og_site_name":"MMM-Vukeli\u0107","article_modified_time":"2020-02-01T12:10:04+00:00","og_image":[{"width":478,"height":1000,"url":"https:\/\/beta.mmm-vukelic.hr\/wp-content\/uploads\/2019\/04\/P1020716-save.jpg","type":"image\/jpeg"}],"twitter_card":"summary_large_image","schema":{"@context":"https:\/\/schema.org","@graph":[{"@type":"WebPage","@id":"https:\/\/beta.mmm-vukelic.hr\/de\/produkt\/tischlerei\/turen\/massive-eingangsturen\/u-19jh\/","url":"https:\/\/beta.mmm-vukelic.hr\/de\/produkt\/tischlerei\/turen\/massive-eingangsturen\/u-19jh\/","name":"U 19Jh. - MMM-Vukeli\u0107","isPartOf":{"@id":"https:\/\/beta.mmm-vukelic.hr\/#website"},"primaryImageOfPage":{"@id":"https:\/\/beta.mmm-vukelic.hr\/de\/produkt\/tischlerei\/turen\/massive-eingangsturen\/u-19jh\/#primaryimage"},"image":{"@id":"https:\/\/beta.mmm-vukelic.hr\/de\/produkt\/tischlerei\/turen\/massive-eingangsturen\/u-19jh\/#primaryimage"},"thumbnailUrl":"https:\/\/beta.mmm-vukelic.hr\/wp-content\/uploads\/2019\/04\/P1020716-save.jpg","datePublished":"2019-04-08T17:29:46+00:00","dateModified":"2020-02-01T12:10:04+00:00","breadcrumb":{"@id":"https:\/\/beta.mmm-vukelic.hr\/de\/produkt\/tischlerei\/turen\/massive-eingangsturen\/u-19jh\/#breadcrumb"},"inLanguage":"de","potentialAction":[{"@type":"ReadAction","target":["https:\/\/beta.mmm-vukelic.hr\/de\/produkt\/tischlerei\/turen\/massive-eingangsturen\/u-19jh\/"]}]},{"@type":"ImageObject","inLanguage":"de","@id":"https:\/\/beta.mmm-vukelic.hr\/de\/produkt\/tischlerei\/turen\/massive-eingangsturen\/u-19jh\/#primaryimage","url":"https:\/\/beta.mmm-vukelic.hr\/wp-content\/uploads\/2019\/04\/P1020716-save.jpg","contentUrl":"https:\/\/beta.mmm-vukelic.hr\/wp-content\/uploads\/2019\/04\/P1020716-save.jpg","width":478,"height":1000},{"@type":"BreadcrumbList","@id":"https:\/\/beta.mmm-vukelic.hr\/de\/produkt\/tischlerei\/turen\/massive-eingangsturen\/u-19jh\/#breadcrumb","itemListElement":[{"@type":"ListItem","position":1,"name":"MMM-Vukeli\u0107","item":"https:\/\/beta.mmm-vukelic.hr\/de\/"},{"@type":"ListItem","position":2,"name":"Sortiment","item":"https:\/\/beta.mmm-vukelic.hr\/de\/sortiment\/"},{"@type":"ListItem","position":3,"name":"U 19Jh."}]},{"@type":"WebSite","@id":"https:\/\/beta.mmm-vukelic.hr\/#website","url":"https:\/\/beta.mmm-vukelic.hr\/","name":"MMM-Vukeli\u0107","description":"Drvna industrija","potentialAction":[{"@type":"SearchAction","target":{"@type":"EntryPoint","urlTemplate":"https:\/\/beta.mmm-vukelic.hr\/?s={search_term_string}"},"query-input":{"@type":"PropertyValueSpecification","valueRequired":true,"valueName":"search_term_string"}}],"inLanguage":"de"}]}},"_links":{"self":[{"href":"https:\/\/beta.mmm-vukelic.hr\/de\/wp-json\/wp\/v2\/product\/9341","targetHints":{"allow":["GET"]}}],"collection":[{"href":"https:\/\/beta.mmm-vukelic.hr\/de\/wp-json\/wp\/v2\/product"}],"about":[{"href":"https:\/\/beta.mmm-vukelic.hr\/de\/wp-json\/wp\/v2\/types\/product"}],"wp:featuredmedia":[{"embeddable":true,"href":"https:\/\/beta.mmm-vukelic.hr\/de\/wp-json\/wp\/v2\/media\/9314"}],"wp:attachment":[{"href":"https:\/\/beta.mmm-vukelic.hr\/de\/wp-json\/wp\/v2\/media?parent=9341"}],"wp:term":[{"taxonomy":"product_brand","embeddable":true,"href":"https:\/\/beta.mmm-vukelic.hr\/de\/wp-json\/wp\/v2\/product_brand?post=9341"},{"taxonomy":"product_cat","embeddable":true,"href":"https:\/\/beta.mmm-vukelic.hr\/de\/wp-json\/wp\/v2\/product_cat?post=9341"},{"taxonomy":"product_tag","embeddable":true,"href":"https:\/\/beta.mmm-vukelic.hr\/de\/wp-json\/wp\/v2\/product_tag?post=9341"}],"curies":[{"name":"wp","href":"https:\/\/api.w.org\/{rel}","templated":true}]}}