{"id":9961,"date":"2019-11-15T12:41:15","date_gmt":"2019-11-15T12:41:15","guid":{"rendered":"https:\/\/beta.mmm-vukelic.hr\/proizvod\/unkategorisiert\/skure-dalmatinska-vrata\/"},"modified":"2020-02-01T12:04:55","modified_gmt":"2020-02-01T12:04:55","slug":"traditionelle-dalmatische-turen","status":"publish","type":"product","link":"https:\/\/beta.mmm-vukelic.hr\/de\/produkt\/tischlerei\/turen\/massive-eingangsturen\/traditionelle-dalmatische-turen\/","title":{"rendered":"Traditionelle Dalmatische t\u00fcren"},"content":{"rendered":"<div class=\"post-content\">\n<p><span class=\"tlid-translation translation\" lang=\"de\"><span class=\"\" title=\"\">TRADITIONELLE DALMATINISCHE FESTHOLZT\u00dcREN<\/span><\/span><\/p>\n<div class=\"post-content\">\n<ul>\n<li>Hergestellt aus massiver Eiche, L\u00e4rche oder Fichte<\/li>\n<li>Eingefasst mit standarden oder einbruchsicheren Beschl\u00e4gen nach Kundenwahl<\/li>\n<li>Wahlweise T\u00fcrspion, fallende Dichtungen, versteckte B\u00e4ndersicherung, metalisiertes Glas<\/li>\n<li>Endverarbeitung gebeizt, transparenter PU Lack, mehrlagige Lasur mit UV Schutz (Sonnenschutz)<\/li>\n<\/ul>\n<p>&nbsp;<\/p>\n<p><img loading=\"lazy\" decoding=\"async\" class=\"size-full wp-image-10474 alignleft\" src=\"https:\/\/beta.mmm-vukelic.hr\/wp-content\/uploads\/2019\/11\/Dalmatinska-vrata-i-\u0161kure-tradicionalna4.jpg\" alt=\"\" width=\"600\" height=\"450\" \/><\/p>\n<\/div>\n<\/div>\n","protected":false},"excerpt":{"rendered":"<p>TRADITIONELLE DALMATINISCHE FESTHOLZT\u00dcREN Hergestellt aus massiver Eiche, L\u00e4rche oder Fichte Eingefasst mit standarden oder einbruchsicheren Beschl\u00e4gen nach Kundenwahl Wahlweise T\u00fcrspion, fallende Dichtungen, versteckte B\u00e4ndersicherung, metalisiertes Glas Endverarbeitung gebeizt, transparenter PU Lack, mehrlagige Lasur mit UV Schutz (Sonnenschutz) &nbsp;<\/p>\n","protected":false},"featured_media":9959,"template":"","meta":{"_acf_changed":false},"product_brand":[],"product_cat":[253,261],"product_tag":[],"class_list":{"0":"post-9961","1":"product","2":"type-product","3":"status-publish","4":"has-post-thumbnail","6":"product_cat-turen","7":"product_cat-massive-eingangsturen","9":"first","10":"instock","11":"shipping-taxable","12":"product-type-simple"},"acf":[],"yoast_head":"<!-- This site is optimized with the Yoast SEO plugin v27.0 - https:\/\/yoast.com\/product\/yoast-seo-wordpress\/ -->\n<title>Traditionelle Dalmatische t\u00fcren - MMM-Vukeli\u0107<\/title>\n<meta name=\"robots\" content=\"noindex, follow, max-snippet:-1, max-image-preview:large, max-video-preview:-1\" \/>\n<meta property=\"og:locale\" content=\"de_DE\" \/>\n<meta property=\"og:type\" content=\"article\" \/>\n<meta property=\"og:title\" content=\"Traditionelle Dalmatische t\u00fcren - MMM-Vukeli\u0107\" \/>\n<meta property=\"og:description\" content=\"TRADITIONELLE DALMATINISCHE FESTHOLZT\u00dcREN Hergestellt aus massiver Eiche, L\u00e4rche oder Fichte Eingefasst mit standarden oder einbruchsicheren Beschl\u00e4gen nach Kundenwahl Wahlweise T\u00fcrspion, fallende Dichtungen, versteckte B\u00e4ndersicherung, metalisiertes Glas Endverarbeitung gebeizt, transparenter PU Lack, mehrlagige Lasur mit UV Schutz (Sonnenschutz) &nbsp;\" \/>\n<meta property=\"og:url\" content=\"https:\/\/beta.mmm-vukelic.hr\/de\/produkt\/tischlerei\/turen\/massive-eingangsturen\/traditionelle-dalmatische-turen\/\" \/>\n<meta property=\"og:site_name\" content=\"MMM-Vukeli\u0107\" \/>\n<meta property=\"article:modified_time\" content=\"2020-02-01T12:04:55+00:00\" \/>\n<meta property=\"og:image\" content=\"https:\/\/beta.mmm-vukelic.hr\/wp-content\/uploads\/2019\/11\/Dalmatinska-vrata.jpg\" \/>\n\t<meta property=\"og:image:width\" content=\"500\" \/>\n\t<meta property=\"og:image:height\" content=\"1000\" \/>\n\t<meta property=\"og:image:type\" content=\"image\/jpeg\" \/>\n<meta name=\"twitter:card\" content=\"summary_large_image\" \/>\n<script type=\"application\/ld+json\" class=\"yoast-schema-graph\">{\"@context\":\"https:\/\/schema.org\",\"@graph\":[{\"@type\":\"WebPage\",\"@id\":\"https:\/\/beta.mmm-vukelic.hr\/de\/produkt\/tischlerei\/turen\/massive-eingangsturen\/traditionelle-dalmatische-turen\/\",\"url\":\"https:\/\/beta.mmm-vukelic.hr\/de\/produkt\/tischlerei\/turen\/massive-eingangsturen\/traditionelle-dalmatische-turen\/\",\"name\":\"Traditionelle Dalmatische t\u00fcren - MMM-Vukeli\u0107\",\"isPartOf\":{\"@id\":\"https:\/\/beta.mmm-vukelic.hr\/#website\"},\"primaryImageOfPage\":{\"@id\":\"https:\/\/beta.mmm-vukelic.hr\/de\/produkt\/tischlerei\/turen\/massive-eingangsturen\/traditionelle-dalmatische-turen\/#primaryimage\"},\"image\":{\"@id\":\"https:\/\/beta.mmm-vukelic.hr\/de\/produkt\/tischlerei\/turen\/massive-eingangsturen\/traditionelle-dalmatische-turen\/#primaryimage\"},\"thumbnailUrl\":\"https:\/\/beta.mmm-vukelic.hr\/wp-content\/uploads\/2019\/11\/Dalmatinska-vrata.jpg\",\"datePublished\":\"2019-11-15T12:41:15+00:00\",\"dateModified\":\"2020-02-01T12:04:55+00:00\",\"breadcrumb\":{\"@id\":\"https:\/\/beta.mmm-vukelic.hr\/de\/produkt\/tischlerei\/turen\/massive-eingangsturen\/traditionelle-dalmatische-turen\/#breadcrumb\"},\"inLanguage\":\"de\",\"potentialAction\":[{\"@type\":\"ReadAction\",\"target\":[\"https:\/\/beta.mmm-vukelic.hr\/de\/produkt\/tischlerei\/turen\/massive-eingangsturen\/traditionelle-dalmatische-turen\/\"]}]},{\"@type\":\"ImageObject\",\"inLanguage\":\"de\",\"@id\":\"https:\/\/beta.mmm-vukelic.hr\/de\/produkt\/tischlerei\/turen\/massive-eingangsturen\/traditionelle-dalmatische-turen\/#primaryimage\",\"url\":\"https:\/\/beta.mmm-vukelic.hr\/wp-content\/uploads\/2019\/11\/Dalmatinska-vrata.jpg\",\"contentUrl\":\"https:\/\/beta.mmm-vukelic.hr\/wp-content\/uploads\/2019\/11\/Dalmatinska-vrata.jpg\",\"width\":500,\"height\":1000},{\"@type\":\"BreadcrumbList\",\"@id\":\"https:\/\/beta.mmm-vukelic.hr\/de\/produkt\/tischlerei\/turen\/massive-eingangsturen\/traditionelle-dalmatische-turen\/#breadcrumb\",\"itemListElement\":[{\"@type\":\"ListItem\",\"position\":1,\"name\":\"MMM-Vukeli\u0107\",\"item\":\"https:\/\/beta.mmm-vukelic.hr\/de\/\"},{\"@type\":\"ListItem\",\"position\":2,\"name\":\"Sortiment\",\"item\":\"https:\/\/beta.mmm-vukelic.hr\/de\/sortiment\/\"},{\"@type\":\"ListItem\",\"position\":3,\"name\":\"Traditionelle Dalmatische t\u00fcren\"}]},{\"@type\":\"WebSite\",\"@id\":\"https:\/\/beta.mmm-vukelic.hr\/#website\",\"url\":\"https:\/\/beta.mmm-vukelic.hr\/\",\"name\":\"MMM-Vukeli\u0107\",\"description\":\"Drvna industrija\",\"potentialAction\":[{\"@type\":\"SearchAction\",\"target\":{\"@type\":\"EntryPoint\",\"urlTemplate\":\"https:\/\/beta.mmm-vukelic.hr\/?s={search_term_string}\"},\"query-input\":{\"@type\":\"PropertyValueSpecification\",\"valueRequired\":true,\"valueName\":\"search_term_string\"}}],\"inLanguage\":\"de\"}]}<\/script>\n<!-- \/ Yoast SEO plugin. -->","yoast_head_json":{"title":"Traditionelle Dalmatische t\u00fcren - MMM-Vukeli\u0107","robots":{"index":"noindex","follow":"follow","max-snippet":"max-snippet:-1","max-image-preview":"max-image-preview:large","max-video-preview":"max-video-preview:-1"},"og_locale":"de_DE","og_type":"article","og_title":"Traditionelle Dalmatische t\u00fcren - MMM-Vukeli\u0107","og_description":"TRADITIONELLE DALMATINISCHE FESTHOLZT\u00dcREN Hergestellt aus massiver Eiche, L\u00e4rche oder Fichte Eingefasst mit standarden oder einbruchsicheren Beschl\u00e4gen nach Kundenwahl Wahlweise T\u00fcrspion, fallende Dichtungen, versteckte B\u00e4ndersicherung, metalisiertes Glas Endverarbeitung gebeizt, transparenter PU Lack, mehrlagige Lasur mit UV Schutz (Sonnenschutz) &nbsp;","og_url":"https:\/\/beta.mmm-vukelic.hr\/de\/produkt\/tischlerei\/turen\/massive-eingangsturen\/traditionelle-dalmatische-turen\/","og_site_name":"MMM-Vukeli\u0107","article_modified_time":"2020-02-01T12:04:55+00:00","og_image":[{"width":500,"height":1000,"url":"https:\/\/beta.mmm-vukelic.hr\/wp-content\/uploads\/2019\/11\/Dalmatinska-vrata.jpg","type":"image\/jpeg"}],"twitter_card":"summary_large_image","schema":{"@context":"https:\/\/schema.org","@graph":[{"@type":"WebPage","@id":"https:\/\/beta.mmm-vukelic.hr\/de\/produkt\/tischlerei\/turen\/massive-eingangsturen\/traditionelle-dalmatische-turen\/","url":"https:\/\/beta.mmm-vukelic.hr\/de\/produkt\/tischlerei\/turen\/massive-eingangsturen\/traditionelle-dalmatische-turen\/","name":"Traditionelle Dalmatische t\u00fcren - MMM-Vukeli\u0107","isPartOf":{"@id":"https:\/\/beta.mmm-vukelic.hr\/#website"},"primaryImageOfPage":{"@id":"https:\/\/beta.mmm-vukelic.hr\/de\/produkt\/tischlerei\/turen\/massive-eingangsturen\/traditionelle-dalmatische-turen\/#primaryimage"},"image":{"@id":"https:\/\/beta.mmm-vukelic.hr\/de\/produkt\/tischlerei\/turen\/massive-eingangsturen\/traditionelle-dalmatische-turen\/#primaryimage"},"thumbnailUrl":"https:\/\/beta.mmm-vukelic.hr\/wp-content\/uploads\/2019\/11\/Dalmatinska-vrata.jpg","datePublished":"2019-11-15T12:41:15+00:00","dateModified":"2020-02-01T12:04:55+00:00","breadcrumb":{"@id":"https:\/\/beta.mmm-vukelic.hr\/de\/produkt\/tischlerei\/turen\/massive-eingangsturen\/traditionelle-dalmatische-turen\/#breadcrumb"},"inLanguage":"de","potentialAction":[{"@type":"ReadAction","target":["https:\/\/beta.mmm-vukelic.hr\/de\/produkt\/tischlerei\/turen\/massive-eingangsturen\/traditionelle-dalmatische-turen\/"]}]},{"@type":"ImageObject","inLanguage":"de","@id":"https:\/\/beta.mmm-vukelic.hr\/de\/produkt\/tischlerei\/turen\/massive-eingangsturen\/traditionelle-dalmatische-turen\/#primaryimage","url":"https:\/\/beta.mmm-vukelic.hr\/wp-content\/uploads\/2019\/11\/Dalmatinska-vrata.jpg","contentUrl":"https:\/\/beta.mmm-vukelic.hr\/wp-content\/uploads\/2019\/11\/Dalmatinska-vrata.jpg","width":500,"height":1000},{"@type":"BreadcrumbList","@id":"https:\/\/beta.mmm-vukelic.hr\/de\/produkt\/tischlerei\/turen\/massive-eingangsturen\/traditionelle-dalmatische-turen\/#breadcrumb","itemListElement":[{"@type":"ListItem","position":1,"name":"MMM-Vukeli\u0107","item":"https:\/\/beta.mmm-vukelic.hr\/de\/"},{"@type":"ListItem","position":2,"name":"Sortiment","item":"https:\/\/beta.mmm-vukelic.hr\/de\/sortiment\/"},{"@type":"ListItem","position":3,"name":"Traditionelle Dalmatische t\u00fcren"}]},{"@type":"WebSite","@id":"https:\/\/beta.mmm-vukelic.hr\/#website","url":"https:\/\/beta.mmm-vukelic.hr\/","name":"MMM-Vukeli\u0107","description":"Drvna industrija","potentialAction":[{"@type":"SearchAction","target":{"@type":"EntryPoint","urlTemplate":"https:\/\/beta.mmm-vukelic.hr\/?s={search_term_string}"},"query-input":{"@type":"PropertyValueSpecification","valueRequired":true,"valueName":"search_term_string"}}],"inLanguage":"de"}]}},"_links":{"self":[{"href":"https:\/\/beta.mmm-vukelic.hr\/de\/wp-json\/wp\/v2\/product\/9961","targetHints":{"allow":["GET"]}}],"collection":[{"href":"https:\/\/beta.mmm-vukelic.hr\/de\/wp-json\/wp\/v2\/product"}],"about":[{"href":"https:\/\/beta.mmm-vukelic.hr\/de\/wp-json\/wp\/v2\/types\/product"}],"wp:featuredmedia":[{"embeddable":true,"href":"https:\/\/beta.mmm-vukelic.hr\/de\/wp-json\/wp\/v2\/media\/9959"}],"wp:attachment":[{"href":"https:\/\/beta.mmm-vukelic.hr\/de\/wp-json\/wp\/v2\/media?parent=9961"}],"wp:term":[{"taxonomy":"product_brand","embeddable":true,"href":"https:\/\/beta.mmm-vukelic.hr\/de\/wp-json\/wp\/v2\/product_brand?post=9961"},{"taxonomy":"product_cat","embeddable":true,"href":"https:\/\/beta.mmm-vukelic.hr\/de\/wp-json\/wp\/v2\/product_cat?post=9961"},{"taxonomy":"product_tag","embeddable":true,"href":"https:\/\/beta.mmm-vukelic.hr\/de\/wp-json\/wp\/v2\/product_tag?post=9961"}],"curies":[{"name":"wp","href":"https:\/\/api.w.org\/{rel}","templated":true}]}}