{"id":11893,"date":"2023-05-26T07:19:34","date_gmt":"2023-05-26T07:19:34","guid":{"rendered":"https:\/\/beta.mmm-vukelic.hr\/obavijest-o-eu-projektu-na-web-stranici\/"},"modified":"2023-05-26T07:19:34","modified_gmt":"2023-05-26T07:19:34","slug":"obavijest-o-eu-projektu-na-web-stranici","status":"publish","type":"page","link":"https:\/\/beta.mmm-vukelic.hr\/en\/obavijest-o-eu-projektu-na-web-stranici\/","title":{"rendered":"Obavijest o EU projektu na web stranici"},"content":{"rendered":"<p><strong><em>KK.04.1.1.03.0331<\/em><\/strong><\/p>\n<p><strong>NAZIV KORISNIKA<\/strong>: MMM-VUKELI\u0106 proizvodnja rezane gra\u0111e i finalnih proizvoda od drveta, dru\u0161tvo s ograni\u010denom odgovorno\u0161\u0107u<br \/>\n<strong>UKUPNA VRIJEDNOST PROJEKTA<\/strong>: 5.147.746,68 HRK \/ 683.223,39 EUR<br \/>\n<strong>EU SUFINANCIRANJE PROJEKTA<\/strong>: 3.686.672,67 HRK \/ 489.305,55 EUR<br \/>\n<strong>RAZDOBLJE PROVEDBE PROJEKTA<\/strong>: 22.07.2020.-30.06.2023.<\/p>\n<p><strong>NAZIV PROJEKTA:<\/strong> Solarna elektrana MMM-Vukeli\u0107<br \/>\n<strong>NAZIV KORISNIKA:<\/strong> MMM-VUKELI\u0106 proizvodnja rezane gra\u0111e i finalnih proizvoda od drveta, dru\u0161tvo s ograni\u010denom odgovorno\u0161\u0107u<br \/>\n<strong>UKUPNA VRIJEDNOST PROJEKTA:<\/strong> 5.147.746,68 HRK \/ 683.223,39 EUR<br \/>\n<strong>EU SUFINANCIRANJE PROJEKTA:<\/strong> 3.686.672,67 HRK \/ 489.305,55 EUR<br \/>\n<strong>RAZDOBLJE PROVEDBE PROJEKTA:<\/strong> 22.07.2020.-30.06.2023.<\/p>\n<p>MMM-VUKELI\u0106 proizvodnja rezane gra\u0111e i finalnih proizvoda od drveta, dru\u0161tvo s ograni\u010denom odgovorno\u0161\u0107u je 2021. godine prijavilo na javni poziv Ministarstva gospodarstva i odr\u017eivog razvoja \u201ePove\u0107anje energetske u\u010dinkovitosti i kori\u0161tenja obnovljivih izvora energije u proizvodnim industrijama&#8221; projekt pod nazivom \u201eSolarna elektrana MMM-Vukeli\u0107 &#8221; Ugovor o dodjeli bespovratnih sredstava u okviru navedenog poziva potpisan je 22. prosinca 2021. godine.<\/p>\n<p><strong>SA\u017dETAK PROJEKTA:<\/strong><\/p>\n<p>Svrha projekta je smanjiti koli\u010dinu isporu\u010dene energije proizvodnog pogona za 33,36% te smanjiti emisije CO2 za 492 t\/god. Projekt \u0107e izgradnjom solarne elektrane izravno doprinijeti pove\u0107anju konkurentnosti dru\u0161tva, resursnoj u\u010dinkovitosti i u\u0161tedama energije u proizvodnim industrijama RH te rje\u0161avanju klimatskih izazova \u0161ire dru\u0161tvene zajednice.<\/p>\n<p><strong>CILJEVI I REZULTATI PROJEKTA:<\/strong><\/p>\n<p>Op\u0107i cilj projekta je doprinijeti pove\u0107anju u\u010dinkovitog kori\u0161tenja energije u proizvodnim industrijama i tako omogu\u0107iti rast konkurentnosti cjelokupnog gospodarskog sustava Hrvatske, \u0161to je u skladu i s ciljem Europske unije.<\/p>\n<p>U skladu s tim, o\u010dekivani rezultat projekta je pove\u0107anje koli\u010dine obnovljive energije 33,36% u bruto kona\u010dnoj potro\u0161nji energije tvrtke te smanjenje emisije CO2 za 492 t\/god.<\/p>\n<p>Provedba projekta i svih definiranih mjera dovest \u0107e do ispunjenja ciljeva projekta, ali i ciljeva Javnog poziva. Tako\u0111er, projekt je uskla\u0111en s europskim i nacionalnim strate\u0161kim dokumentima. Projekt izravno doprinosi:<\/p>\n<p>(1) ostvarenju klimatsko-energetskog cilja \u201e20\/20\/20&#8243; iz strategije Europa 2020.<br \/>\n(2) promicanju energetske u\u010dinkovitosti, tj. smanjenju emisija CO2 u skladu sa Sporazumom o partnerstvu izme\u0111u RH i EK: Tematski cilj 4 \u201ePodr\u017eavanje prelaska na niskouglji\u010dno gospodarstvo u svim sektorima&#8221;<br \/>\n(3) ostvarenju pokazatelja Operativnog programa \u201eKonkurentnost i kohezija 2014.-2020.&#8221;: PO 4 Promicanje energetske u\u010dinkovitosti i obnovljivih izvora energije, SC 4b1 Pove\u0107anje energetske u\u010dinkovitosti i kori\u0161tenja obnovljivih izvora energije u proizvodnim industrijama<br \/>\n(4) uskla\u0111enosti sa Zakonom o energetskoj u\u010dinkovitosti (NN, br. 127\/14, 116\/18, 25\/20)<br \/>\n(5) Integriranome nacionalnom energetskom i klimatskom planu za Republiku Hrvatsku za razdoblje od 2021. do 2030.<\/p>\n<p><strong>PROJEKTNE AKTIVNOSTI OBUHVA\u0106AJU:<\/strong><\/p>\n<p>1. Pripremu dokumentacije projektnog prijedloga i ostale projektno-tehni\u010dke dokumentacije<br \/>\n2. Izgradnja sun\u010dane elektrane<br \/>\n3. Upravljanje projektom<br \/>\n4. Promid\u017ebu i vidljivost<\/p>\n<p><strong>Kontakt osoba:<\/strong> Marijan Vukeli\u0107<\/p>\n<p>Vi\u0161e informacija o samom projektu zainteresirani mogu dobiti na e-mail adresi <a href=\"mailto:vukelic@mmm-vukelic.hr\">vukelic@mmm-vukelic.hr<\/a>, kontakt osoba Marijan Vukeli\u0107<\/p>\n<p><em>Projekt je sufinancirala Europska Unija iz Europskog fonda za regionalni razvoj, a provodi se u okviru Mehanizma za oporavak i otpornost 2021.-2026. (National Recovery and resiliance plan 2021-2026).<\/em><\/p>\n<p>Za vi\u0161e informacija o Europskim strukturnim i investicijskim fondovima posjetite:<br \/>\n<a href=\"https:\/\/strukturnifondovi.hr\/\">https:\/\/strukturnifondovi.hr\/<\/a><br \/>\n<a href=\"https:\/\/strukturnifondovi.hr\/eu-fondovi\/esi-fondovi-2014-2020\/op-konkurentnost-i-kohezija\/\">https:\/\/strukturnifondovi.hr\/eu-fondovi\/esi-fondovi-2014-2020\/op-konkurentnost-i-kohezija\/<\/a><br \/>\n<a href=\"https:\/\/planoporavka.gov.hr\/\">https:\/\/planoporavka.gov.hr\/<\/a><\/p>\n","protected":false},"excerpt":{"rendered":"<p>KK.04.1.1.03.0331 NAZIV KORISNIKA: MMM-VUKELI\u0106 proizvodnja rezane gra\u0111e i finalnih proizvoda od drveta, dru\u0161tvo s ograni\u010denom odgovorno\u0161\u0107u UKUPNA VRIJEDNOST PROJEKTA: 5.147.746,68 HRK \/ 683.223,39 EUR EU SUFINANCIRANJE PROJEKTA: 3.686.672,67 HRK \/ 489.305,55 EUR RAZDOBLJE PROVEDBE PROJEKTA: 22.07.2020.-30.06.2023. NAZIV PROJEKTA: Solarna elektrana MMM-Vukeli\u0107 NAZIV KORISNIKA: MMM-VUKELI\u0106 proizvodnja rezane gra\u0111e i finalnih proizvoda od drveta, dru\u0161tvo s ograni\u010denom [&hellip;]<\/p>\n","protected":false},"author":6,"featured_media":0,"parent":0,"menu_order":0,"comment_status":"closed","ping_status":"closed","template":"","meta":{"_acf_changed":false,"footnotes":""},"class_list":["post-11893","page","type-page","status-publish","hentry"],"acf":[],"yoast_head":"<!-- This site is optimized with the Yoast SEO plugin v27.0 - https:\/\/yoast.com\/product\/yoast-seo-wordpress\/ -->\n<title>Obavijest o EU projektu na web stranici - MMM-Vukeli\u0107<\/title>\n<meta name=\"robots\" content=\"noindex, follow, max-snippet:-1, max-image-preview:large, max-video-preview:-1\" \/>\n<meta property=\"og:locale\" content=\"en_US\" \/>\n<meta property=\"og:type\" content=\"article\" \/>\n<meta property=\"og:title\" content=\"Obavijest o EU projektu na web stranici - MMM-Vukeli\u0107\" \/>\n<meta property=\"og:description\" content=\"KK.04.1.1.03.0331 NAZIV KORISNIKA: MMM-VUKELI\u0106 proizvodnja rezane gra\u0111e i finalnih proizvoda od drveta, dru\u0161tvo s ograni\u010denom odgovorno\u0161\u0107u UKUPNA VRIJEDNOST PROJEKTA: 5.147.746,68 HRK \/ 683.223,39 EUR EU SUFINANCIRANJE PROJEKTA: 3.686.672,67 HRK \/ 489.305,55 EUR RAZDOBLJE PROVEDBE PROJEKTA: 22.07.2020.-30.06.2023. NAZIV PROJEKTA: Solarna elektrana MMM-Vukeli\u0107 NAZIV KORISNIKA: MMM-VUKELI\u0106 proizvodnja rezane gra\u0111e i finalnih proizvoda od drveta, dru\u0161tvo s ograni\u010denom [&hellip;]\" \/>\n<meta property=\"og:url\" content=\"https:\/\/beta.mmm-vukelic.hr\/en\/obavijest-o-eu-projektu-na-web-stranici\/\" \/>\n<meta property=\"og:site_name\" content=\"MMM-Vukeli\u0107\" \/>\n<meta name=\"twitter:card\" content=\"summary_large_image\" \/>\n<meta name=\"twitter:label1\" content=\"Est. reading time\" \/>\n\t<meta name=\"twitter:data1\" content=\"2 minutes\" \/>\n<script type=\"application\/ld+json\" class=\"yoast-schema-graph\">{\"@context\":\"https:\/\/schema.org\",\"@graph\":[{\"@type\":\"WebPage\",\"@id\":\"https:\/\/beta.mmm-vukelic.hr\/en\/obavijest-o-eu-projektu-na-web-stranici\/\",\"url\":\"https:\/\/beta.mmm-vukelic.hr\/en\/obavijest-o-eu-projektu-na-web-stranici\/\",\"name\":\"Obavijest o EU projektu na web stranici - MMM-Vukeli\u0107\",\"isPartOf\":{\"@id\":\"https:\/\/beta.mmm-vukelic.hr\/#website\"},\"datePublished\":\"2023-05-26T07:19:34+00:00\",\"breadcrumb\":{\"@id\":\"https:\/\/beta.mmm-vukelic.hr\/en\/obavijest-o-eu-projektu-na-web-stranici\/#breadcrumb\"},\"inLanguage\":\"en-US\",\"potentialAction\":[{\"@type\":\"ReadAction\",\"target\":[\"https:\/\/beta.mmm-vukelic.hr\/en\/obavijest-o-eu-projektu-na-web-stranici\/\"]}]},{\"@type\":\"BreadcrumbList\",\"@id\":\"https:\/\/beta.mmm-vukelic.hr\/en\/obavijest-o-eu-projektu-na-web-stranici\/#breadcrumb\",\"itemListElement\":[{\"@type\":\"ListItem\",\"position\":1,\"name\":\"MMM-Vukeli\u0107\",\"item\":\"https:\/\/beta.mmm-vukelic.hr\/en\/\"},{\"@type\":\"ListItem\",\"position\":2,\"name\":\"Obavijest o EU projektu na web stranici\"}]},{\"@type\":\"WebSite\",\"@id\":\"https:\/\/beta.mmm-vukelic.hr\/#website\",\"url\":\"https:\/\/beta.mmm-vukelic.hr\/\",\"name\":\"MMM-Vukeli\u0107\",\"description\":\"Drvna industrija\",\"potentialAction\":[{\"@type\":\"SearchAction\",\"target\":{\"@type\":\"EntryPoint\",\"urlTemplate\":\"https:\/\/beta.mmm-vukelic.hr\/?s={search_term_string}\"},\"query-input\":{\"@type\":\"PropertyValueSpecification\",\"valueRequired\":true,\"valueName\":\"search_term_string\"}}],\"inLanguage\":\"en-US\"}]}<\/script>\n<!-- \/ Yoast SEO plugin. -->","yoast_head_json":{"title":"Obavijest o EU projektu na web stranici - MMM-Vukeli\u0107","robots":{"index":"noindex","follow":"follow","max-snippet":"max-snippet:-1","max-image-preview":"max-image-preview:large","max-video-preview":"max-video-preview:-1"},"og_locale":"en_US","og_type":"article","og_title":"Obavijest o EU projektu na web stranici - MMM-Vukeli\u0107","og_description":"KK.04.1.1.03.0331 NAZIV KORISNIKA: MMM-VUKELI\u0106 proizvodnja rezane gra\u0111e i finalnih proizvoda od drveta, dru\u0161tvo s ograni\u010denom odgovorno\u0161\u0107u UKUPNA VRIJEDNOST PROJEKTA: 5.147.746,68 HRK \/ 683.223,39 EUR EU SUFINANCIRANJE PROJEKTA: 3.686.672,67 HRK \/ 489.305,55 EUR RAZDOBLJE PROVEDBE PROJEKTA: 22.07.2020.-30.06.2023. NAZIV PROJEKTA: Solarna elektrana MMM-Vukeli\u0107 NAZIV KORISNIKA: MMM-VUKELI\u0106 proizvodnja rezane gra\u0111e i finalnih proizvoda od drveta, dru\u0161tvo s ograni\u010denom [&hellip;]","og_url":"https:\/\/beta.mmm-vukelic.hr\/en\/obavijest-o-eu-projektu-na-web-stranici\/","og_site_name":"MMM-Vukeli\u0107","twitter_card":"summary_large_image","twitter_misc":{"Est. reading time":"2 minutes"},"schema":{"@context":"https:\/\/schema.org","@graph":[{"@type":"WebPage","@id":"https:\/\/beta.mmm-vukelic.hr\/en\/obavijest-o-eu-projektu-na-web-stranici\/","url":"https:\/\/beta.mmm-vukelic.hr\/en\/obavijest-o-eu-projektu-na-web-stranici\/","name":"Obavijest o EU projektu na web stranici - MMM-Vukeli\u0107","isPartOf":{"@id":"https:\/\/beta.mmm-vukelic.hr\/#website"},"datePublished":"2023-05-26T07:19:34+00:00","breadcrumb":{"@id":"https:\/\/beta.mmm-vukelic.hr\/en\/obavijest-o-eu-projektu-na-web-stranici\/#breadcrumb"},"inLanguage":"en-US","potentialAction":[{"@type":"ReadAction","target":["https:\/\/beta.mmm-vukelic.hr\/en\/obavijest-o-eu-projektu-na-web-stranici\/"]}]},{"@type":"BreadcrumbList","@id":"https:\/\/beta.mmm-vukelic.hr\/en\/obavijest-o-eu-projektu-na-web-stranici\/#breadcrumb","itemListElement":[{"@type":"ListItem","position":1,"name":"MMM-Vukeli\u0107","item":"https:\/\/beta.mmm-vukelic.hr\/en\/"},{"@type":"ListItem","position":2,"name":"Obavijest o EU projektu na web stranici"}]},{"@type":"WebSite","@id":"https:\/\/beta.mmm-vukelic.hr\/#website","url":"https:\/\/beta.mmm-vukelic.hr\/","name":"MMM-Vukeli\u0107","description":"Drvna industrija","potentialAction":[{"@type":"SearchAction","target":{"@type":"EntryPoint","urlTemplate":"https:\/\/beta.mmm-vukelic.hr\/?s={search_term_string}"},"query-input":{"@type":"PropertyValueSpecification","valueRequired":true,"valueName":"search_term_string"}}],"inLanguage":"en-US"}]}},"_links":{"self":[{"href":"https:\/\/beta.mmm-vukelic.hr\/en\/wp-json\/wp\/v2\/pages\/11893","targetHints":{"allow":["GET"]}}],"collection":[{"href":"https:\/\/beta.mmm-vukelic.hr\/en\/wp-json\/wp\/v2\/pages"}],"about":[{"href":"https:\/\/beta.mmm-vukelic.hr\/en\/wp-json\/wp\/v2\/types\/page"}],"author":[{"embeddable":true,"href":"https:\/\/beta.mmm-vukelic.hr\/en\/wp-json\/wp\/v2\/users\/6"}],"replies":[{"embeddable":true,"href":"https:\/\/beta.mmm-vukelic.hr\/en\/wp-json\/wp\/v2\/comments?post=11893"}],"version-history":[{"count":0,"href":"https:\/\/beta.mmm-vukelic.hr\/en\/wp-json\/wp\/v2\/pages\/11893\/revisions"}],"wp:attachment":[{"href":"https:\/\/beta.mmm-vukelic.hr\/en\/wp-json\/wp\/v2\/media?parent=11893"}],"curies":[{"name":"wp","href":"https:\/\/api.w.org\/{rel}","templated":true}]}}