{"id":275,"date":"2018-01-05T10:59:08","date_gmt":"2018-01-05T10:59:08","guid":{"rendered":"https:\/\/beta.mmm-vukelic.hr\/?page_id=275"},"modified":"2019-01-07T07:59:21","modified_gmt":"2019-01-07T07:59:21","slug":"references","status":"publish","type":"page","link":"https:\/\/beta.mmm-vukelic.hr\/en\/references\/","title":{"rendered":"References"},"content":{"rendered":"<ul>\n<li>Etno farm &#8220;Mirnovec&#8221;, Samobor<\/li>\n<li><span id=\"result_box\" class=\"short_text\" lang=\"en\"><span class=\"\">Library<\/span><\/span> &#8220;Ante Jagar&#8221; \u2013 Lipovljani<\/li>\n<li>HEP Zagreb<\/li>\n<li><span id=\"result_box\" class=\"short_text\" lang=\"en\"><span class=\"\">Music Academy,<\/span><\/span> Zagreb<\/li>\n<li>P.A. Nature Park &#8220;Lonjsko polje&#8221;<\/li>\n<li>Pizzeria &amp; Grill &#8220;Karlo&#8221;, Novska<\/li>\n<li>\u0160umarija Novska<\/li>\n<li><span id=\"result_box\" class=\"short_text\" lang=\"en\"><span class=\"alt-edited\">Faculty of forestry<\/span><\/span>, Zagreb<\/li>\n<li><span id=\"result_box\" class=\"short_text\" lang=\"en\"><span class=\"\">Technical Museum &#8220;Nikola Tesla&#8221; Zagreb<\/span><\/span><\/li>\n<li>Association of Craftsmen, Novska<\/li>\n<li>Uprava \u0161uma Nova Gradi\u0161ka<\/li>\n<li>&#8220;Villa Savi\u0107&#8221; Lipik<\/li>\n<li>Church st. Nikola, Banova Jaruga<\/li>\n<li>City of Novska<\/li>\n<li>Nexe Group &#8211; Nexe constructions ltd. Na\u0161ice<\/li>\n<li><span id=\"result_box\" class=\"short_text\" lang=\"en\"><span class=\"\">Monastery<\/span><\/span> &#8220;K\u0107eri Milosr\u0111a&#8221;, Zagreb<\/li>\n<li>Monastery st. Nikola, Ston<\/li>\n<li>&#8220;Mamutica&#8221; building, Zagreb<\/li>\n<li>Horvati\u0107 Metali, Ka\u0161ina<\/li>\n<li>Hotel Gari\u0107, Gare\u0161nica<\/li>\n<li>&#8220;Pentagon&#8221;, Kutina<\/li>\n<li>Apartments and bar &#8220;The King&#8217;s Pub&#8221;, Kutina<\/li>\n<li>\u0160umarija Kutina<\/li>\n<li>Caffe bar Plavac, Novska<\/li>\n<li><span id=\"result_box\" class=\"short_text\" lang=\"en\"><span class=\"\">Kindergarten<\/span><\/span> \u201cRadost&#8221; Novska<\/li>\n<li>\u201cIn Kapital\u201d <span id=\"result_box\" class=\"short_text\" lang=\"en\"><span class=\"\">Exchange<\/span><\/span> office, Zagreb<\/li>\n<li>Motel \u201cStari Hrastovi\u201d, Popova\u010da<\/li>\n<li><span id=\"result_box\" class=\"short_text\" lang=\"en\"><span class=\"alt-edited\">Dental clinic<\/span><\/span> dr. Lovri\u0107, Cernik<\/li>\n<li>Belpod ltd., Kutina<\/li>\n<li>Vamaco MV ltd. Zagreb<\/li>\n<li>Infligo ltd. Zagreb<\/li>\n<li>Vodan Lux ltd. Moko\u0161ica<\/li>\n<li><span id=\"result_box\" class=\"short_text\" lang=\"en\"><span class=\"\">Bookkeeping <\/span><\/span>Darija Sudar, Pakrac<\/li>\n<li>Futurteh ltd. Zagreb<\/li>\n<li>Termogradnja Bakovi\u0107 ltd. Bro\u010dice<\/li>\n<li>Big Boys gradnja ltd. Bresta\u010da<\/li>\n<li>Marbet ltd. Zagreb<\/li>\n<li><span id=\"result_box\" class=\"short_text\" lang=\"en\"><span class=\"\">Czech kindergarten<\/span><\/span> &#8220;Ferde Mravenca&#8221;, Daruvar<\/li>\n<li>Git ltd. Vara\u017edin<\/li>\n<li>Venka gradnja ltd. Novska<\/li>\n<li>\u010cehuli\u0107 Transports, Bedenica<\/li>\n<li>Imbrija-promet ltd. Zagreb<\/li>\n<li>Spektar-projekt ltd. Lipovljani<\/li>\n<li>Podobnik ltd. Novska<\/li>\n<li><span id=\"result_box\" class=\"short_text\" lang=\"en\"><span class=\"\">Elementary School<\/span><\/span> Novska<\/li>\n<li>Apartments Novosel Marija, Medulin<\/li>\n<li>Slide ltd. Zagreb<\/li>\n<li><span id=\"result_box\" class=\"short_text\" lang=\"en\"><span class=\"alt-edited\">Dental Polyclinic<\/span><\/span> dr. Giki\u0107, Zagreb<\/li>\n<li><span id=\"result_box\" class=\"short_text\" lang=\"en\"><span class=\"\">Elementary School<\/span><\/span> &#8220;bra\u0107e Radi\u0107&#8221;, Pakrac<\/li>\n<li>Gamauf ltd. Poljana<\/li>\n<li>Penava izgradnja ltd. Vi\u0161kovo<\/li>\n<li>Gra\u0111enje Split ltd. Split<\/li>\n<li>Interijer MVA ltd. Zagreb-Lu\u010dko<\/li>\n<li>ELMK Pu\u0161ka\u0161, Lipovljani<\/li>\n<li>Glovia ltd. Zagreb<\/li>\n<li>Doln ltd. Nova Gradi\u0161ka<\/li>\n<li>Krpan graditeljstvo, Lipovljani<\/li>\n<li>BCS ltd. Zagreb<\/li>\n<li>I.O. Termomont Danijel Hunjadi, Zagreb<\/li>\n<li>Eco-Ethno village Strug<\/li>\n<li>City of Lipik<\/li>\n<li><span id=\"result_box\" class=\"short_text\" lang=\"en\"><span class=\"\">Hunting association<\/span><\/span> &#8220;Fazan&#8221; Daruvar<\/li>\n<li>Kala ltd. Zagreb<\/li>\n<li>Desidero ltd. Gunja<\/li>\n<li>&#8220;Olibsko sunce&#8221;, Otok Olib<\/li>\n<li>O.P.G. Arti\u0107, Sigetac<\/li>\n<li>Novokom ltd. Novska<\/li>\n<li>Interiors Tomi\u0107,\u00a0 Zagreb<\/li>\n<li>KS Intervencije ltd. Zagreb<\/li>\n<li>In Medias Res ltd. Sv. Ivan Zelina<\/li>\n<li>Ribel ltd. Kutina<\/li>\n<li><span id=\"result_box\" class=\"short_text\" lang=\"en\"><span class=\"\">Center for Design and Promotion<\/span><\/span> ltd. Zagreb<\/li>\n<li>Eurocop ltd. Staro Petrovo Selo<\/li>\n<li>O.P.G. Valenti\u0107 Iva, Zagreb<\/li>\n<li>Caffe bar &#8220;Borsalino&#8221; Novska<\/li>\n<li>GME service, Sunja<\/li>\n<li>Salon \u010darolija ltd. Nova Gradi\u0161ka<\/li>\n<li>Akter public grupa ltd. Zagreb<\/li>\n<li>Joinery &#8220;Novoselac&#8221;, Nova Gradi\u0161ka<\/li>\n<li>&#8220;De Conte&#8221; ltd. Labin<\/li>\n<li>O.P.G. \u0160tevinovi\u0107 Mirko, Ko\u0161utarica<\/li>\n<li>T-M promet ltd. Pakrac<\/li>\n<li>Construction crafts Tomislav Pudi\u0107, Zageb<\/li>\n<li>Zidogradnja ltd. Split<\/li>\n<li>Holzer ltd. Samobor<\/li>\n<li>Mramor ltd. Osijek<\/li>\n<li>Pu\u0161kari\u0107 interiors ltd. Gare\u0161nica<\/li>\n<li>&#8220;Drvo Trgovina Mik\u0161a&#8221; ltd. Karlovac<\/li>\n<li>B&amp;Z GLOBAL SOLUTIONS ltd. Zagreb<\/li>\n<li>P.O.U. Novska<\/li>\n<li>GRAP ltd. Zagreb<\/li>\n<li>Ivatom ltd. Gare\u0161nica<\/li>\n<li>MAGIC-MONT ltd. Gare\u0161nica<\/li>\n<li><em>many private objects on the continent and seaside&#8230;<\/em><\/li>\n<\/ul>\n","protected":false},"excerpt":{"rendered":"<p>Etno farm &#8220;Mirnovec&#8221;, Samobor Library &#8220;Ante Jagar&#8221; \u2013 Lipovljani HEP Zagreb Music Academy, Zagreb P.A. Nature Park &#8220;Lonjsko polje&#8221; Pizzeria &amp; Grill &#8220;Karlo&#8221;, Novska \u0160umarija Novska Faculty of forestry, Zagreb Technical Museum &#8220;Nikola Tesla&#8221; Zagreb Association of Craftsmen, Novska Uprava \u0161uma Nova Gradi\u0161ka &#8220;Villa Savi\u0107&#8221; Lipik Church st. Nikola, Banova Jaruga City of Novska Nexe [&hellip;]<\/p>\n","protected":false},"author":1,"featured_media":0,"parent":0,"menu_order":0,"comment_status":"closed","ping_status":"closed","template":"reference.php","meta":{"_acf_changed":false,"footnotes":""},"class_list":["post-275","page","type-page","status-publish","hentry"],"acf":[],"yoast_head":"<!-- This site is optimized with the Yoast SEO plugin v27.0 - https:\/\/yoast.com\/product\/yoast-seo-wordpress\/ -->\n<title>References - MMM-Vukeli\u0107<\/title>\n<meta name=\"robots\" content=\"noindex, follow, max-snippet:-1, max-image-preview:large, max-video-preview:-1\" \/>\n<meta property=\"og:locale\" content=\"en_US\" \/>\n<meta property=\"og:type\" content=\"article\" \/>\n<meta property=\"og:title\" content=\"References - MMM-Vukeli\u0107\" \/>\n<meta property=\"og:description\" content=\"Etno farm &#8220;Mirnovec&#8221;, Samobor Library &#8220;Ante Jagar&#8221; \u2013 Lipovljani HEP Zagreb Music Academy, Zagreb P.A. Nature Park &#8220;Lonjsko polje&#8221; Pizzeria &amp; Grill &#8220;Karlo&#8221;, Novska \u0160umarija Novska Faculty of forestry, Zagreb Technical Museum &#8220;Nikola Tesla&#8221; Zagreb Association of Craftsmen, Novska Uprava \u0161uma Nova Gradi\u0161ka &#8220;Villa Savi\u0107&#8221; Lipik Church st. Nikola, Banova Jaruga City of Novska Nexe [&hellip;]\" \/>\n<meta property=\"og:url\" content=\"https:\/\/beta.mmm-vukelic.hr\/en\/references\/\" \/>\n<meta property=\"og:site_name\" content=\"MMM-Vukeli\u0107\" \/>\n<meta property=\"article:modified_time\" content=\"2019-01-07T07:59:21+00:00\" \/>\n<meta name=\"twitter:card\" content=\"summary_large_image\" \/>\n<meta name=\"twitter:label1\" content=\"Est. reading time\" \/>\n\t<meta name=\"twitter:data1\" content=\"2 minutes\" \/>\n<script type=\"application\/ld+json\" class=\"yoast-schema-graph\">{\"@context\":\"https:\/\/schema.org\",\"@graph\":[{\"@type\":\"WebPage\",\"@id\":\"https:\/\/beta.mmm-vukelic.hr\/en\/references\/\",\"url\":\"https:\/\/beta.mmm-vukelic.hr\/en\/references\/\",\"name\":\"References - MMM-Vukeli\u0107\",\"isPartOf\":{\"@id\":\"https:\/\/beta.mmm-vukelic.hr\/#website\"},\"datePublished\":\"2018-01-05T10:59:08+00:00\",\"dateModified\":\"2019-01-07T07:59:21+00:00\",\"breadcrumb\":{\"@id\":\"https:\/\/beta.mmm-vukelic.hr\/en\/references\/#breadcrumb\"},\"inLanguage\":\"en-US\",\"potentialAction\":[{\"@type\":\"ReadAction\",\"target\":[\"https:\/\/beta.mmm-vukelic.hr\/en\/references\/\"]}]},{\"@type\":\"BreadcrumbList\",\"@id\":\"https:\/\/beta.mmm-vukelic.hr\/en\/references\/#breadcrumb\",\"itemListElement\":[{\"@type\":\"ListItem\",\"position\":1,\"name\":\"MMM-Vukeli\u0107\",\"item\":\"https:\/\/beta.mmm-vukelic.hr\/en\/\"},{\"@type\":\"ListItem\",\"position\":2,\"name\":\"References\"}]},{\"@type\":\"WebSite\",\"@id\":\"https:\/\/beta.mmm-vukelic.hr\/#website\",\"url\":\"https:\/\/beta.mmm-vukelic.hr\/\",\"name\":\"MMM-Vukeli\u0107\",\"description\":\"Drvna industrija\",\"potentialAction\":[{\"@type\":\"SearchAction\",\"target\":{\"@type\":\"EntryPoint\",\"urlTemplate\":\"https:\/\/beta.mmm-vukelic.hr\/?s={search_term_string}\"},\"query-input\":{\"@type\":\"PropertyValueSpecification\",\"valueRequired\":true,\"valueName\":\"search_term_string\"}}],\"inLanguage\":\"en-US\"}]}<\/script>\n<!-- \/ Yoast SEO plugin. -->","yoast_head_json":{"title":"References - MMM-Vukeli\u0107","robots":{"index":"noindex","follow":"follow","max-snippet":"max-snippet:-1","max-image-preview":"max-image-preview:large","max-video-preview":"max-video-preview:-1"},"og_locale":"en_US","og_type":"article","og_title":"References - MMM-Vukeli\u0107","og_description":"Etno farm &#8220;Mirnovec&#8221;, Samobor Library &#8220;Ante Jagar&#8221; \u2013 Lipovljani HEP Zagreb Music Academy, Zagreb P.A. Nature Park &#8220;Lonjsko polje&#8221; Pizzeria &amp; Grill &#8220;Karlo&#8221;, Novska \u0160umarija Novska Faculty of forestry, Zagreb Technical Museum &#8220;Nikola Tesla&#8221; Zagreb Association of Craftsmen, Novska Uprava \u0161uma Nova Gradi\u0161ka &#8220;Villa Savi\u0107&#8221; Lipik Church st. Nikola, Banova Jaruga City of Novska Nexe [&hellip;]","og_url":"https:\/\/beta.mmm-vukelic.hr\/en\/references\/","og_site_name":"MMM-Vukeli\u0107","article_modified_time":"2019-01-07T07:59:21+00:00","twitter_card":"summary_large_image","twitter_misc":{"Est. reading time":"2 minutes"},"schema":{"@context":"https:\/\/schema.org","@graph":[{"@type":"WebPage","@id":"https:\/\/beta.mmm-vukelic.hr\/en\/references\/","url":"https:\/\/beta.mmm-vukelic.hr\/en\/references\/","name":"References - MMM-Vukeli\u0107","isPartOf":{"@id":"https:\/\/beta.mmm-vukelic.hr\/#website"},"datePublished":"2018-01-05T10:59:08+00:00","dateModified":"2019-01-07T07:59:21+00:00","breadcrumb":{"@id":"https:\/\/beta.mmm-vukelic.hr\/en\/references\/#breadcrumb"},"inLanguage":"en-US","potentialAction":[{"@type":"ReadAction","target":["https:\/\/beta.mmm-vukelic.hr\/en\/references\/"]}]},{"@type":"BreadcrumbList","@id":"https:\/\/beta.mmm-vukelic.hr\/en\/references\/#breadcrumb","itemListElement":[{"@type":"ListItem","position":1,"name":"MMM-Vukeli\u0107","item":"https:\/\/beta.mmm-vukelic.hr\/en\/"},{"@type":"ListItem","position":2,"name":"References"}]},{"@type":"WebSite","@id":"https:\/\/beta.mmm-vukelic.hr\/#website","url":"https:\/\/beta.mmm-vukelic.hr\/","name":"MMM-Vukeli\u0107","description":"Drvna industrija","potentialAction":[{"@type":"SearchAction","target":{"@type":"EntryPoint","urlTemplate":"https:\/\/beta.mmm-vukelic.hr\/?s={search_term_string}"},"query-input":{"@type":"PropertyValueSpecification","valueRequired":true,"valueName":"search_term_string"}}],"inLanguage":"en-US"}]}},"_links":{"self":[{"href":"https:\/\/beta.mmm-vukelic.hr\/en\/wp-json\/wp\/v2\/pages\/275","targetHints":{"allow":["GET"]}}],"collection":[{"href":"https:\/\/beta.mmm-vukelic.hr\/en\/wp-json\/wp\/v2\/pages"}],"about":[{"href":"https:\/\/beta.mmm-vukelic.hr\/en\/wp-json\/wp\/v2\/types\/page"}],"author":[{"embeddable":true,"href":"https:\/\/beta.mmm-vukelic.hr\/en\/wp-json\/wp\/v2\/users\/1"}],"replies":[{"embeddable":true,"href":"https:\/\/beta.mmm-vukelic.hr\/en\/wp-json\/wp\/v2\/comments?post=275"}],"version-history":[{"count":0,"href":"https:\/\/beta.mmm-vukelic.hr\/en\/wp-json\/wp\/v2\/pages\/275\/revisions"}],"wp:attachment":[{"href":"https:\/\/beta.mmm-vukelic.hr\/en\/wp-json\/wp\/v2\/media?parent=275"}],"curies":[{"name":"wp","href":"https:\/\/api.w.org\/{rel}","templated":true}]}}