{"id":4069,"date":"2018-01-24T10:24:11","date_gmt":"2018-01-24T10:24:11","guid":{"rendered":"https:\/\/beta.mmm-vukelic.hr\/product\/seljacki-pod-natur\/"},"modified":"2021-06-17T09:10:58","modified_gmt":"2021-06-17T09:10:58","slug":"solid-multi-layer-floor-oak-natural","status":"publish","type":"product","link":"https:\/\/beta.mmm-vukelic.hr\/en\/product\/parquet-and-flooring\/solid-multi-layer-floors\/solid-multi-layer-floor-oak-natural\/","title":{"rendered":"Solid multi-layer floor Oak Natural"},"content":{"rendered":"<p>Solid multi-layer floors<\/p>\n<ul>\n<li>Massive wood floors: <strong>oak<\/strong>, ash, cherry, elm<\/li>\n<li>Rounded edges of the V join<\/li>\n<\/ul>\n<p>Class:<\/p>\n<ul>\n<li><strong>Natural<\/strong><\/li>\n<li>Rustic<\/li>\n<\/ul>\n<p><img loading=\"lazy\" decoding=\"async\" class=\"wp-image-11670 size-full alignleft\" src=\"https:\/\/beta.mmm-vukelic.hr\/wp-content\/uploads\/2021\/02\/presjek-poda-png-550-2.jpg\" alt=\"\" width=\"550\" height=\"413\" srcset=\"https:\/\/beta.mmm-vukelic.hr\/wp-content\/uploads\/2021\/02\/presjek-poda-png-550-2.jpg 550w, https:\/\/beta.mmm-vukelic.hr\/wp-content\/uploads\/2021\/02\/presjek-poda-png-550-2-300x225.jpg 300w\" sizes=\"auto, (max-width: 550px) 100vw, 550px\" \/><\/p>\n","protected":false},"excerpt":{"rendered":"<p>Solid multi-layer floors Massive wood floors: oak, ash, cherry, elm Rounded edges of the V join Class: Natural Rustic<\/p>\n","protected":false},"featured_media":11492,"template":"","meta":{"_acf_changed":false},"product_brand":[],"product_cat":[210,216],"product_tag":[],"class_list":{"0":"post-4069","1":"product","2":"type-product","3":"status-publish","4":"has-post-thumbnail","6":"product_cat-parquet-and-flooring","7":"product_cat-solid-multi-layer-floors","9":"first","10":"instock","11":"shipping-taxable","12":"product-type-simple"},"acf":[],"yoast_head":"<!-- This site is optimized with the Yoast SEO plugin v27.0 - https:\/\/yoast.com\/product\/yoast-seo-wordpress\/ -->\n<title>Solid multi-layer floor Oak Natural - MMM-Vukeli\u0107<\/title>\n<meta name=\"robots\" content=\"noindex, follow, max-snippet:-1, max-image-preview:large, max-video-preview:-1\" \/>\n<meta property=\"og:locale\" content=\"en_US\" \/>\n<meta property=\"og:type\" content=\"article\" \/>\n<meta property=\"og:title\" content=\"Solid multi-layer floor Oak Natural - MMM-Vukeli\u0107\" \/>\n<meta property=\"og:description\" content=\"Solid multi-layer floors Massive wood floors: oak, ash, cherry, elm Rounded edges of the V join Class: Natural Rustic\" \/>\n<meta property=\"og:url\" content=\"https:\/\/beta.mmm-vukelic.hr\/en\/product\/parquet-and-flooring\/solid-multi-layer-floors\/solid-multi-layer-floor-oak-natural\/\" \/>\n<meta property=\"og:site_name\" content=\"MMM-Vukeli\u0107\" \/>\n<meta property=\"article:modified_time\" content=\"2021-06-17T09:10:58+00:00\" \/>\n<meta property=\"og:image\" content=\"https:\/\/beta.mmm-vukelic.hr\/wp-content\/uploads\/2018\/01\/Selja\u010dki-pod-Hrast-Natur-MMM-Vukeli\u0107-3.jpg\" \/>\n\t<meta property=\"og:image:width\" content=\"822\" \/>\n\t<meta property=\"og:image:height\" content=\"683\" \/>\n\t<meta property=\"og:image:type\" content=\"image\/jpeg\" \/>\n<meta name=\"twitter:card\" content=\"summary_large_image\" \/>\n<script type=\"application\/ld+json\" class=\"yoast-schema-graph\">{\"@context\":\"https:\/\/schema.org\",\"@graph\":[{\"@type\":\"WebPage\",\"@id\":\"https:\/\/beta.mmm-vukelic.hr\/en\/product\/parquet-and-flooring\/solid-multi-layer-floors\/solid-multi-layer-floor-oak-natural\/\",\"url\":\"https:\/\/beta.mmm-vukelic.hr\/en\/product\/parquet-and-flooring\/solid-multi-layer-floors\/solid-multi-layer-floor-oak-natural\/\",\"name\":\"Solid multi-layer floor Oak Natural - MMM-Vukeli\u0107\",\"isPartOf\":{\"@id\":\"https:\/\/beta.mmm-vukelic.hr\/#website\"},\"primaryImageOfPage\":{\"@id\":\"https:\/\/beta.mmm-vukelic.hr\/en\/product\/parquet-and-flooring\/solid-multi-layer-floors\/solid-multi-layer-floor-oak-natural\/#primaryimage\"},\"image\":{\"@id\":\"https:\/\/beta.mmm-vukelic.hr\/en\/product\/parquet-and-flooring\/solid-multi-layer-floors\/solid-multi-layer-floor-oak-natural\/#primaryimage\"},\"thumbnailUrl\":\"https:\/\/beta.mmm-vukelic.hr\/wp-content\/uploads\/2018\/01\/Selja\u010dki-pod-Hrast-Natur-MMM-Vukeli\u0107-3.jpg\",\"datePublished\":\"2018-01-24T10:24:11+00:00\",\"dateModified\":\"2021-06-17T09:10:58+00:00\",\"breadcrumb\":{\"@id\":\"https:\/\/beta.mmm-vukelic.hr\/en\/product\/parquet-and-flooring\/solid-multi-layer-floors\/solid-multi-layer-floor-oak-natural\/#breadcrumb\"},\"inLanguage\":\"en-US\",\"potentialAction\":[{\"@type\":\"ReadAction\",\"target\":[\"https:\/\/beta.mmm-vukelic.hr\/en\/product\/parquet-and-flooring\/solid-multi-layer-floors\/solid-multi-layer-floor-oak-natural\/\"]}]},{\"@type\":\"ImageObject\",\"inLanguage\":\"en-US\",\"@id\":\"https:\/\/beta.mmm-vukelic.hr\/en\/product\/parquet-and-flooring\/solid-multi-layer-floors\/solid-multi-layer-floor-oak-natural\/#primaryimage\",\"url\":\"https:\/\/beta.mmm-vukelic.hr\/wp-content\/uploads\/2018\/01\/Selja\u010dki-pod-Hrast-Natur-MMM-Vukeli\u0107-3.jpg\",\"contentUrl\":\"https:\/\/beta.mmm-vukelic.hr\/wp-content\/uploads\/2018\/01\/Selja\u010dki-pod-Hrast-Natur-MMM-Vukeli\u0107-3.jpg\",\"width\":822,\"height\":683,\"caption\":\"selja\u010dki pod hrast NATUR\"},{\"@type\":\"BreadcrumbList\",\"@id\":\"https:\/\/beta.mmm-vukelic.hr\/en\/product\/parquet-and-flooring\/solid-multi-layer-floors\/solid-multi-layer-floor-oak-natural\/#breadcrumb\",\"itemListElement\":[{\"@type\":\"ListItem\",\"position\":1,\"name\":\"MMM-Vukeli\u0107\",\"item\":\"https:\/\/beta.mmm-vukelic.hr\/en\/\"},{\"@type\":\"ListItem\",\"position\":2,\"name\":\"Assortment\",\"item\":\"https:\/\/beta.mmm-vukelic.hr\/en\/assortment\/\"},{\"@type\":\"ListItem\",\"position\":3,\"name\":\"Solid multi-layer floor Oak Natural\"}]},{\"@type\":\"WebSite\",\"@id\":\"https:\/\/beta.mmm-vukelic.hr\/#website\",\"url\":\"https:\/\/beta.mmm-vukelic.hr\/\",\"name\":\"MMM-Vukeli\u0107\",\"description\":\"Drvna industrija\",\"potentialAction\":[{\"@type\":\"SearchAction\",\"target\":{\"@type\":\"EntryPoint\",\"urlTemplate\":\"https:\/\/beta.mmm-vukelic.hr\/?s={search_term_string}\"},\"query-input\":{\"@type\":\"PropertyValueSpecification\",\"valueRequired\":true,\"valueName\":\"search_term_string\"}}],\"inLanguage\":\"en-US\"}]}<\/script>\n<!-- \/ Yoast SEO plugin. -->","yoast_head_json":{"title":"Solid multi-layer floor Oak Natural - MMM-Vukeli\u0107","robots":{"index":"noindex","follow":"follow","max-snippet":"max-snippet:-1","max-image-preview":"max-image-preview:large","max-video-preview":"max-video-preview:-1"},"og_locale":"en_US","og_type":"article","og_title":"Solid multi-layer floor Oak Natural - MMM-Vukeli\u0107","og_description":"Solid multi-layer floors Massive wood floors: oak, ash, cherry, elm Rounded edges of the V join Class: Natural Rustic","og_url":"https:\/\/beta.mmm-vukelic.hr\/en\/product\/parquet-and-flooring\/solid-multi-layer-floors\/solid-multi-layer-floor-oak-natural\/","og_site_name":"MMM-Vukeli\u0107","article_modified_time":"2021-06-17T09:10:58+00:00","og_image":[{"width":822,"height":683,"url":"https:\/\/beta.mmm-vukelic.hr\/wp-content\/uploads\/2018\/01\/Selja\u010dki-pod-Hrast-Natur-MMM-Vukeli\u0107-3.jpg","type":"image\/jpeg"}],"twitter_card":"summary_large_image","schema":{"@context":"https:\/\/schema.org","@graph":[{"@type":"WebPage","@id":"https:\/\/beta.mmm-vukelic.hr\/en\/product\/parquet-and-flooring\/solid-multi-layer-floors\/solid-multi-layer-floor-oak-natural\/","url":"https:\/\/beta.mmm-vukelic.hr\/en\/product\/parquet-and-flooring\/solid-multi-layer-floors\/solid-multi-layer-floor-oak-natural\/","name":"Solid multi-layer floor Oak Natural - MMM-Vukeli\u0107","isPartOf":{"@id":"https:\/\/beta.mmm-vukelic.hr\/#website"},"primaryImageOfPage":{"@id":"https:\/\/beta.mmm-vukelic.hr\/en\/product\/parquet-and-flooring\/solid-multi-layer-floors\/solid-multi-layer-floor-oak-natural\/#primaryimage"},"image":{"@id":"https:\/\/beta.mmm-vukelic.hr\/en\/product\/parquet-and-flooring\/solid-multi-layer-floors\/solid-multi-layer-floor-oak-natural\/#primaryimage"},"thumbnailUrl":"https:\/\/beta.mmm-vukelic.hr\/wp-content\/uploads\/2018\/01\/Selja\u010dki-pod-Hrast-Natur-MMM-Vukeli\u0107-3.jpg","datePublished":"2018-01-24T10:24:11+00:00","dateModified":"2021-06-17T09:10:58+00:00","breadcrumb":{"@id":"https:\/\/beta.mmm-vukelic.hr\/en\/product\/parquet-and-flooring\/solid-multi-layer-floors\/solid-multi-layer-floor-oak-natural\/#breadcrumb"},"inLanguage":"en-US","potentialAction":[{"@type":"ReadAction","target":["https:\/\/beta.mmm-vukelic.hr\/en\/product\/parquet-and-flooring\/solid-multi-layer-floors\/solid-multi-layer-floor-oak-natural\/"]}]},{"@type":"ImageObject","inLanguage":"en-US","@id":"https:\/\/beta.mmm-vukelic.hr\/en\/product\/parquet-and-flooring\/solid-multi-layer-floors\/solid-multi-layer-floor-oak-natural\/#primaryimage","url":"https:\/\/beta.mmm-vukelic.hr\/wp-content\/uploads\/2018\/01\/Selja\u010dki-pod-Hrast-Natur-MMM-Vukeli\u0107-3.jpg","contentUrl":"https:\/\/beta.mmm-vukelic.hr\/wp-content\/uploads\/2018\/01\/Selja\u010dki-pod-Hrast-Natur-MMM-Vukeli\u0107-3.jpg","width":822,"height":683,"caption":"selja\u010dki pod hrast NATUR"},{"@type":"BreadcrumbList","@id":"https:\/\/beta.mmm-vukelic.hr\/en\/product\/parquet-and-flooring\/solid-multi-layer-floors\/solid-multi-layer-floor-oak-natural\/#breadcrumb","itemListElement":[{"@type":"ListItem","position":1,"name":"MMM-Vukeli\u0107","item":"https:\/\/beta.mmm-vukelic.hr\/en\/"},{"@type":"ListItem","position":2,"name":"Assortment","item":"https:\/\/beta.mmm-vukelic.hr\/en\/assortment\/"},{"@type":"ListItem","position":3,"name":"Solid multi-layer floor Oak Natural"}]},{"@type":"WebSite","@id":"https:\/\/beta.mmm-vukelic.hr\/#website","url":"https:\/\/beta.mmm-vukelic.hr\/","name":"MMM-Vukeli\u0107","description":"Drvna industrija","potentialAction":[{"@type":"SearchAction","target":{"@type":"EntryPoint","urlTemplate":"https:\/\/beta.mmm-vukelic.hr\/?s={search_term_string}"},"query-input":{"@type":"PropertyValueSpecification","valueRequired":true,"valueName":"search_term_string"}}],"inLanguage":"en-US"}]}},"_links":{"self":[{"href":"https:\/\/beta.mmm-vukelic.hr\/en\/wp-json\/wp\/v2\/product\/4069","targetHints":{"allow":["GET"]}}],"collection":[{"href":"https:\/\/beta.mmm-vukelic.hr\/en\/wp-json\/wp\/v2\/product"}],"about":[{"href":"https:\/\/beta.mmm-vukelic.hr\/en\/wp-json\/wp\/v2\/types\/product"}],"wp:featuredmedia":[{"embeddable":true,"href":"https:\/\/beta.mmm-vukelic.hr\/en\/wp-json\/wp\/v2\/media\/11492"}],"wp:attachment":[{"href":"https:\/\/beta.mmm-vukelic.hr\/en\/wp-json\/wp\/v2\/media?parent=4069"}],"wp:term":[{"taxonomy":"product_brand","embeddable":true,"href":"https:\/\/beta.mmm-vukelic.hr\/en\/wp-json\/wp\/v2\/product_brand?post=4069"},{"taxonomy":"product_cat","embeddable":true,"href":"https:\/\/beta.mmm-vukelic.hr\/en\/wp-json\/wp\/v2\/product_cat?post=4069"},{"taxonomy":"product_tag","embeddable":true,"href":"https:\/\/beta.mmm-vukelic.hr\/en\/wp-json\/wp\/v2\/product_tag?post=4069"}],"curies":[{"name":"wp","href":"https:\/\/api.w.org\/{rel}","templated":true}]}}