{"id":4080,"date":"2018-01-24T10:25:12","date_gmt":"2018-01-24T10:25:12","guid":{"rendered":"https:\/\/beta.mmm-vukelic.hr\/product\/seljacki-pod-hrast-duzinski-spajan\/"},"modified":"2021-02-11T14:24:36","modified_gmt":"2021-02-11T14:24:36","slug":"finger-joint-plank-flooring","status":"publish","type":"product","link":"https:\/\/beta.mmm-vukelic.hr\/en\/product\/parquet-and-flooring\/solid-multi-layer-floors\/finger-joint-plank-flooring\/","title":{"rendered":"Finger joint plank flooring"},"content":{"rendered":"<p>FINGER JOINT GLUED PLANK FLOORING<\/p>\n<ul>\n<li>Massive wood plank floors: oak, ash, cherry, elm<\/li>\n<li>Rounded edges of the V joint<\/li>\n<li>Finishing smooth or brush<\/li>\n<\/ul>\n<p>Class:<\/p>\n<ul>\n<li>Natural<\/li>\n<li>Rustic<\/li>\n<\/ul>\n","protected":false},"excerpt":{"rendered":"<p>FINGER JOINT GLUED PLANK FLOORING Massive wood plank floors: oak, ash, cherry, elm Rounded edges of the V joint Finishing smooth or brush Class: Natural Rustic<\/p>\n","protected":false},"featured_media":11528,"template":"","meta":{"_acf_changed":false},"product_brand":[],"product_cat":[210,216],"product_tag":[],"class_list":{"0":"post-4080","1":"product","2":"type-product","3":"status-publish","4":"has-post-thumbnail","6":"product_cat-parquet-and-flooring","7":"product_cat-solid-multi-layer-floors","9":"first","10":"outofstock","11":"shipping-taxable","12":"product-type-simple"},"acf":[],"yoast_head":"<!-- This site is optimized with the Yoast SEO plugin v27.0 - https:\/\/yoast.com\/product\/yoast-seo-wordpress\/ -->\n<title>Finger joint plank flooring - MMM-Vukeli\u0107<\/title>\n<meta name=\"robots\" content=\"noindex, follow, max-snippet:-1, max-image-preview:large, max-video-preview:-1\" \/>\n<meta property=\"og:locale\" content=\"en_US\" \/>\n<meta property=\"og:type\" content=\"article\" \/>\n<meta property=\"og:title\" content=\"Finger joint plank flooring - MMM-Vukeli\u0107\" \/>\n<meta property=\"og:description\" content=\"FINGER JOINT GLUED PLANK FLOORING Massive wood plank floors: oak, ash, cherry, elm Rounded edges of the V joint Finishing smooth or brush Class: Natural Rustic\" \/>\n<meta property=\"og:url\" content=\"https:\/\/beta.mmm-vukelic.hr\/en\/product\/parquet-and-flooring\/solid-multi-layer-floors\/finger-joint-plank-flooring\/\" \/>\n<meta property=\"og:site_name\" content=\"MMM-Vukeli\u0107\" \/>\n<meta property=\"article:modified_time\" content=\"2021-02-11T14:24:36+00:00\" \/>\n<meta property=\"og:image\" content=\"https:\/\/beta.mmm-vukelic.hr\/wp-content\/uploads\/2018\/01\/Selja\u010dki-pod-FJ-du\u017einsko-\u0161irinski-spajan.jpg\" \/>\n\t<meta property=\"og:image:width\" content=\"800\" \/>\n\t<meta property=\"og:image:height\" content=\"671\" \/>\n\t<meta property=\"og:image:type\" content=\"image\/jpeg\" \/>\n<meta name=\"twitter:card\" content=\"summary_large_image\" \/>\n<script type=\"application\/ld+json\" class=\"yoast-schema-graph\">{\"@context\":\"https:\/\/schema.org\",\"@graph\":[{\"@type\":\"WebPage\",\"@id\":\"https:\/\/beta.mmm-vukelic.hr\/en\/product\/parquet-and-flooring\/solid-multi-layer-floors\/finger-joint-plank-flooring\/\",\"url\":\"https:\/\/beta.mmm-vukelic.hr\/en\/product\/parquet-and-flooring\/solid-multi-layer-floors\/finger-joint-plank-flooring\/\",\"name\":\"Finger joint plank flooring - MMM-Vukeli\u0107\",\"isPartOf\":{\"@id\":\"https:\/\/beta.mmm-vukelic.hr\/#website\"},\"primaryImageOfPage\":{\"@id\":\"https:\/\/beta.mmm-vukelic.hr\/en\/product\/parquet-and-flooring\/solid-multi-layer-floors\/finger-joint-plank-flooring\/#primaryimage\"},\"image\":{\"@id\":\"https:\/\/beta.mmm-vukelic.hr\/en\/product\/parquet-and-flooring\/solid-multi-layer-floors\/finger-joint-plank-flooring\/#primaryimage\"},\"thumbnailUrl\":\"https:\/\/beta.mmm-vukelic.hr\/wp-content\/uploads\/2018\/01\/Selja\u010dki-pod-FJ-du\u017einsko-\u0161irinski-spajan.jpg\",\"datePublished\":\"2018-01-24T10:25:12+00:00\",\"dateModified\":\"2021-02-11T14:24:36+00:00\",\"breadcrumb\":{\"@id\":\"https:\/\/beta.mmm-vukelic.hr\/en\/product\/parquet-and-flooring\/solid-multi-layer-floors\/finger-joint-plank-flooring\/#breadcrumb\"},\"inLanguage\":\"en-US\",\"potentialAction\":[{\"@type\":\"ReadAction\",\"target\":[\"https:\/\/beta.mmm-vukelic.hr\/en\/product\/parquet-and-flooring\/solid-multi-layer-floors\/finger-joint-plank-flooring\/\"]}]},{\"@type\":\"ImageObject\",\"inLanguage\":\"en-US\",\"@id\":\"https:\/\/beta.mmm-vukelic.hr\/en\/product\/parquet-and-flooring\/solid-multi-layer-floors\/finger-joint-plank-flooring\/#primaryimage\",\"url\":\"https:\/\/beta.mmm-vukelic.hr\/wp-content\/uploads\/2018\/01\/Selja\u010dki-pod-FJ-du\u017einsko-\u0161irinski-spajan.jpg\",\"contentUrl\":\"https:\/\/beta.mmm-vukelic.hr\/wp-content\/uploads\/2018\/01\/Selja\u010dki-pod-FJ-du\u017einsko-\u0161irinski-spajan.jpg\",\"width\":800,\"height\":671},{\"@type\":\"BreadcrumbList\",\"@id\":\"https:\/\/beta.mmm-vukelic.hr\/en\/product\/parquet-and-flooring\/solid-multi-layer-floors\/finger-joint-plank-flooring\/#breadcrumb\",\"itemListElement\":[{\"@type\":\"ListItem\",\"position\":1,\"name\":\"MMM-Vukeli\u0107\",\"item\":\"https:\/\/beta.mmm-vukelic.hr\/en\/\"},{\"@type\":\"ListItem\",\"position\":2,\"name\":\"Assortment\",\"item\":\"https:\/\/beta.mmm-vukelic.hr\/en\/assortment\/\"},{\"@type\":\"ListItem\",\"position\":3,\"name\":\"Finger joint plank flooring\"}]},{\"@type\":\"WebSite\",\"@id\":\"https:\/\/beta.mmm-vukelic.hr\/#website\",\"url\":\"https:\/\/beta.mmm-vukelic.hr\/\",\"name\":\"MMM-Vukeli\u0107\",\"description\":\"Drvna industrija\",\"potentialAction\":[{\"@type\":\"SearchAction\",\"target\":{\"@type\":\"EntryPoint\",\"urlTemplate\":\"https:\/\/beta.mmm-vukelic.hr\/?s={search_term_string}\"},\"query-input\":{\"@type\":\"PropertyValueSpecification\",\"valueRequired\":true,\"valueName\":\"search_term_string\"}}],\"inLanguage\":\"en-US\"}]}<\/script>\n<!-- \/ Yoast SEO plugin. -->","yoast_head_json":{"title":"Finger joint plank flooring - MMM-Vukeli\u0107","robots":{"index":"noindex","follow":"follow","max-snippet":"max-snippet:-1","max-image-preview":"max-image-preview:large","max-video-preview":"max-video-preview:-1"},"og_locale":"en_US","og_type":"article","og_title":"Finger joint plank flooring - MMM-Vukeli\u0107","og_description":"FINGER JOINT GLUED PLANK FLOORING Massive wood plank floors: oak, ash, cherry, elm Rounded edges of the V joint Finishing smooth or brush Class: Natural Rustic","og_url":"https:\/\/beta.mmm-vukelic.hr\/en\/product\/parquet-and-flooring\/solid-multi-layer-floors\/finger-joint-plank-flooring\/","og_site_name":"MMM-Vukeli\u0107","article_modified_time":"2021-02-11T14:24:36+00:00","og_image":[{"width":800,"height":671,"url":"https:\/\/beta.mmm-vukelic.hr\/wp-content\/uploads\/2018\/01\/Selja\u010dki-pod-FJ-du\u017einsko-\u0161irinski-spajan.jpg","type":"image\/jpeg"}],"twitter_card":"summary_large_image","schema":{"@context":"https:\/\/schema.org","@graph":[{"@type":"WebPage","@id":"https:\/\/beta.mmm-vukelic.hr\/en\/product\/parquet-and-flooring\/solid-multi-layer-floors\/finger-joint-plank-flooring\/","url":"https:\/\/beta.mmm-vukelic.hr\/en\/product\/parquet-and-flooring\/solid-multi-layer-floors\/finger-joint-plank-flooring\/","name":"Finger joint plank flooring - MMM-Vukeli\u0107","isPartOf":{"@id":"https:\/\/beta.mmm-vukelic.hr\/#website"},"primaryImageOfPage":{"@id":"https:\/\/beta.mmm-vukelic.hr\/en\/product\/parquet-and-flooring\/solid-multi-layer-floors\/finger-joint-plank-flooring\/#primaryimage"},"image":{"@id":"https:\/\/beta.mmm-vukelic.hr\/en\/product\/parquet-and-flooring\/solid-multi-layer-floors\/finger-joint-plank-flooring\/#primaryimage"},"thumbnailUrl":"https:\/\/beta.mmm-vukelic.hr\/wp-content\/uploads\/2018\/01\/Selja\u010dki-pod-FJ-du\u017einsko-\u0161irinski-spajan.jpg","datePublished":"2018-01-24T10:25:12+00:00","dateModified":"2021-02-11T14:24:36+00:00","breadcrumb":{"@id":"https:\/\/beta.mmm-vukelic.hr\/en\/product\/parquet-and-flooring\/solid-multi-layer-floors\/finger-joint-plank-flooring\/#breadcrumb"},"inLanguage":"en-US","potentialAction":[{"@type":"ReadAction","target":["https:\/\/beta.mmm-vukelic.hr\/en\/product\/parquet-and-flooring\/solid-multi-layer-floors\/finger-joint-plank-flooring\/"]}]},{"@type":"ImageObject","inLanguage":"en-US","@id":"https:\/\/beta.mmm-vukelic.hr\/en\/product\/parquet-and-flooring\/solid-multi-layer-floors\/finger-joint-plank-flooring\/#primaryimage","url":"https:\/\/beta.mmm-vukelic.hr\/wp-content\/uploads\/2018\/01\/Selja\u010dki-pod-FJ-du\u017einsko-\u0161irinski-spajan.jpg","contentUrl":"https:\/\/beta.mmm-vukelic.hr\/wp-content\/uploads\/2018\/01\/Selja\u010dki-pod-FJ-du\u017einsko-\u0161irinski-spajan.jpg","width":800,"height":671},{"@type":"BreadcrumbList","@id":"https:\/\/beta.mmm-vukelic.hr\/en\/product\/parquet-and-flooring\/solid-multi-layer-floors\/finger-joint-plank-flooring\/#breadcrumb","itemListElement":[{"@type":"ListItem","position":1,"name":"MMM-Vukeli\u0107","item":"https:\/\/beta.mmm-vukelic.hr\/en\/"},{"@type":"ListItem","position":2,"name":"Assortment","item":"https:\/\/beta.mmm-vukelic.hr\/en\/assortment\/"},{"@type":"ListItem","position":3,"name":"Finger joint plank flooring"}]},{"@type":"WebSite","@id":"https:\/\/beta.mmm-vukelic.hr\/#website","url":"https:\/\/beta.mmm-vukelic.hr\/","name":"MMM-Vukeli\u0107","description":"Drvna industrija","potentialAction":[{"@type":"SearchAction","target":{"@type":"EntryPoint","urlTemplate":"https:\/\/beta.mmm-vukelic.hr\/?s={search_term_string}"},"query-input":{"@type":"PropertyValueSpecification","valueRequired":true,"valueName":"search_term_string"}}],"inLanguage":"en-US"}]}},"_links":{"self":[{"href":"https:\/\/beta.mmm-vukelic.hr\/en\/wp-json\/wp\/v2\/product\/4080","targetHints":{"allow":["GET"]}}],"collection":[{"href":"https:\/\/beta.mmm-vukelic.hr\/en\/wp-json\/wp\/v2\/product"}],"about":[{"href":"https:\/\/beta.mmm-vukelic.hr\/en\/wp-json\/wp\/v2\/types\/product"}],"wp:featuredmedia":[{"embeddable":true,"href":"https:\/\/beta.mmm-vukelic.hr\/en\/wp-json\/wp\/v2\/media\/11528"}],"wp:attachment":[{"href":"https:\/\/beta.mmm-vukelic.hr\/en\/wp-json\/wp\/v2\/media?parent=4080"}],"wp:term":[{"taxonomy":"product_brand","embeddable":true,"href":"https:\/\/beta.mmm-vukelic.hr\/en\/wp-json\/wp\/v2\/product_brand?post=4080"},{"taxonomy":"product_cat","embeddable":true,"href":"https:\/\/beta.mmm-vukelic.hr\/en\/wp-json\/wp\/v2\/product_cat?post=4080"},{"taxonomy":"product_tag","embeddable":true,"href":"https:\/\/beta.mmm-vukelic.hr\/en\/wp-json\/wp\/v2\/product_tag?post=4080"}],"curies":[{"name":"wp","href":"https:\/\/api.w.org\/{rel}","templated":true}]}}